{"id":61637,"date":"2025-10-29T18:43:08","date_gmt":"2025-10-29T17:43:08","guid":{"rendered":"https:\/\/www.polzela.com\/si\/?post_type=product&#038;p=61637"},"modified":"2026-03-24T09:21:07","modified_gmt":"2026-03-24T08:21:07","slug":"ysabel-mora-hlacne-nogavice-s-pikami-in-srcki-16625","status":"publish","type":"product","link":"https:\/\/www.polzela.com\/si\/product\/ysabel-mora-hlacne-nogavice-s-pikami-in-srcki-16625\/","title":{"rendered":"YSABEL MORA hla\u010dne nogavice s pikami in sr\u010dki 16625"},"content":{"rendered":"","protected":false},"excerpt":{"rendered":"<p data-start=\"526\" data-end=\"757\">Dodajte svojim obla\u010dilom pridih igrive elegance s <strong data-start=\"576\" data-end=\"618\">hla\u010dnimi nogavicami Ysabel Mora 20 DEN<\/strong>.<br data-start=\"619\" data-end=\"622\" \/>Te ne\u017eno prosojne nogavice so okra\u0161ene z o\u010darljivim <strong data-start=\"674\" data-end=\"705\">vzorcem \u010drnih pik in sr\u010dkov<\/strong>, ki ustvarja \u017eenstven, a hkrati trendovski videz.<\/p>\n<p data-start=\"759\" data-end=\"1002\">Izdelane so iz mehke in elasti\u010dne tkanine (88% poliamid, 12% elastan), ki zagotavlja popolno prileganje in udobje skozi ves dan.<br data-start=\"887\" data-end=\"890\" \/>Popolne so za posebne prilo\u017enosti, romanti\u010dne ve\u010dere ali preprosto za trenutke, ko \u017eelite poudariti svoj slog.<\/p>\n<p data-start=\"1004\" data-end=\"1030\"><strong data-start=\"1006\" data-end=\"1028\">Prednosti izdelka:<\/strong><\/p>\n<ul data-start=\"1031\" data-end=\"1266\">\n<li data-start=\"1031\" data-end=\"1067\">\n<p data-start=\"1033\" data-end=\"1067\">Igriv vzorec \u010drnih pik in sr\u010dkov<\/p>\n<\/li>\n<li data-start=\"1068\" data-end=\"1108\">\n<p data-start=\"1070\" data-end=\"1108\">20 DEN \u2013 ne\u017eno prosojne in elegantne<\/p>\n<\/li>\n<li data-start=\"1109\" data-end=\"1149\">\n<p data-start=\"1111\" data-end=\"1149\">Mehak, udoben in raztegljiv material<\/p>\n<\/li>\n<li data-start=\"1150\" data-end=\"1208\">\n<p data-start=\"1152\" data-end=\"1208\">Idealne za vsakodnevno no\u0161enje ali romanti\u010dne trenutke<\/p>\n<\/li>\n<li data-start=\"1209\" data-end=\"1266\">\n<p data-start=\"1211\" data-end=\"1266\">Kakovost Ysabel Mora \u2013 \u0161panska prefinjenost in udobje<\/p>\n<\/li>\n<\/ul>\n<p data-start=\"1268\" data-end=\"1326\">Z <strong data-start=\"1270\" data-end=\"1292\">Ysabel Mora 20 DEN<\/strong> boste o\u010darali z vsakim korakom.<\/p>\n","protected":false},"featured_media":61642,"comment_status":"open","ping_status":"closed","template":"","meta":{"om_disable_all_campaigns":false,"_monsterinsights_skip_tracking":false,"_monsterinsights_sitenote_active":false,"_monsterinsights_sitenote_note":"","_monsterinsights_sitenote_category":0},"product_cat":[42,374],"product_tag":[816,890,1121],"class_list":["post-61637","product","type-product","status-publish","has-post-thumbnail","hentry","product_cat-zenske","product_cat-hlacne-nogavice","product_tag-den","product_tag-hlacne-nogavice","product_tag-ysabel-mora"],"bundled_by":[],"bundle_stock_status":"instock","bundle_stock_quantity":null,"bundle_virtual":false,"bundle_layout":"","bundle_add_to_cart_form_location":"","bundle_editable_in_cart":false,"bundle_sold_individually_context":"","bundle_item_grouping":"","bundle_min_size":"","bundle_max_size":"","bundled_items":[],"bundle_sell_ids":[],"aioseo_notices":[],"_links":{"self":[{"href":"https:\/\/www.polzela.com\/si\/wp-json\/wp\/v2\/product\/61637","targetHints":{"allow":["GET"]}}],"collection":[{"href":"https:\/\/www.polzela.com\/si\/wp-json\/wp\/v2\/product"}],"about":[{"href":"https:\/\/www.polzela.com\/si\/wp-json\/wp\/v2\/types\/product"}],"replies":[{"embeddable":true,"href":"https:\/\/www.polzela.com\/si\/wp-json\/wp\/v2\/comments?post=61637"}],"wp:featuredmedia":[{"embeddable":true,"href":"https:\/\/www.polzela.com\/si\/wp-json\/wp\/v2\/media\/61642"}],"wp:attachment":[{"href":"https:\/\/www.polzela.com\/si\/wp-json\/wp\/v2\/media?parent=61637"}],"wp:term":[{"taxonomy":"product_cat","embeddable":true,"href":"https:\/\/www.polzela.com\/si\/wp-json\/wp\/v2\/product_cat?post=61637"},{"taxonomy":"product_tag","embeddable":true,"href":"https:\/\/www.polzela.com\/si\/wp-json\/wp\/v2\/product_tag?post=61637"}],"curies":[{"name":"wp","href":"https:\/\/api.w.org\/{rel}","templated":true}]}}