{"id":61629,"date":"2025-10-29T18:30:09","date_gmt":"2025-10-29T17:30:09","guid":{"rendered":"https:\/\/www.polzela.com\/si\/?post_type=product&#038;p=61629"},"modified":"2026-01-31T20:47:01","modified_gmt":"2026-01-31T19:47:01","slug":"ysabel-mora-hlacne-nogavice-z-diamantnim-vzorcem-16630","status":"publish","type":"product","link":"https:\/\/www.polzela.com\/si\/product\/ysabel-mora-hlacne-nogavice-z-diamantnim-vzorcem-16630\/","title":{"rendered":"YSABEL MORA hla\u010dne nogavice z diamantnim vzorcem 16630"},"content":{"rendered":"","protected":false},"excerpt":{"rendered":"<p data-start=\"967\" data-end=\"1214\">Odkrijte \u010dar prefinjene elegance s <strong data-start=\"1002\" data-end=\"1044\">hla\u010dnimi nogavicami Ysabel Mora 70 DEN<\/strong>.<br data-start=\"1045\" data-end=\"1048\" \/>Te <strong data-start=\"1051\" data-end=\"1089\">\u010drne, mehke in neprosojne nogavice<\/strong> so izdelane iz kakovostne me\u0161anice <strong data-start=\"1125\" data-end=\"1158\">85% poliamida in 15% elastana<\/strong>, ki zagotavlja udobje, toplino in popolno prileganje.<\/p>\n<p data-start=\"1216\" data-end=\"1473\">Na zadnji strani jih krasi <strong data-start=\"1243\" data-end=\"1291\">vertikalni ble\u0161\u010de\u010d vzorec v obliki diamantov<\/strong>, ki doda pridih glamurja in opti\u010dno podalj\u0161a noge.<br data-start=\"1342\" data-end=\"1345\" \/>Idealne so za hladnej\u0161e dni, ve\u010derne izhode ali posebne prilo\u017enosti, ko \u017eelite zdru\u017eiti <strong data-start=\"1433\" data-end=\"1470\">udobje, toploto in zapeljiv videz<\/strong>.<\/p>\n<p data-start=\"1475\" data-end=\"1501\">\u00a0<strong data-start=\"1477\" data-end=\"1499\">Prednosti izdelka:<\/strong><\/p>\n<ul data-start=\"1502\" data-end=\"1704\">\n<li data-start=\"1502\" data-end=\"1547\">\n<p data-start=\"1504\" data-end=\"1547\">Ble\u0161\u010de\u010d diamantni vzorec na zadnji strani<\/p>\n<\/li>\n<li data-start=\"1548\" data-end=\"1590\">\n<p data-start=\"1550\" data-end=\"1590\">70 DEN &#8211; neprosojne, mehke in obstojne<\/p>\n<\/li>\n<li data-start=\"1591\" data-end=\"1614\">\n<p data-start=\"1593\" data-end=\"1614\">Udobne in elasti\u010dne<\/p>\n<\/li>\n<li data-start=\"1615\" data-end=\"1652\">\n<p data-start=\"1617\" data-end=\"1652\">Elegantna izbira za jesen in zimo<\/p>\n<\/li>\n<li data-start=\"1653\" data-end=\"1704\">\n<p data-start=\"1655\" data-end=\"1704\">Popolne za modne kombinacije in posebne dogodke<\/p>\n<\/li>\n<\/ul>\n<p data-start=\"1706\" data-end=\"1785\">Z <strong data-start=\"1708\" data-end=\"1730\">Ysabel Mora 70 DEN<\/strong> boste vedno videti urejeno, elegantno in samozavestno.<\/p>\n","protected":false},"featured_media":61633,"comment_status":"open","ping_status":"closed","template":"","meta":{"om_disable_all_campaigns":false,"_monsterinsights_skip_tracking":false,"_monsterinsights_sitenote_active":false,"_monsterinsights_sitenote_note":"","_monsterinsights_sitenote_category":0},"product_cat":[42,374],"product_tag":[816,890,1121],"class_list":["post-61629","product","type-product","status-publish","has-post-thumbnail","hentry","product_cat-zenske","product_cat-hlacne-nogavice","product_tag-den","product_tag-hlacne-nogavice","product_tag-ysabel-mora"],"bundled_by":[],"bundle_stock_status":"instock","bundle_stock_quantity":null,"bundle_virtual":false,"bundle_layout":"","bundle_add_to_cart_form_location":"","bundle_editable_in_cart":false,"bundle_sold_individually_context":"","bundle_item_grouping":"","bundle_min_size":"","bundle_max_size":"","bundled_items":[],"bundle_sell_ids":[],"aioseo_notices":[],"_links":{"self":[{"href":"https:\/\/www.polzela.com\/si\/wp-json\/wp\/v2\/product\/61629","targetHints":{"allow":["GET"]}}],"collection":[{"href":"https:\/\/www.polzela.com\/si\/wp-json\/wp\/v2\/product"}],"about":[{"href":"https:\/\/www.polzela.com\/si\/wp-json\/wp\/v2\/types\/product"}],"replies":[{"embeddable":true,"href":"https:\/\/www.polzela.com\/si\/wp-json\/wp\/v2\/comments?post=61629"}],"wp:featuredmedia":[{"embeddable":true,"href":"https:\/\/www.polzela.com\/si\/wp-json\/wp\/v2\/media\/61633"}],"wp:attachment":[{"href":"https:\/\/www.polzela.com\/si\/wp-json\/wp\/v2\/media?parent=61629"}],"wp:term":[{"taxonomy":"product_cat","embeddable":true,"href":"https:\/\/www.polzela.com\/si\/wp-json\/wp\/v2\/product_cat?post=61629"},{"taxonomy":"product_tag","embeddable":true,"href":"https:\/\/www.polzela.com\/si\/wp-json\/wp\/v2\/product_tag?post=61629"}],"curies":[{"name":"wp","href":"https:\/\/api.w.org\/{rel}","templated":true}]}}