{"id":61594,"date":"2025-10-29T10:15:54","date_gmt":"2025-10-29T09:15:54","guid":{"rendered":"https:\/\/www.polzela.com\/si\/?post_type=product&#038;p=61594"},"modified":"2026-02-03T16:22:09","modified_gmt":"2026-02-03T15:22:09","slug":"defonseca-moska-pizama-dpu247","status":"publish","type":"product","link":"https:\/\/www.polzela.com\/si\/product\/defonseca-moska-pizama-dpu247\/","title":{"rendered":"Defonseca mo\u0161ka pi\u017eama DPU247"},"content":{"rendered":"<p><strong>Opis izdelka<\/strong><\/p>\n<p>Razvajajte se v udobju z mo\u0161ko pi\u017eamo iz mehkega bomba\u017ea. Dolge hla\u010de in majica s kratkimi rokavi z gumbi ter vezenjem logotipa spredaj.<\/p>\n<p><strong>Sestava:<\/strong> 100% bomba\u017e<\/p>\n<p>&nbsp;<\/p>\n<p>&nbsp;<\/p>\n","protected":false},"excerpt":{"rendered":"<p><strong>Opis izdelka<\/strong><\/p>\n<p>Razvajajte se v udobju z mo\u0161ko pi\u017eamo iz mehkega bomba\u017ea. Dolge hla\u010de in majica z dolgimi rokavi z gumbi ter vezenjem logotipa spredaj.<\/p>\n<p><strong>Sestava:<\/strong> 100% bomba\u017e<\/p>\n<p>&nbsp;<\/p>\n","protected":false},"featured_media":61588,"comment_status":"open","ping_status":"closed","template":"","meta":{"om_disable_all_campaigns":false,"_monsterinsights_skip_tracking":false,"_monsterinsights_sitenote_active":false,"_monsterinsights_sitenote_note":"","_monsterinsights_sitenote_category":0},"product_cat":[760,749],"product_tag":[1190,565],"class_list":["post-61594","product","type-product","status-publish","has-post-thumbnail","hentry","product_cat-pizame","product_cat-moske-pizame","product_tag-defonseca","product_tag-pizama"],"bundled_by":[],"bundle_stock_status":"outofstock","bundle_stock_quantity":null,"bundle_virtual":false,"bundle_layout":"","bundle_add_to_cart_form_location":"","bundle_editable_in_cart":false,"bundle_sold_individually_context":"","bundle_item_grouping":"","bundle_min_size":"","bundle_max_size":"","bundled_items":[],"bundle_sell_ids":[],"aioseo_notices":[],"_links":{"self":[{"href":"https:\/\/www.polzela.com\/si\/wp-json\/wp\/v2\/product\/61594","targetHints":{"allow":["GET"]}}],"collection":[{"href":"https:\/\/www.polzela.com\/si\/wp-json\/wp\/v2\/product"}],"about":[{"href":"https:\/\/www.polzela.com\/si\/wp-json\/wp\/v2\/types\/product"}],"replies":[{"embeddable":true,"href":"https:\/\/www.polzela.com\/si\/wp-json\/wp\/v2\/comments?post=61594"}],"wp:featuredmedia":[{"embeddable":true,"href":"https:\/\/www.polzela.com\/si\/wp-json\/wp\/v2\/media\/61588"}],"wp:attachment":[{"href":"https:\/\/www.polzela.com\/si\/wp-json\/wp\/v2\/media?parent=61594"}],"wp:term":[{"taxonomy":"product_cat","embeddable":true,"href":"https:\/\/www.polzela.com\/si\/wp-json\/wp\/v2\/product_cat?post=61594"},{"taxonomy":"product_tag","embeddable":true,"href":"https:\/\/www.polzela.com\/si\/wp-json\/wp\/v2\/product_tag?post=61594"}],"curies":[{"name":"wp","href":"https:\/\/api.w.org\/{rel}","templated":true}]}}