{"id":61441,"date":"2025-10-23T12:59:57","date_gmt":"2025-10-23T10:59:57","guid":{"rendered":"https:\/\/www.polzela.com\/si\/?post_type=product&#038;p=61441"},"modified":"2026-03-22T23:48:47","modified_gmt":"2026-03-22T22:48:47","slug":"fila-moska-pizama-fpw1232","status":"publish","type":"product","link":"https:\/\/www.polzela.com\/si\/product\/fila-moska-pizama-fpw1232\/","title":{"rendered":"Mo\u0161ki doma\u010di komplet FILA FPW1232"},"content":{"rendered":"","protected":false},"excerpt":{"rendered":"<p><strong>Opis izdelka<\/strong><\/p>\n<p>Mo\u0161ka pi\u017eama z dolgimi rokavi in dolgimi hla\u010dami. Fila logotip spredaj na majici.<\/p>\n<p><strong>Sestava:<\/strong> 100% bomba\u017e<\/p>\n<p>&nbsp;<\/p>\n<p>&nbsp;<\/p>\n<p>&nbsp;<\/p>\n","protected":false},"featured_media":61478,"comment_status":"open","ping_status":"closed","template":"","meta":{"om_disable_all_campaigns":false,"_monsterinsights_skip_tracking":false,"_monsterinsights_sitenote_active":false,"_monsterinsights_sitenote_note":"","_monsterinsights_sitenote_category":0},"product_cat":[760,749],"product_tag":[529,565],"class_list":["post-61441","product","type-product","status-publish","has-post-thumbnail","hentry","product_cat-pizame","product_cat-moske-pizame","product_tag-fila","product_tag-pizama"],"bundled_by":[],"bundle_stock_status":"outofstock","bundle_stock_quantity":null,"bundle_virtual":false,"bundle_layout":"","bundle_add_to_cart_form_location":"","bundle_editable_in_cart":false,"bundle_sold_individually_context":"","bundle_item_grouping":"","bundle_min_size":"","bundle_max_size":"","bundled_items":[],"bundle_sell_ids":[],"aioseo_notices":[],"_links":{"self":[{"href":"https:\/\/www.polzela.com\/si\/wp-json\/wp\/v2\/product\/61441","targetHints":{"allow":["GET"]}}],"collection":[{"href":"https:\/\/www.polzela.com\/si\/wp-json\/wp\/v2\/product"}],"about":[{"href":"https:\/\/www.polzela.com\/si\/wp-json\/wp\/v2\/types\/product"}],"replies":[{"embeddable":true,"href":"https:\/\/www.polzela.com\/si\/wp-json\/wp\/v2\/comments?post=61441"}],"wp:featuredmedia":[{"embeddable":true,"href":"https:\/\/www.polzela.com\/si\/wp-json\/wp\/v2\/media\/61478"}],"wp:attachment":[{"href":"https:\/\/www.polzela.com\/si\/wp-json\/wp\/v2\/media?parent=61441"}],"wp:term":[{"taxonomy":"product_cat","embeddable":true,"href":"https:\/\/www.polzela.com\/si\/wp-json\/wp\/v2\/product_cat?post=61441"},{"taxonomy":"product_tag","embeddable":true,"href":"https:\/\/www.polzela.com\/si\/wp-json\/wp\/v2\/product_tag?post=61441"}],"curies":[{"name":"wp","href":"https:\/\/api.w.org\/{rel}","templated":true}]}}