{"id":61421,"date":"2025-10-21T15:22:05","date_gmt":"2025-10-21T13:22:05","guid":{"rendered":"https:\/\/www.polzela.com\/si\/?post_type=product&#038;p=61421"},"modified":"2025-12-09T08:40:04","modified_gmt":"2025-12-09T07:40:04","slug":"ctm-zenski-kopalni-plasc-be-marg-rcfgt-orchid","status":"publish","type":"product","link":"https:\/\/www.polzela.com\/si\/product\/ctm-zenski-kopalni-plasc-be-marg-rcfgt-orchid\/","title":{"rendered":"CTM \u017eenski kopalni pla\u0161\u010d BE.MARG.RCFGT"},"content":{"rendered":"<p><strong>Opis izdelka<\/strong><\/p>\n<p>Razvajajte se v udobju z \u017eensko pi\u017eamo iz mehkega bomba\u017ea. Kratke hla\u010de in kratek rokav majica Z \u017dEPOM spredaj. Vsestranska, idealna za spro\u0161\u010danje doma ali miren spanec.<\/p>\n<p><strong>Sestava:<\/strong> 60% bomba\u017e, 40% poliester<\/p>\n<p>&nbsp;<\/p>\n<p>&nbsp;<\/p>\n","protected":false},"excerpt":{"rendered":"<p><strong>Opis izdelka<\/strong><\/p>\n<p>Mehak in udoben kopalni pla\u0161\u010d.<\/p>\n<p><strong>Sestava:<\/strong> 100% poliester<\/p>\n<p>&nbsp;<\/p>\n","protected":false},"featured_media":61419,"comment_status":"open","ping_status":"closed","template":"","meta":{"om_disable_all_campaigns":false,"_monsterinsights_skip_tracking":false,"_monsterinsights_sitenote_active":false,"_monsterinsights_sitenote_note":"","_monsterinsights_sitenote_category":0},"product_cat":[760,375],"product_tag":[1000,565],"class_list":["post-61421","product","type-product","status-publish","has-post-thumbnail","hentry","product_cat-pizame","product_cat-zenske-pizame","product_tag-ctm","product_tag-pizama"],"bundled_by":[],"bundle_stock_status":"outofstock","bundle_stock_quantity":null,"bundle_virtual":false,"bundle_layout":"","bundle_add_to_cart_form_location":"","bundle_editable_in_cart":false,"bundle_sold_individually_context":"","bundle_item_grouping":"","bundle_min_size":"","bundle_max_size":"","bundled_items":[],"bundle_sell_ids":[],"aioseo_notices":[],"_links":{"self":[{"href":"https:\/\/www.polzela.com\/si\/wp-json\/wp\/v2\/product\/61421","targetHints":{"allow":["GET"]}}],"collection":[{"href":"https:\/\/www.polzela.com\/si\/wp-json\/wp\/v2\/product"}],"about":[{"href":"https:\/\/www.polzela.com\/si\/wp-json\/wp\/v2\/types\/product"}],"replies":[{"embeddable":true,"href":"https:\/\/www.polzela.com\/si\/wp-json\/wp\/v2\/comments?post=61421"}],"wp:featuredmedia":[{"embeddable":true,"href":"https:\/\/www.polzela.com\/si\/wp-json\/wp\/v2\/media\/61419"}],"wp:attachment":[{"href":"https:\/\/www.polzela.com\/si\/wp-json\/wp\/v2\/media?parent=61421"}],"wp:term":[{"taxonomy":"product_cat","embeddable":true,"href":"https:\/\/www.polzela.com\/si\/wp-json\/wp\/v2\/product_cat?post=61421"},{"taxonomy":"product_tag","embeddable":true,"href":"https:\/\/www.polzela.com\/si\/wp-json\/wp\/v2\/product_tag?post=61421"}],"curies":[{"name":"wp","href":"https:\/\/api.w.org\/{rel}","templated":true}]}}