{"id":61223,"date":"2025-10-20T10:52:04","date_gmt":"2025-10-20T08:52:04","guid":{"rendered":"https:\/\/www.polzela.com\/si\/?post_type=product&#038;p=61223"},"modified":"2026-03-30T08:53:57","modified_gmt":"2026-03-30T06:53:57","slug":"ysabel-mora-termo-majica-z-dolgimi-rokavi-70002","status":"publish","type":"product","link":"https:\/\/www.polzela.com\/si\/product\/ysabel-mora-termo-majica-z-dolgimi-rokavi-70002\/","title":{"rendered":"Ysabel Mora termo majica z dolgimi rokavi 70002"},"content":{"rendered":"<p><strong>Opis izdelka<\/strong><\/p>\n<p data-start=\"140\" data-end=\"527\">\u017denska termo majica z dolgimi rokavi je popolna izbira za ohranjanje prijetne toplote v hladnih dneh. Izdelana je iz mehkega in ko\u017ei prijaznega termo materiala, ki zagotavlja udobno oprijeto prileganje, spodbuja zadr\u017eevanje toplote in udobje pod vsakim obla\u010dilom. Njena osnovna, enobarvna zasnova z okroglim izrezom omogo\u010da enostavno kombiniranje in vsakodnevno uporabo v zimskem \u010dasu.<\/p>\n<p data-start=\"529\" data-end=\"545\"><strong data-start=\"529\" data-end=\"543\">Lastnosti:<\/strong><\/p>\n<ul data-start=\"546\" data-end=\"874\">\n<li data-start=\"546\" data-end=\"611\">\n<p data-start=\"548\" data-end=\"611\">Termo ocena 3\/5: zagotavlja zmerno toploto v hladnem vremenu.<\/p>\n<\/li>\n<li data-start=\"612\" data-end=\"646\">\n<p data-start=\"614\" data-end=\"646\">Mehka in udobna termo tkanina.<\/p>\n<\/li>\n<li data-start=\"647\" data-end=\"706\">\n<p data-start=\"649\" data-end=\"706\">Osnovna, enobarvna zasnova \u2013 enostavna za kombiniranje.<\/p>\n<\/li>\n<li data-start=\"707\" data-end=\"754\">\n<p data-start=\"709\" data-end=\"754\">Oprijet kroj za bolj\u0161e zadr\u017eevanje toplote.<\/p>\n<\/li>\n<li data-start=\"755\" data-end=\"814\">\n<p data-start=\"757\" data-end=\"814\">Kategorija <em data-start=\"768\" data-end=\"780\">Extra Warm<\/em> \u2013 za dodatno toplino in udobje.<\/p>\n<\/li>\n<li data-start=\"815\" data-end=\"874\">\n<p data-start=\"817\" data-end=\"874\">Idealna kot spodnji sloj za vsakodnevno no\u0161enje pozimi.<\/p>\n<\/li>\n<\/ul>\n<p data-start=\"876\" data-end=\"916\"><strong data-start=\"876\" data-end=\"888\">Sestava:<\/strong> 92% poliester, 8% elastan<\/p>\n<p>&nbsp;<\/p>\n","protected":false},"excerpt":{"rendered":"<h3 data-start=\"94\" data-end=\"138\"><strong data-start=\"98\" data-end=\"138\">\u017denska termo majica z dolgimi rokavi<\/strong><\/h3>\n<p data-start=\"140\" data-end=\"527\">\u017denska termo majica z dolgimi rokavi je popolna izbira za ohranjanje prijetne toplote v hladnih dneh. Izdelana je iz mehkega in ko\u017ei prijaznega termo materiala, ki zagotavlja udobno oprijeto prileganje, spodbuja zadr\u017eevanje toplote in udobje pod vsakim obla\u010dilom. Njena osnovna, enobarvna zasnova z okroglim izrezom omogo\u010da enostavno kombiniranje in vsakodnevno uporabo v zimskem \u010dasu.<\/p>\n<p data-start=\"529\" data-end=\"545\"><strong data-start=\"529\" data-end=\"543\">Lastnosti:<\/strong><\/p>\n<ul data-start=\"546\" data-end=\"874\">\n<li data-start=\"546\" data-end=\"611\">\n<p data-start=\"548\" data-end=\"611\">Termo ocena 3\/5: zagotavlja zmerno toploto v hladnem vremenu.<\/p>\n<\/li>\n<li data-start=\"612\" data-end=\"646\">\n<p data-start=\"614\" data-end=\"646\">Mehka in udobna termo tkanina.<\/p>\n<\/li>\n<li data-start=\"647\" data-end=\"706\">\n<p data-start=\"649\" data-end=\"706\">Osnovna, enobarvna zasnova \u2013 enostavna za kombiniranje.<\/p>\n<\/li>\n<li data-start=\"707\" data-end=\"754\">\n<p data-start=\"709\" data-end=\"754\">Oprijet kroj za bolj\u0161e zadr\u017eevanje toplote.<\/p>\n<\/li>\n<li data-start=\"755\" data-end=\"814\">\n<p data-start=\"757\" data-end=\"814\">Kategorija <em data-start=\"768\" data-end=\"780\">Extra Warm<\/em> \u2013 za dodatno toplino in udobje.<\/p>\n<\/li>\n<li data-start=\"815\" data-end=\"874\">\n<p data-start=\"817\" data-end=\"874\">Idealna kot spodnji sloj za vsakodnevno no\u0161enje pozimi.<\/p>\n<\/li>\n<\/ul>\n<p data-start=\"876\" data-end=\"916\"><strong data-start=\"876\" data-end=\"888\">Sestava: 92% poliester, 8% elastan<\/strong><\/p>\n","protected":false},"featured_media":61234,"comment_status":"open","ping_status":"closed","template":"","meta":{"om_disable_all_campaigns":false,"_monsterinsights_skip_tracking":false,"_monsterinsights_sitenote_active":false,"_monsterinsights_sitenote_note":"","_monsterinsights_sitenote_category":0},"product_cat":[779,42,512],"product_tag":[553,572,599,1121],"class_list":["post-61223","product","type-product","status-publish","has-post-thumbnail","hentry","product_cat-majice","product_cat-zenske","product_cat-spodnje-perilo-zenske","product_tag-majica","product_tag-termo","product_tag-warm","product_tag-ysabel-mora"],"bundled_by":[],"bundle_stock_status":"instock","bundle_stock_quantity":null,"bundle_virtual":false,"bundle_layout":"","bundle_add_to_cart_form_location":"","bundle_editable_in_cart":false,"bundle_sold_individually_context":"","bundle_item_grouping":"","bundle_min_size":"","bundle_max_size":"","bundled_items":[],"bundle_sell_ids":[],"aioseo_notices":[],"_links":{"self":[{"href":"https:\/\/www.polzela.com\/si\/wp-json\/wp\/v2\/product\/61223","targetHints":{"allow":["GET"]}}],"collection":[{"href":"https:\/\/www.polzela.com\/si\/wp-json\/wp\/v2\/product"}],"about":[{"href":"https:\/\/www.polzela.com\/si\/wp-json\/wp\/v2\/types\/product"}],"replies":[{"embeddable":true,"href":"https:\/\/www.polzela.com\/si\/wp-json\/wp\/v2\/comments?post=61223"}],"wp:featuredmedia":[{"embeddable":true,"href":"https:\/\/www.polzela.com\/si\/wp-json\/wp\/v2\/media\/61234"}],"wp:attachment":[{"href":"https:\/\/www.polzela.com\/si\/wp-json\/wp\/v2\/media?parent=61223"}],"wp:term":[{"taxonomy":"product_cat","embeddable":true,"href":"https:\/\/www.polzela.com\/si\/wp-json\/wp\/v2\/product_cat?post=61223"},{"taxonomy":"product_tag","embeddable":true,"href":"https:\/\/www.polzela.com\/si\/wp-json\/wp\/v2\/product_tag?post=61223"}],"curies":[{"name":"wp","href":"https:\/\/api.w.org\/{rel}","templated":true}]}}