{"id":61211,"date":"2025-10-20T10:36:53","date_gmt":"2025-10-20T08:36:53","guid":{"rendered":"https:\/\/www.polzela.com\/si\/?post_type=product&#038;p=61211"},"modified":"2026-02-11T15:43:20","modified_gmt":"2026-02-11T14:43:20","slug":"ysabel-mora-bodi-z-dolgimi-rokavi-in-cipkastimi-detajli-10780-crna","status":"publish","type":"product","link":"https:\/\/www.polzela.com\/si\/product\/ysabel-mora-bodi-z-dolgimi-rokavi-in-cipkastimi-detajli-10780-crna\/","title":{"rendered":"Ysabel Mora bodi z dolgimi rokavi in \u010dipkastimi detajli 10780"},"content":{"rendered":"","protected":false},"excerpt":{"rendered":"<p>&nbsp;<\/p>\n<p><strong>Opis izdelka<\/strong><\/p>\n<p data-start=\"130\" data-end=\"441\">Elegantno in \u017eenstveno body z dolgimi rokavi, okra\u0161eno z ne\u017enimi \u010dipkastimi detajli. Zapira se z gumbom na hrbtni strani ter ima nastavljivo zapiranje s kaveljcem in o\u010desom na spodnjem delu za popolno prileganje.<br data-start=\"342\" data-end=\"345\" \/>Izdelano iz mehkega in elasti\u010dnega materiala, ki se udobno prilega telesu in poudari silhueto.<\/p>\n<p data-start=\"443\" data-end=\"482\"><strong data-start=\"443\" data-end=\"455\">Sestava:<\/strong> 91% poliamid, 9% elastan<\/p>\n<p>&nbsp;<\/p>\n","protected":false},"featured_media":61215,"comment_status":"open","ping_status":"closed","template":"","meta":{"om_disable_all_campaigns":false,"_monsterinsights_skip_tracking":false,"_monsterinsights_sitenote_active":false,"_monsterinsights_sitenote_note":"","_monsterinsights_sitenote_category":0},"product_cat":[779,42,512],"product_tag":[546,1282,1121],"class_list":["post-61211","product","type-product","status-publish","has-post-thumbnail","hentry","product_cat-majice","product_cat-zenske","product_cat-spodnje-perilo-zenske","product_tag-bodi","product_tag-body","product_tag-ysabel-mora"],"bundled_by":[],"bundle_stock_status":"instock","bundle_stock_quantity":null,"bundle_virtual":false,"bundle_layout":"","bundle_add_to_cart_form_location":"","bundle_editable_in_cart":false,"bundle_sold_individually_context":"","bundle_item_grouping":"","bundle_min_size":"","bundle_max_size":"","bundled_items":[],"bundle_sell_ids":[],"aioseo_notices":[],"_links":{"self":[{"href":"https:\/\/www.polzela.com\/si\/wp-json\/wp\/v2\/product\/61211","targetHints":{"allow":["GET"]}}],"collection":[{"href":"https:\/\/www.polzela.com\/si\/wp-json\/wp\/v2\/product"}],"about":[{"href":"https:\/\/www.polzela.com\/si\/wp-json\/wp\/v2\/types\/product"}],"replies":[{"embeddable":true,"href":"https:\/\/www.polzela.com\/si\/wp-json\/wp\/v2\/comments?post=61211"}],"wp:featuredmedia":[{"embeddable":true,"href":"https:\/\/www.polzela.com\/si\/wp-json\/wp\/v2\/media\/61215"}],"wp:attachment":[{"href":"https:\/\/www.polzela.com\/si\/wp-json\/wp\/v2\/media?parent=61211"}],"wp:term":[{"taxonomy":"product_cat","embeddable":true,"href":"https:\/\/www.polzela.com\/si\/wp-json\/wp\/v2\/product_cat?post=61211"},{"taxonomy":"product_tag","embeddable":true,"href":"https:\/\/www.polzela.com\/si\/wp-json\/wp\/v2\/product_tag?post=61211"}],"curies":[{"name":"wp","href":"https:\/\/api.w.org\/{rel}","templated":true}]}}