{"id":61084,"date":"2025-10-14T12:59:35","date_gmt":"2025-10-14T10:59:35","guid":{"rendered":"https:\/\/www.polzela.com\/si\/?post_type=product&#038;p=61084"},"modified":"2026-03-30T13:26:36","modified_gmt":"2026-03-30T11:26:36","slug":"bellissima-z-legice-art-scrunch","status":"publish","type":"product","link":"https:\/\/www.polzela.com\/si\/product\/bellissima-z-legice-art-scrunch\/","title":{"rendered":"Bellissima \u017d.legice art. Scrunch"},"content":{"rendered":"","protected":false},"excerpt":{"rendered":"<p><strong>Opis izdelka<\/strong><\/p>\n<p id=\"tw-target-text\" class=\"tw-data-text tw-text-large tw-ta\" dir=\"ltr\" role=\"text\" data-placeholder=\"Prevod\" data-ved=\"2ahUKEwjsi4rXi6OQAxU5zwIHHQcPD3sQ3ewLegQIChAV\" aria-label=\"Prevedeno besedilo: Izbolj\u0161ajte svoj prosti \u010das z na\u0161o kolekcijo rebrastih mikrovlaken za prosti \u010das, kjer se razko\u0161je sre\u010da z vsakodnevnim udobjem. Predstavljamo vam na\u0161e rebraste pajkice iz mikrovlaken. Ta komplet prostih obla\u010dil, izdelan iz razko\u0161no mehke rebraste mikrovlakne, ponuja izjemno me\u0161anico prijetne topline in elegantne prilagodljivosti. Inovativna tkanina se pona\u0161a z zra\u010dnostjo in hitro su\u0161e\u010dimi lastnostmi, kar zagotavlja, da boste ostali hladni in udobni, ne glede na to, ali se spro\u0161\u010date doma ali se sprehajate. Ta prosta obla\u010dila, zasnovana tako, da ohranijo svojo obliko po vsakem pranju, utele\u0161ajo lahkotno eleganco in vzdr\u017eljivost.\"><span class=\"Y2IQFc\" lang=\"sl\">\u00a0Inovativna tkanina se pona\u0161a z zra\u010dnostjo in hitro su\u0161e\u010dimi lastnostmi, kar zagotavlja, da boste ostali hladni in udobni, ne glede na to, ali se spro\u0161\u010date doma ali se sprehajate. Ta prosta obla\u010dila, zasnovana tako, da ohranijo svojo obliko po vsakem pranju, utele\u0161ajo lahkotno eleganco in vzdr\u017eljivost.<\/span><\/p>\n<p dir=\"ltr\" data-placeholder=\"Prevod\" data-ved=\"2ahUKEwiT8r_zz8yJAxVP6QIHHff8DCAQ3ewLegQICRAU\" aria-label=\"Prevedeno besedilo: Termo hla\u010dne nogavice z notranjostjo iz flisa Odkrijte udobje in eleganco na\u0161ih termo hla\u010dnih nogavic, popolne izbire za ohranjanje toplih nog brez kompromisov glede stila. Izdelane z udobno notranjostjo iz flisa, te hla\u010dne nogavice nudijo neprekosljivo toplotno za\u0161\u010dito, medtem ko prosojna zunanjost doda pridih prefinjene elegance. Popolna kombinacija funkcije in mode, na\u0161e flis in prosojne termo hla\u010dne nogavice so idealna re\u0161itev za hladne mesece. Glavne zna\u010dilnosti: Notranjost iz mehkega flisa: nudi vrhunsko toplotno izolacijo, ki ohranja va\u0161e noge tople tudi v najhladnej\u0161ih dneh. Prozorna zunanjost: doda pridih elegance in stila, zaradi \u010desar so te hla\u010dne nogavice popolne tako za prilo\u017enostne kot formalne prilo\u017enosti. Udobna in prilagodljiva oblika: popolno prileganje telesu za optimalno udobje ves dan. Visokokakovostni materiali: Zagotavlja vzdr\u017eljivost in odpornost ter ohranja svoj eleganten videz po pranju. Z na\u0161imi termo pajkicami iz flisa in tan\u010dice vam v zimskih mesecih ni ve\u010d treba izbirati med udobjem in stilom. Nakupujte zdaj in izkusite popolno kombinacijo topline in elegance.\"><strong>Sestava: <\/strong>89% poliamid, 11% elastan<\/p>\n","protected":false},"featured_media":61090,"comment_status":"open","ping_status":"closed","template":"","meta":{"om_disable_all_campaigns":false,"_monsterinsights_skip_tracking":false,"_monsterinsights_sitenote_active":false,"_monsterinsights_sitenote_note":"","_monsterinsights_sitenote_category":0},"product_cat":[778,42],"product_tag":[525,576],"class_list":["post-61084","product","type-product","status-publish","has-post-thumbnail","hentry","product_cat-legice","product_cat-zenske","product_tag-perilo-bellissima","product_tag-legice"],"bundled_by":[],"bundle_stock_status":"instock","bundle_stock_quantity":null,"bundle_virtual":false,"bundle_layout":"","bundle_add_to_cart_form_location":"","bundle_editable_in_cart":false,"bundle_sold_individually_context":"","bundle_item_grouping":"","bundle_min_size":"","bundle_max_size":"","bundled_items":[],"bundle_sell_ids":[],"aioseo_notices":[],"_links":{"self":[{"href":"https:\/\/www.polzela.com\/si\/wp-json\/wp\/v2\/product\/61084","targetHints":{"allow":["GET"]}}],"collection":[{"href":"https:\/\/www.polzela.com\/si\/wp-json\/wp\/v2\/product"}],"about":[{"href":"https:\/\/www.polzela.com\/si\/wp-json\/wp\/v2\/types\/product"}],"replies":[{"embeddable":true,"href":"https:\/\/www.polzela.com\/si\/wp-json\/wp\/v2\/comments?post=61084"}],"wp:featuredmedia":[{"embeddable":true,"href":"https:\/\/www.polzela.com\/si\/wp-json\/wp\/v2\/media\/61090"}],"wp:attachment":[{"href":"https:\/\/www.polzela.com\/si\/wp-json\/wp\/v2\/media?parent=61084"}],"wp:term":[{"taxonomy":"product_cat","embeddable":true,"href":"https:\/\/www.polzela.com\/si\/wp-json\/wp\/v2\/product_cat?post=61084"},{"taxonomy":"product_tag","embeddable":true,"href":"https:\/\/www.polzela.com\/si\/wp-json\/wp\/v2\/product_tag?post=61084"}],"curies":[{"name":"wp","href":"https:\/\/api.w.org\/{rel}","templated":true}]}}