{"id":60563,"date":"2025-09-23T12:21:16","date_gmt":"2025-09-23T10:21:16","guid":{"rendered":"https:\/\/www.polzela.com\/si\/?post_type=product&#038;p=60563"},"modified":"2026-02-15T18:22:13","modified_gmt":"2026-02-15T17:22:13","slug":"hlacne-nogavice-pompea-opale","status":"publish","type":"product","link":"https:\/\/www.polzela.com\/si\/product\/hlacne-nogavice-pompea-opale\/","title":{"rendered":"Hla\u010dne nogavice Pompea Opale"},"content":{"rendered":"","protected":false},"excerpt":{"rendered":"<p><strong>Opis izdelka<\/strong><\/p>\n<p id=\"tw-target-text\" class=\"tw-data-text tw-text-large tw-ta\" dir=\"ltr\" role=\"text\" data-placeholder=\"Prevod\" data-ved=\"2ahUKEwiIq8v5wu6PAxXU9QIHHR0zCPEQ3ewLegQICBAV\" aria-label=\"Prevedeno besedilo: Prozorne hla\u010dne nogavice z \u017eivalskim potiskom. Mehak pas, oja\u010dan zgornji del z v\u0161itkom in nevidni oja\u010dani prsti. Drzen, moden slog, idealen za dodajanje pridiha izvirnosti va\u0161emu videzu. Z lahkoto se kombinirajo s krili, oblekami ali drugimi vrhnjimi obla\u010dili. Popolne prozorne hla\u010dne nogavice za tiste, ki rade poka\u017eejo svoj stil, ne da bi pri tem \u017ertvovale udobje.\"><span class=\"Y2IQFc\" lang=\"sl\">Prosojne hla\u010dne nogavice z \u017eivalskim potiskom. Mehak pas, oja\u010dan zgornji del z v\u0161itkom in nevidni oja\u010dani prsti. Drzen, moden slog, idealen za dodajanje pridiha izvirnosti va\u0161emu videzu. Z lahkoto se kombinirajo s krili, oblekami ali drugimi vrhnjimi obla\u010dili. Popolne prosojne hla\u010dne nogavice za tiste, ki rade poka\u017eejo svoj stil, ne da bi pri tem \u017ertvovale udobje.<\/span><\/p>\n<p><strong>Sestava:<\/strong> 93% Poliamid, 7% Elastan.<\/p>\n<p>&nbsp;<\/p>\n<p><img loading=\"lazy\" decoding=\"async\" class=\"alignnone size-medium wp-image-19253\" src=\"https:\/\/www.polzela.com\/si\/wp-content\/uploads\/sites\/2\/2021\/11\/LOGO-POMPEA-NERO_-300x78.png\" alt=\"\" width=\"300\" height=\"78\" srcset=\"https:\/\/www.polzela.com\/si\/wp-content\/uploads\/sites\/2\/2021\/11\/LOGO-POMPEA-NERO_-300x78.png 300w, https:\/\/www.polzela.com\/si\/wp-content\/uploads\/sites\/2\/2021\/11\/LOGO-POMPEA-NERO_-1024x267.png 1024w, https:\/\/www.polzela.com\/si\/wp-content\/uploads\/sites\/2\/2021\/11\/LOGO-POMPEA-NERO_-768x200.png 768w, https:\/\/www.polzela.com\/si\/wp-content\/uploads\/sites\/2\/2021\/11\/LOGO-POMPEA-NERO_-570x149.png 570w, https:\/\/www.polzela.com\/si\/wp-content\/uploads\/sites\/2\/2021\/11\/LOGO-POMPEA-NERO_.png 1435w\" sizes=\"auto, (max-width: 300px) 100vw, 300px\" \/><\/p>\n","protected":false},"featured_media":60567,"comment_status":"open","ping_status":"closed","template":"","meta":{"om_disable_all_campaigns":false,"_monsterinsights_skip_tracking":false,"_monsterinsights_sitenote_active":false,"_monsterinsights_sitenote_note":"","_monsterinsights_sitenote_category":0},"product_cat":[42,374],"product_tag":[606,526],"class_list":["post-60563","product","type-product","status-publish","has-post-thumbnail","hentry","product_cat-zenske","product_cat-hlacne-nogavice","product_tag-40-den","product_tag-perilo-pompea"],"bundled_by":[],"bundle_stock_status":"instock","bundle_stock_quantity":null,"bundle_virtual":false,"bundle_layout":"","bundle_add_to_cart_form_location":"","bundle_editable_in_cart":false,"bundle_sold_individually_context":"","bundle_item_grouping":"","bundle_min_size":"","bundle_max_size":"","bundled_items":[],"bundle_sell_ids":[],"aioseo_notices":[],"_links":{"self":[{"href":"https:\/\/www.polzela.com\/si\/wp-json\/wp\/v2\/product\/60563","targetHints":{"allow":["GET"]}}],"collection":[{"href":"https:\/\/www.polzela.com\/si\/wp-json\/wp\/v2\/product"}],"about":[{"href":"https:\/\/www.polzela.com\/si\/wp-json\/wp\/v2\/types\/product"}],"replies":[{"embeddable":true,"href":"https:\/\/www.polzela.com\/si\/wp-json\/wp\/v2\/comments?post=60563"}],"wp:featuredmedia":[{"embeddable":true,"href":"https:\/\/www.polzela.com\/si\/wp-json\/wp\/v2\/media\/60567"}],"wp:attachment":[{"href":"https:\/\/www.polzela.com\/si\/wp-json\/wp\/v2\/media?parent=60563"}],"wp:term":[{"taxonomy":"product_cat","embeddable":true,"href":"https:\/\/www.polzela.com\/si\/wp-json\/wp\/v2\/product_cat?post=60563"},{"taxonomy":"product_tag","embeddable":true,"href":"https:\/\/www.polzela.com\/si\/wp-json\/wp\/v2\/product_tag?post=60563"}],"curies":[{"name":"wp","href":"https:\/\/api.w.org\/{rel}","templated":true}]}}