{"id":60534,"date":"2025-09-23T10:59:46","date_gmt":"2025-09-23T08:59:46","guid":{"rendered":"https:\/\/www.polzela.com\/si\/?post_type=product&#038;p=60534"},"modified":"2026-03-30T08:19:05","modified_gmt":"2026-03-30T06:19:05","slug":"pompea-moska-pizama-iz-bombaza-dover","status":"publish","type":"product","link":"https:\/\/www.polzela.com\/si\/product\/pompea-moska-pizama-iz-bombaza-dover\/","title":{"rendered":"Pompea mo\u0161ka pi\u017eama iz bomba\u017ea Dover"},"content":{"rendered":"","protected":false},"excerpt":{"rendered":"<p><strong>Opis izdelka<\/strong><\/p>\n<p id=\"tw-target-text\" class=\"tw-data-text tw-text-large tw-ta\" dir=\"ltr\" role=\"text\" data-placeholder=\"Prevod\" data-ved=\"2ahUKEwiIq8v5wu6PAxXU9QIHHR0zCPEQ3ewLegQICBAV\" aria-label=\"Prevedeno besedilo: Ta mo\u0161ka dolga temno modra pi\u017eama ima toplo bomba\u017eno majico in hla\u010de. Enobarvna majica ima okrogel izrez in vezenino na prsih. Enobarvne hla\u010de imajo zadnji \u017eep.\n\nModel na fotografiji je visok 188 cm in nosi velikost L.\"><span class=\"Y2IQFc\" lang=\"sl\">Ta mo\u0161ka temno modra pi\u017eama ima toplo bomba\u017eno majico in dolge hla\u010de. Enobarvna majica ima okrogel izrez in vezenino na prsih. Enobarvne hla\u010de imajo zadnji \u017eep. Model na fotografiji je visok 188 cm in nosi velikost L.<\/span><\/p>\n<p><strong>Sestava: <\/strong>100% bomba\u017e<\/p>\n<p><img loading=\"lazy\" decoding=\"async\" class=\"alignnone wp-image-32738 size-full\" src=\"https:\/\/www.polzela.com\/si\/wp-content\/uploads\/sites\/2\/2023\/04\/LOGO-POMPEA-2020.png\" alt=\"\" width=\"307\" height=\"152\" srcset=\"https:\/\/www.polzela.com\/si\/wp-content\/uploads\/sites\/2\/2023\/04\/LOGO-POMPEA-2020.png 307w, https:\/\/www.polzela.com\/si\/wp-content\/uploads\/sites\/2\/2023\/04\/LOGO-POMPEA-2020-300x149.png 300w\" sizes=\"auto, (max-width: 307px) 100vw, 307px\" \/><\/p>\n<p>&nbsp;<\/p>\n","protected":false},"featured_media":60540,"comment_status":"open","ping_status":"closed","template":"","meta":{"om_disable_all_campaigns":false,"_monsterinsights_skip_tracking":false,"_monsterinsights_sitenote_active":false,"_monsterinsights_sitenote_note":"","_monsterinsights_sitenote_category":0},"product_cat":[760,749],"product_tag":[565,526],"class_list":["post-60534","product","type-product","status-publish","has-post-thumbnail","hentry","product_cat-pizame","product_cat-moske-pizame","product_tag-pizama","product_tag-perilo-pompea"],"bundled_by":[],"bundle_stock_status":"outofstock","bundle_stock_quantity":null,"bundle_virtual":false,"bundle_layout":"","bundle_add_to_cart_form_location":"","bundle_editable_in_cart":false,"bundle_sold_individually_context":"","bundle_item_grouping":"","bundle_min_size":"","bundle_max_size":"","bundled_items":[],"bundle_sell_ids":[],"aioseo_notices":[],"_links":{"self":[{"href":"https:\/\/www.polzela.com\/si\/wp-json\/wp\/v2\/product\/60534","targetHints":{"allow":["GET"]}}],"collection":[{"href":"https:\/\/www.polzela.com\/si\/wp-json\/wp\/v2\/product"}],"about":[{"href":"https:\/\/www.polzela.com\/si\/wp-json\/wp\/v2\/types\/product"}],"replies":[{"embeddable":true,"href":"https:\/\/www.polzela.com\/si\/wp-json\/wp\/v2\/comments?post=60534"}],"wp:featuredmedia":[{"embeddable":true,"href":"https:\/\/www.polzela.com\/si\/wp-json\/wp\/v2\/media\/60540"}],"wp:attachment":[{"href":"https:\/\/www.polzela.com\/si\/wp-json\/wp\/v2\/media?parent=60534"}],"wp:term":[{"taxonomy":"product_cat","embeddable":true,"href":"https:\/\/www.polzela.com\/si\/wp-json\/wp\/v2\/product_cat?post=60534"},{"taxonomy":"product_tag","embeddable":true,"href":"https:\/\/www.polzela.com\/si\/wp-json\/wp\/v2\/product_tag?post=60534"}],"curies":[{"name":"wp","href":"https:\/\/api.w.org\/{rel}","templated":true}]}}