{"id":60011,"date":"2025-07-11T09:13:06","date_gmt":"2025-07-11T07:13:06","guid":{"rendered":"https:\/\/www.polzela.com\/si\/?post_type=product&#038;p=60011"},"modified":"2025-11-19T17:27:51","modified_gmt":"2025-11-19T16:27:51","slug":"anita-oblikovalne-hlacke-art-1783","status":"publish","type":"product","link":"https:\/\/www.polzela.com\/si\/product\/anita-oblikovalne-hlacke-art-1783\/","title":{"rendered":"Anita oblikovalne hla\u010dke art.1783"},"content":{"rendered":"","protected":false},"excerpt":{"rendered":"<p><strong>Opis izdelka<\/strong><\/p>\n<p id=\"tw-target-text\" class=\"tw-data-text tw-text-large tw-ta\" dir=\"ltr\" data-placeholder=\"Prevod\" data-ved=\"2ahUKEwjdv5fuoLSOAxWChP0HHcoiI88Q3ewLegQICRAV\" aria-label=\"Prevedeno besedilo: Oblikovalno perilo za ves dan! To je mehko, telo prilagoditveno perilo TWIN SHAPER, kos, ki zaradi brez\u0161ivnosti ni viden pod obla\u010dili. Na telesu je mehak in elasti\u010den ter se ne zare\u017ee v ko\u017eo.\"><span class=\"Y2IQFc\" lang=\"sl\">Oblikovalno perilo za ves dan! To je mehko, telesu prilagoditveno perilo TWIN SHAPER, kos, ki zaradi brez\u0161ivnosti ni viden pod obla\u010dili. Na telesu je mehak in elasti\u010den, ter se ne zare\u017ee v ko\u017eo.<\/span><\/p>\n<p><strong>Sestava: <\/strong>70% Najlon, 30% Elastan<\/p>\n<p>&nbsp;<\/p>\n<p><strong>\u010ce artikla ni na zalogi v trgovini, je dobavni rok 14 dni.<\/strong><\/p>\n<p>&nbsp;<\/p>\n","protected":false},"featured_media":60020,"comment_status":"open","ping_status":"closed","template":"","meta":{"om_disable_all_campaigns":false,"_monsterinsights_skip_tracking":false,"_monsterinsights_sitenote_active":false,"_monsterinsights_sitenote_note":"","_monsterinsights_sitenote_category":0},"product_cat":[42,512],"product_tag":[987,547],"class_list":["post-60011","product","type-product","status-publish","has-post-thumbnail","hentry","product_cat-zenske","product_cat-spodnje-perilo-zenske","product_tag-anita","product_tag-hlacke"],"bundled_by":[],"bundle_stock_status":"instock","bundle_stock_quantity":null,"bundle_virtual":false,"bundle_layout":"","bundle_add_to_cart_form_location":"","bundle_editable_in_cart":false,"bundle_sold_individually_context":"","bundle_item_grouping":"","bundle_min_size":"","bundle_max_size":"","bundled_items":[],"bundle_sell_ids":[],"aioseo_notices":[],"_links":{"self":[{"href":"https:\/\/www.polzela.com\/si\/wp-json\/wp\/v2\/product\/60011","targetHints":{"allow":["GET"]}}],"collection":[{"href":"https:\/\/www.polzela.com\/si\/wp-json\/wp\/v2\/product"}],"about":[{"href":"https:\/\/www.polzela.com\/si\/wp-json\/wp\/v2\/types\/product"}],"replies":[{"embeddable":true,"href":"https:\/\/www.polzela.com\/si\/wp-json\/wp\/v2\/comments?post=60011"}],"wp:featuredmedia":[{"embeddable":true,"href":"https:\/\/www.polzela.com\/si\/wp-json\/wp\/v2\/media\/60020"}],"wp:attachment":[{"href":"https:\/\/www.polzela.com\/si\/wp-json\/wp\/v2\/media?parent=60011"}],"wp:term":[{"taxonomy":"product_cat","embeddable":true,"href":"https:\/\/www.polzela.com\/si\/wp-json\/wp\/v2\/product_cat?post=60011"},{"taxonomy":"product_tag","embeddable":true,"href":"https:\/\/www.polzela.com\/si\/wp-json\/wp\/v2\/product_tag?post=60011"}],"curies":[{"name":"wp","href":"https:\/\/api.w.org\/{rel}","templated":true}]}}