{"id":59953,"date":"2025-07-07T14:54:47","date_gmt":"2025-07-07T12:54:47","guid":{"rendered":"https:\/\/www.polzela.com\/si\/?post_type=product&#038;p=59953"},"modified":"2026-01-07T09:34:11","modified_gmt":"2026-01-07T08:34:11","slug":"ysabel-mora-torba-za-na-plazo-art-86207","status":"publish","type":"product","link":"https:\/\/www.polzela.com\/si\/product\/ysabel-mora-torba-za-na-plazo-art-86207\/","title":{"rendered":"Ysabel Mora torba za na pla\u017eo art. 86207"},"content":{"rendered":"","protected":false},"excerpt":{"rendered":"<p id=\"tw-target-text\" class=\"tw-data-text tw-text-large tw-ta\" dir=\"ltr\" data-placeholder=\"Prevod\" data-ved=\"2ahUKEwj_0t754qqOAxXR9gIHHRiHFLoQ3ewLegQICRAV\" aria-label=\"Prevedeno besedilo: Teksturirana torba iz blaga z belim ro\u010dajem. Logotip Ysabel Mora na delu torbe ji daje pridih stila. Z notranjim \u017eepom in zapiranjem na zadrgo za ve\u010djo varnost. Dimenzije: 46 x 12 x 34,5 cm\n100 % papir\"><span class=\"Y2IQFc\" lang=\"sl\">Teksturirana torba iz blaga z belim ro\u010dajem. Logotip Ysabel Mora na sprednjem delu torbe. Z notranjim \u017eepom in zapiranjem na zadrgo za ve\u010djo varnost. <\/span><\/p>\n<p class=\"tw-data-text tw-text-large tw-ta\" dir=\"ltr\" data-placeholder=\"Prevod\" data-ved=\"2ahUKEwj_0t754qqOAxXR9gIHHRiHFLoQ3ewLegQICRAV\" aria-label=\"Prevedeno besedilo: Teksturirana torba iz blaga z belim ro\u010dajem. Logotip Ysabel Mora na delu torbe ji daje pridih stila. Z notranjim \u017eepom in zapiranjem na zadrgo za ve\u010djo varnost. Dimenzije: 46 x 12 x 34,5 cm\n100 % papir\"><span class=\"Y2IQFc\" lang=\"sl\">Dimenzije: 46 x 12 x 34,5 cm\u00a0<\/span><\/p>\n<p>&nbsp;<\/p>\n<p>&nbsp;<\/p>\n","protected":false},"featured_media":59961,"comment_status":"open","ping_status":"closed","template":"","meta":{"om_disable_all_campaigns":false,"_monsterinsights_skip_tracking":false,"_monsterinsights_sitenote_active":false,"_monsterinsights_sitenote_note":"","_monsterinsights_sitenote_category":0},"product_cat":[638,1044],"product_tag":[846,808,1121],"class_list":["post-59953","product","type-product","status-publish","has-post-thumbnail","hentry","product_cat-cas-je-za-kopalke","product_cat-zenske-kopalke","product_tag-kopalke","product_tag-swim","product_tag-ysabel-mora"],"bundled_by":[],"bundle_stock_status":"instock","bundle_stock_quantity":null,"bundle_virtual":false,"bundle_layout":"","bundle_add_to_cart_form_location":"","bundle_editable_in_cart":false,"bundle_sold_individually_context":"","bundle_item_grouping":"","bundle_min_size":"","bundle_max_size":"","bundled_items":[],"bundle_sell_ids":[],"aioseo_notices":[],"_links":{"self":[{"href":"https:\/\/www.polzela.com\/si\/wp-json\/wp\/v2\/product\/59953","targetHints":{"allow":["GET"]}}],"collection":[{"href":"https:\/\/www.polzela.com\/si\/wp-json\/wp\/v2\/product"}],"about":[{"href":"https:\/\/www.polzela.com\/si\/wp-json\/wp\/v2\/types\/product"}],"replies":[{"embeddable":true,"href":"https:\/\/www.polzela.com\/si\/wp-json\/wp\/v2\/comments?post=59953"}],"wp:featuredmedia":[{"embeddable":true,"href":"https:\/\/www.polzela.com\/si\/wp-json\/wp\/v2\/media\/59961"}],"wp:attachment":[{"href":"https:\/\/www.polzela.com\/si\/wp-json\/wp\/v2\/media?parent=59953"}],"wp:term":[{"taxonomy":"product_cat","embeddable":true,"href":"https:\/\/www.polzela.com\/si\/wp-json\/wp\/v2\/product_cat?post=59953"},{"taxonomy":"product_tag","embeddable":true,"href":"https:\/\/www.polzela.com\/si\/wp-json\/wp\/v2\/product_tag?post=59953"}],"curies":[{"name":"wp","href":"https:\/\/api.w.org\/{rel}","templated":true}]}}