{"id":59591,"date":"2025-06-18T12:42:40","date_gmt":"2025-06-18T10:42:40","guid":{"rendered":"https:\/\/www.polzela.com\/si\/?post_type=product&#038;p=59591"},"modified":"2025-11-30T19:52:28","modified_gmt":"2025-11-30T18:52:28","slug":"unisex-fila-nogavice-f9300-6-6-pack","status":"publish","type":"product","link":"https:\/\/www.polzela.com\/si\/product\/unisex-fila-nogavice-f9300-6-6-pack\/","title":{"rendered":"Unisex FILA nogavice F9300\/6 6 pack"},"content":{"rendered":"<p>&nbsp;<\/p>\n<p>&nbsp;<\/p>\n","protected":false},"excerpt":{"rendered":"<p>Izredno udobne, zra\u010dne in trpe\u017ene nogavice. Prilagodile se bodo obliki va\u0161e noge in nudile udobje v predelu gle\u017enja. Z majhnim logotipom FILA nad peto.<\/p>\n<p><strong>Sestava<\/strong>: 75% bomba\u017e, 23% poliamid, 2% elastan<\/p>\n","protected":false},"featured_media":44617,"comment_status":"open","ping_status":"closed","template":"","meta":{"om_disable_all_campaigns":false,"_monsterinsights_skip_tracking":false,"_monsterinsights_sitenote_active":false,"_monsterinsights_sitenote_note":"","_monsterinsights_sitenote_category":0},"product_cat":[531,40,41],"product_tag":[1196,747,529,684,868,627],"class_list":["post-59591","product","type-product","status-publish","has-post-thumbnail","hentry","product_cat-nogavice-moski","product_cat-sport","product_cat-unisex","product_tag-1196","product_tag-cotton","product_tag-fila","product_tag-sport","product_tag-sport-nogavice","product_tag-unisex"],"bundled_by":[],"bundle_stock_status":"instock","bundle_stock_quantity":null,"bundle_virtual":false,"bundle_layout":"","bundle_add_to_cart_form_location":"","bundle_editable_in_cart":false,"bundle_sold_individually_context":"","bundle_item_grouping":"","bundle_min_size":"","bundle_max_size":"","bundled_items":[],"bundle_sell_ids":[],"aioseo_notices":[],"_links":{"self":[{"href":"https:\/\/www.polzela.com\/si\/wp-json\/wp\/v2\/product\/59591","targetHints":{"allow":["GET"]}}],"collection":[{"href":"https:\/\/www.polzela.com\/si\/wp-json\/wp\/v2\/product"}],"about":[{"href":"https:\/\/www.polzela.com\/si\/wp-json\/wp\/v2\/types\/product"}],"replies":[{"embeddable":true,"href":"https:\/\/www.polzela.com\/si\/wp-json\/wp\/v2\/comments?post=59591"}],"wp:featuredmedia":[{"embeddable":true,"href":"https:\/\/www.polzela.com\/si\/wp-json\/wp\/v2\/media\/44617"}],"wp:attachment":[{"href":"https:\/\/www.polzela.com\/si\/wp-json\/wp\/v2\/media?parent=59591"}],"wp:term":[{"taxonomy":"product_cat","embeddable":true,"href":"https:\/\/www.polzela.com\/si\/wp-json\/wp\/v2\/product_cat?post=59591"},{"taxonomy":"product_tag","embeddable":true,"href":"https:\/\/www.polzela.com\/si\/wp-json\/wp\/v2\/product_tag?post=59591"}],"curies":[{"name":"wp","href":"https:\/\/api.w.org\/{rel}","templated":true}]}}