{"id":59523,"date":"2025-06-09T16:20:18","date_gmt":"2025-06-09T14:20:18","guid":{"rendered":"https:\/\/www.polzela.com\/si\/?post_type=product&#038;p=59523"},"modified":"2026-03-16T16:00:24","modified_gmt":"2026-03-16T15:00:24","slug":"novo-zenske-cipkaste-stopalke-art-4024-x3","status":"publish","type":"product","link":"https:\/\/www.polzela.com\/si\/product\/novo-zenske-cipkaste-stopalke-art-4024-x3\/","title":{"rendered":"NOVO! \u017denske \u010dipkaste stopalke art. 4024 x3"},"content":{"rendered":"","protected":false},"excerpt":{"rendered":"<p><strong>Opis izdelka:<\/strong><\/p>\n<p>\u017denske stopalke so idealne za takrat, ko \u017eelite, da se nogavice najmanj opazijo. S silikonom na predelu stopala spodaj in na robovih &#8211; zaradi tega bodo nogavice ostale na mestu.<\/p>\n<p>Nevidne stopalke, zagotavljajo za\u0161\u010dito va\u0161ih stopal. Z elegantno \u010dipko.<\/p>\n<p><strong>Sestava: <\/strong>80% poliamid, 20 % elastan<\/p>\n","protected":false},"featured_media":59530,"comment_status":"open","ping_status":"closed","template":"","meta":{"om_disable_all_campaigns":false,"_monsterinsights_skip_tracking":false,"_monsterinsights_sitenote_active":false,"_monsterinsights_sitenote_note":"","_monsterinsights_sitenote_category":0},"product_cat":[42,373],"product_tag":[1170,838,842,857,637],"class_list":["post-59523","product","type-product","status-publish","has-post-thumbnail","hentry","product_cat-zenske","product_cat-zenske-nogavice","product_tag-1170","product_tag-multipack","product_tag-multipack-nogavice","product_tag-polzela","product_tag-stopalke"],"bundled_by":[],"bundle_stock_status":"instock","bundle_stock_quantity":null,"bundle_virtual":false,"bundle_layout":"","bundle_add_to_cart_form_location":"","bundle_editable_in_cart":false,"bundle_sold_individually_context":"","bundle_item_grouping":"","bundle_min_size":"","bundle_max_size":"","bundled_items":[],"bundle_sell_ids":[],"aioseo_notices":[],"_links":{"self":[{"href":"https:\/\/www.polzela.com\/si\/wp-json\/wp\/v2\/product\/59523","targetHints":{"allow":["GET"]}}],"collection":[{"href":"https:\/\/www.polzela.com\/si\/wp-json\/wp\/v2\/product"}],"about":[{"href":"https:\/\/www.polzela.com\/si\/wp-json\/wp\/v2\/types\/product"}],"replies":[{"embeddable":true,"href":"https:\/\/www.polzela.com\/si\/wp-json\/wp\/v2\/comments?post=59523"}],"wp:featuredmedia":[{"embeddable":true,"href":"https:\/\/www.polzela.com\/si\/wp-json\/wp\/v2\/media\/59530"}],"wp:attachment":[{"href":"https:\/\/www.polzela.com\/si\/wp-json\/wp\/v2\/media?parent=59523"}],"wp:term":[{"taxonomy":"product_cat","embeddable":true,"href":"https:\/\/www.polzela.com\/si\/wp-json\/wp\/v2\/product_cat?post=59523"},{"taxonomy":"product_tag","embeddable":true,"href":"https:\/\/www.polzela.com\/si\/wp-json\/wp\/v2\/product_tag?post=59523"}],"curies":[{"name":"wp","href":"https:\/\/api.w.org\/{rel}","templated":true}]}}