{"id":59509,"date":"2025-06-09T15:59:03","date_gmt":"2025-06-09T13:59:03","guid":{"rendered":"https:\/\/www.polzela.com\/si\/?post_type=product&#038;p=59509"},"modified":"2026-04-02T13:41:41","modified_gmt":"2026-04-02T11:41:41","slug":"ysabel-mora-hlacke-19428-2-kom-x3","status":"publish","type":"product","link":"https:\/\/www.polzela.com\/si\/product\/ysabel-mora-hlacke-19428-2-kom-x3\/","title":{"rendered":"YSABEL MORA hla\u010dke 19428 2 kom x3"},"content":{"rendered":"<p><strong>Opis izdelka<\/strong><\/p>\n<p>V paketu dobite dva para bomba\u017enih spodnjih hla\u010dk. S srednje visokim pasom in iz naravnih vlaken, ki zagotavljajo dodatno mehkobo obla\u010dila. Nevidni in ploski \u0161ivi prepre\u010dujejo sledi in omogo\u010dajo bolj\u0161o prilagodljivost ter popolno ergonomsko prileganje. Zasnovane za vsakodnevno no\u0161enje.<\/p>\n<p><strong>Sestava:<\/strong> 95% Bomba\u017e, 5% Elastan<\/p>\n<p><strong>Vzdr\u017eevanje: <\/strong>Hla\u010dke lahko perete v stroju za pranje perila na 30\u00b0. Odsvetujemo uporabo belila ali meh\u010dalca in obdelavo v su\u0161ilnem stroju ali z likalnikom.<\/p>\n<p>Na voljo tudi v \u010drni barvi.<\/p>\n","protected":false},"excerpt":{"rendered":"<p><strong>Opis izdelka<\/strong><\/p>\n<p>V paketu dobite dva para bomba\u017enih spodnjih hla\u010dk. S srednje visokim pasom in iz naravnih vlaken, ki zagotavljajo dodatno mehkobo obla\u010dila. Nevidni in ploski \u0161ivi prepre\u010dujejo sledi in omogo\u010dajo bolj\u0161o prilagodljivost ter popolno ergonomsko prileganje. Zasnovane za vsakodnevno no\u0161enje.<\/p>\n<h4><strong>2 kom v paketu x3<\/strong><\/h4>\n<p><strong>Sestava:<\/strong> 95% Bomba\u017e, 5% Elastan<\/p>\n<p><strong>Vzdr\u017eevanje: <\/strong>Hla\u010dke lahko perete v stroju za pranje perila na 30\u00b0. Odsvetujemo uporabo belila ali meh\u010dalca in obdelavo v su\u0161ilnem stroju ali z likalnikom.<\/p>\n<p>Na voljo tudi v \u010drni barvi.<\/p>\n","protected":false},"featured_media":59521,"comment_status":"open","ping_status":"closed","template":"","meta":{"om_disable_all_campaigns":false,"_monsterinsights_skip_tracking":false,"_monsterinsights_sitenote_active":false,"_monsterinsights_sitenote_note":"","_monsterinsights_sitenote_category":0},"product_cat":[42,512],"product_tag":[547,622,1121],"class_list":["post-59509","product","type-product","status-publish","has-post-thumbnail","hentry","product_cat-zenske","product_cat-spodnje-perilo-zenske","product_tag-hlacke","product_tag-spodnje-perilo","product_tag-ysabel-mora"],"bundled_by":[],"bundle_stock_status":"instock","bundle_stock_quantity":null,"bundle_virtual":false,"bundle_layout":"","bundle_add_to_cart_form_location":"","bundle_editable_in_cart":false,"bundle_sold_individually_context":"","bundle_item_grouping":"","bundle_min_size":"","bundle_max_size":"","bundled_items":[],"bundle_sell_ids":[],"aioseo_notices":[],"_links":{"self":[{"href":"https:\/\/www.polzela.com\/si\/wp-json\/wp\/v2\/product\/59509","targetHints":{"allow":["GET"]}}],"collection":[{"href":"https:\/\/www.polzela.com\/si\/wp-json\/wp\/v2\/product"}],"about":[{"href":"https:\/\/www.polzela.com\/si\/wp-json\/wp\/v2\/types\/product"}],"replies":[{"embeddable":true,"href":"https:\/\/www.polzela.com\/si\/wp-json\/wp\/v2\/comments?post=59509"}],"wp:featuredmedia":[{"embeddable":true,"href":"https:\/\/www.polzela.com\/si\/wp-json\/wp\/v2\/media\/59521"}],"wp:attachment":[{"href":"https:\/\/www.polzela.com\/si\/wp-json\/wp\/v2\/media?parent=59509"}],"wp:term":[{"taxonomy":"product_cat","embeddable":true,"href":"https:\/\/www.polzela.com\/si\/wp-json\/wp\/v2\/product_cat?post=59509"},{"taxonomy":"product_tag","embeddable":true,"href":"https:\/\/www.polzela.com\/si\/wp-json\/wp\/v2\/product_tag?post=59509"}],"curies":[{"name":"wp","href":"https:\/\/api.w.org\/{rel}","templated":true}]}}