{"id":59356,"date":"2025-05-30T10:54:20","date_gmt":"2025-05-30T08:54:20","guid":{"rendered":"https:\/\/www.polzela.com\/si\/?post_type=product&#038;p=59356"},"modified":"2026-03-25T07:04:28","modified_gmt":"2026-03-25T06:04:28","slug":"pompea-nogavice-s-cipko-pizzo-2pr-bez","status":"publish","type":"product","link":"https:\/\/www.polzela.com\/si\/product\/pompea-nogavice-s-cipko-pizzo-2pr-bez\/","title":{"rendered":"Pompea nogavice s \u010dipko Pizzo 2pr"},"content":{"rendered":"","protected":false},"excerpt":{"rendered":"<p><strong>Opis izdelka:<\/strong><\/p>\n<p>25 den nogavi\u010dke s pro\u017eno \u010dipko na spodnjem robu. 2 kosa v pakiranju.<\/p>\n<p>&nbsp;<\/p>\n<p><strong>Sestava: <\/strong>90% Poliamid, 10% Elastan<\/p>\n","protected":false},"featured_media":59363,"comment_status":"open","ping_status":"closed","template":"","meta":{"om_disable_all_campaigns":false,"_monsterinsights_skip_tracking":false,"_monsterinsights_sitenote_active":false,"_monsterinsights_sitenote_note":"","_monsterinsights_sitenote_category":0},"product_cat":[42,373],"product_tag":[1195,816,526],"class_list":["post-59356","product","type-product","status-publish","has-post-thumbnail","hentry","product_cat-zenske","product_cat-zenske-nogavice","product_tag-cipka","product_tag-den","product_tag-perilo-pompea"],"bundled_by":[],"bundle_stock_status":"instock","bundle_stock_quantity":null,"bundle_virtual":false,"bundle_layout":"","bundle_add_to_cart_form_location":"","bundle_editable_in_cart":false,"bundle_sold_individually_context":"","bundle_item_grouping":"","bundle_min_size":"","bundle_max_size":"","bundled_items":[],"bundle_sell_ids":[],"aioseo_notices":[],"_links":{"self":[{"href":"https:\/\/www.polzela.com\/si\/wp-json\/wp\/v2\/product\/59356","targetHints":{"allow":["GET"]}}],"collection":[{"href":"https:\/\/www.polzela.com\/si\/wp-json\/wp\/v2\/product"}],"about":[{"href":"https:\/\/www.polzela.com\/si\/wp-json\/wp\/v2\/types\/product"}],"replies":[{"embeddable":true,"href":"https:\/\/www.polzela.com\/si\/wp-json\/wp\/v2\/comments?post=59356"}],"wp:featuredmedia":[{"embeddable":true,"href":"https:\/\/www.polzela.com\/si\/wp-json\/wp\/v2\/media\/59363"}],"wp:attachment":[{"href":"https:\/\/www.polzela.com\/si\/wp-json\/wp\/v2\/media?parent=59356"}],"wp:term":[{"taxonomy":"product_cat","embeddable":true,"href":"https:\/\/www.polzela.com\/si\/wp-json\/wp\/v2\/product_cat?post=59356"},{"taxonomy":"product_tag","embeddable":true,"href":"https:\/\/www.polzela.com\/si\/wp-json\/wp\/v2\/product_tag?post=59356"}],"curies":[{"name":"wp","href":"https:\/\/api.w.org\/{rel}","templated":true}]}}