{"id":59245,"date":"2025-05-20T13:22:20","date_gmt":"2025-05-20T11:22:20","guid":{"rendered":"https:\/\/www.polzela.com\/si\/?post_type=product&#038;p=59245"},"modified":"2026-02-06T07:23:36","modified_gmt":"2026-02-06T06:23:36","slug":"zenske-stopalke-art-4023-bez","status":"publish","type":"product","link":"https:\/\/www.polzela.com\/si\/product\/zenske-stopalke-art-4023-bez\/","title":{"rendered":"\u017denske stopalke art. 4023"},"content":{"rendered":"","protected":false},"excerpt":{"rendered":"<p><strong>Opis izdelka:<\/strong><\/p>\n<p>\u017denske stopalke so idealne za takrat, ko \u017eelite, da se nogavice najmanj opazijo. S silikonom na predelu stopala spodaj in na robovih &#8211; zaradi tega bodo nogavice ostale namestu.<\/p>\n<p>Nevidne stopalke, zagotavljajo za\u0161\u010dito va\u0161ih stopal.<\/p>\n<p><strong>Sestava: <\/strong>80% poliamid, 20 % elastan<\/p>\n","protected":false},"featured_media":59632,"comment_status":"open","ping_status":"closed","template":"","meta":{"om_disable_all_campaigns":false,"_monsterinsights_skip_tracking":false,"_monsterinsights_sitenote_active":false,"_monsterinsights_sitenote_note":"","_monsterinsights_sitenote_category":0},"product_cat":[42,373],"product_tag":[816,857,637],"class_list":["post-59245","product","type-product","status-publish","has-post-thumbnail","hentry","product_cat-zenske","product_cat-zenske-nogavice","product_tag-den","product_tag-polzela","product_tag-stopalke"],"bundled_by":[],"bundle_stock_status":"instock","bundle_stock_quantity":null,"bundle_virtual":false,"bundle_layout":"","bundle_add_to_cart_form_location":"","bundle_editable_in_cart":false,"bundle_sold_individually_context":"","bundle_item_grouping":"","bundle_min_size":"","bundle_max_size":"","bundled_items":[],"bundle_sell_ids":[],"aioseo_notices":[],"_links":{"self":[{"href":"https:\/\/www.polzela.com\/si\/wp-json\/wp\/v2\/product\/59245","targetHints":{"allow":["GET"]}}],"collection":[{"href":"https:\/\/www.polzela.com\/si\/wp-json\/wp\/v2\/product"}],"about":[{"href":"https:\/\/www.polzela.com\/si\/wp-json\/wp\/v2\/types\/product"}],"replies":[{"embeddable":true,"href":"https:\/\/www.polzela.com\/si\/wp-json\/wp\/v2\/comments?post=59245"}],"wp:featuredmedia":[{"embeddable":true,"href":"https:\/\/www.polzela.com\/si\/wp-json\/wp\/v2\/media\/59632"}],"wp:attachment":[{"href":"https:\/\/www.polzela.com\/si\/wp-json\/wp\/v2\/media?parent=59245"}],"wp:term":[{"taxonomy":"product_cat","embeddable":true,"href":"https:\/\/www.polzela.com\/si\/wp-json\/wp\/v2\/product_cat?post=59245"},{"taxonomy":"product_tag","embeddable":true,"href":"https:\/\/www.polzela.com\/si\/wp-json\/wp\/v2\/product_tag?post=59245"}],"curies":[{"name":"wp","href":"https:\/\/api.w.org\/{rel}","templated":true}]}}