{"id":59138,"date":"2025-05-15T09:28:15","date_gmt":"2025-05-15T07:28:15","guid":{"rendered":"https:\/\/www.polzela.com\/si\/?post_type=product&#038;p=59138"},"modified":"2026-02-17T20:20:43","modified_gmt":"2026-02-17T19:20:43","slug":"ysabel-mora-moske-kopalne-hlace-art-90347","status":"publish","type":"product","link":"https:\/\/www.polzela.com\/si\/product\/ysabel-mora-moske-kopalne-hlace-art-90347\/","title":{"rendered":"Ysabel Mora mo\u0161ke kopalne hla\u010de art.90347"},"content":{"rendered":"","protected":false},"excerpt":{"rendered":"<p class=\"tw-data-text tw-text-large tw-ta\" dir=\"ltr\" data-placeholder=\"Prevod\" data-ved=\"2ahUKEwje4Yn7iLuMAxUsxQIHHe_WCZgQ3ewLegQICBAV\" aria-label=\"Prevedeno besedilo: To obla\u010dilo je stisljivo zaradi oblikovanja. \u010ce \u017eelite ve\u010dje udobje, priporo\u010damo velikost ve\u010d. Zelene mikropikirane kopalke z detajli tropskega potiska. Na voljo za skodelico C, ki je zasnovana tako, da vam vedno nudi udobje in stil. Oblikovalne kopalke v mikropikeju s tropskim potiskom C cup. Lastnosti Srednja kompresija. Elegantna postava. C pokal. Klasi\u010den stil z V-izrezom. Brez spodnjega dela. Z nadevom. Klasi\u010den stil hla\u010dk. Tkanina s teksturo Micropiqu\u00e9. Tiskano oblikovanje.\">Mo\u0161ke kopalne hla\u010de dalj\u0161e dol\u017eine. Hitro su\u0161e\u010d material. Enobarvne.<\/p>\n<p dir=\"ltr\" data-placeholder=\"Prevod\" data-ved=\"2ahUKEwiF3cSNkqWMAxUiwAIHHcvBCR0Q3ewLegQICBAV\" aria-label=\"Prevedeno besedilo: Kopalke ELOUISE na pla\u017ei pritegnejo pozornost. Srebrna zadrga, ki se lahko odpre, je prava pa\u0161a za o\u010di na pla\u017ei. ELOUISE je zdaj na voljo do I skodelice. Izdelan je iz visokokakovostnega materiala in zagotavlja popolno prileganje ter optimalno udobje. Obvezna oprema vsake elegantne in elegantne \u017eenske.\"><strong>Sestava: <\/strong>100% Poliester<\/p>\n<p>&nbsp;<\/p>\n<p>&nbsp;<\/p>\n<p>&nbsp;<\/p>\n","protected":false},"featured_media":59146,"comment_status":"open","ping_status":"closed","template":"","meta":{"om_disable_all_campaigns":false,"_monsterinsights_skip_tracking":false,"_monsterinsights_sitenote_active":false,"_monsterinsights_sitenote_note":"","_monsterinsights_sitenote_category":0},"product_cat":[638,1045],"product_tag":[846,808,1121],"class_list":["post-59138","product","type-product","status-publish","has-post-thumbnail","hentry","product_cat-cas-je-za-kopalke","product_cat-moske-kopalne-hlace","product_tag-kopalke","product_tag-swim","product_tag-ysabel-mora"],"bundled_by":[],"bundle_stock_status":"instock","bundle_stock_quantity":null,"bundle_virtual":false,"bundle_layout":"","bundle_add_to_cart_form_location":"","bundle_editable_in_cart":false,"bundle_sold_individually_context":"","bundle_item_grouping":"","bundle_min_size":"","bundle_max_size":"","bundled_items":[],"bundle_sell_ids":[],"aioseo_notices":[],"_links":{"self":[{"href":"https:\/\/www.polzela.com\/si\/wp-json\/wp\/v2\/product\/59138","targetHints":{"allow":["GET"]}}],"collection":[{"href":"https:\/\/www.polzela.com\/si\/wp-json\/wp\/v2\/product"}],"about":[{"href":"https:\/\/www.polzela.com\/si\/wp-json\/wp\/v2\/types\/product"}],"replies":[{"embeddable":true,"href":"https:\/\/www.polzela.com\/si\/wp-json\/wp\/v2\/comments?post=59138"}],"wp:featuredmedia":[{"embeddable":true,"href":"https:\/\/www.polzela.com\/si\/wp-json\/wp\/v2\/media\/59146"}],"wp:attachment":[{"href":"https:\/\/www.polzela.com\/si\/wp-json\/wp\/v2\/media?parent=59138"}],"wp:term":[{"taxonomy":"product_cat","embeddable":true,"href":"https:\/\/www.polzela.com\/si\/wp-json\/wp\/v2\/product_cat?post=59138"},{"taxonomy":"product_tag","embeddable":true,"href":"https:\/\/www.polzela.com\/si\/wp-json\/wp\/v2\/product_tag?post=59138"}],"curies":[{"name":"wp","href":"https:\/\/api.w.org\/{rel}","templated":true}]}}