{"id":58984,"date":"2025-05-06T08:13:44","date_gmt":"2025-05-06T06:13:44","guid":{"rendered":"https:\/\/www.polzela.com\/si\/?post_type=product&#038;p=58984"},"modified":"2026-04-21T22:30:54","modified_gmt":"2026-04-21T20:30:54","slug":"klasicne-hlacne-nogavice-sideria-sun-time-12den-9150-x3","status":"publish","type":"product","link":"https:\/\/www.polzela.com\/si\/product\/klasicne-hlacne-nogavice-sideria-sun-time-12den-9150-x3\/","title":{"rendered":"Klasi\u010dne hla\u010dne nogavice Sideria Sun Time 12den 9150 x3"},"content":{"rendered":"<h2><strong>POLZELA Comfort Sun time 12den<br \/>\n<\/strong><\/h2>\n<ul>\n<li>Zagotavljajo naraven videz porjavelosti nog, dihajo poleti, noge se ne potijo, primerne so tudi za posebne prilo\u017enosti (poroka, matura, maturanski ples,\u2026).<\/li>\n<li>Ploski \u0161iv v hla\u010dnem delu, ki se pri no\u0161enju ne ob\u010duti<\/li>\n<li>Bomba\u017eni vstavek omogo\u010da dobro prileganje.<\/li>\n<li>Nogavice so enako prosojne v hla\u010dnem delu, dol\u017eini in prstih.<\/li>\n<\/ul>\n<p>Siderija je preja, pri kateri sta s posebno tehnologijo zdru\u017eena\u00a0 poliamidno in poliuretansko vlakno, pri obdelavi s temperaturo se preja skr\u010di in dobi izredno pro\u017enost, \u010deprav ne vsebuje elastana. To minimizira oprijem v vro\u010di sezoni, zato so tak\u0161ne nogavice poleti manj vro\u010de kot nogavice z elastanom.<\/p>\n<p><strong>Linija Comfort <\/strong><\/p>\n<p>Linija visoko kakovostnih izdelkov, ki so pleteni iz naravnih ko\u017ei prijaznih materialov. Za popolno udobje in za\u0161\u010dito va\u0161ih nog. Omilite te\u017eave s kr\u010dnimi \u017eilami, celulitom in ujemite sve\u017e poletni ten na va\u0161ih nogah. Posebne kombinacije razli\u010dnih materialov hla\u010dnih nogavic in dokolenk\u00a0 varujejo va\u0161e noge in\u00a0 jim nudijo dodatno za\u0161\u010dito skupaj z lepim videzom. Negujte svoje noge in jim privo\u0161\u010dite le najbolj\u0161e, energijo in eleganco skozi ves dan z nogavicami Comfort.<\/p>\n<p>Vsi uporabljeni materiali so zdravju in ko\u017ei prijazni. Oznaka EKO-TEX 100 kon\u010dnim uporabnikom predstavlja dodatne prednosti preverjene varnosti na ko\u017ei. Izdelki Polzela so okolju prijazni izdelki.<\/p>\n","protected":false},"excerpt":{"rendered":"<p><strong>Opis izdelka:<\/strong><\/p>\n<p>Zagotavljajo naraven videz porjavelosti nog, dihajo poleti, noge se ne potijo, primerne so tudi za posebne prilo\u017enosti (poroka, matura, maturanski ples,\u2026).<\/p>\n<p>POLZELA Comfort Sun time 12den<\/p>\n<p>Ploski \u0161iv v hla\u010dnem delu, ki se pri no\u0161enju ne ob\u010duti.\u00a0Bomba\u017eni vstavek omogo\u010da dobro prileganje.\u00a0Nogavice so enako prosojne v hla\u010dnem delu, dol\u017eini in prstih.<\/p>\n<p><strong>Luxury Sideria<\/strong> je preja, pri kateri sta s posebno tehnologijo zdru\u017eena\u00a0 poliamidno in poliuretansko vlakno, pri obdelavi s temperaturo se preja skr\u010di in dobi izredno pro\u017enost, \u010deprav ne vsebuje elastana. To minimizira oprijem v vro\u010di sezoni, zato so tak\u0161ne nogavice poleti manj vro\u010de kot nogavice z elastanom.<\/p>\n<p><strong>Sestava:<\/strong> 61% Poliamid, 39% Poliuretan<\/p>\n<p><img loading=\"lazy\" decoding=\"async\" class=\"alignnone wp-image-43337 size-large\" src=\"https:\/\/www.polzela.com\/si\/wp-content\/uploads\/sites\/2\/2024\/05\/Screenshot-2024-05-07-at-09.01.09-682x1024.jpg\" alt=\"\" width=\"640\" height=\"961\" srcset=\"https:\/\/www.polzela.com\/si\/wp-content\/uploads\/sites\/2\/2024\/05\/Screenshot-2024-05-07-at-09.01.09-682x1024.jpg 682w, https:\/\/www.polzela.com\/si\/wp-content\/uploads\/sites\/2\/2024\/05\/Screenshot-2024-05-07-at-09.01.09-200x300.jpg 200w, https:\/\/www.polzela.com\/si\/wp-content\/uploads\/sites\/2\/2024\/05\/Screenshot-2024-05-07-at-09.01.09-768x1154.jpg 768w, https:\/\/www.polzela.com\/si\/wp-content\/uploads\/sites\/2\/2024\/05\/Screenshot-2024-05-07-at-09.01.09-570x856.jpg 570w, https:\/\/www.polzela.com\/si\/wp-content\/uploads\/sites\/2\/2024\/05\/Screenshot-2024-05-07-at-09.01.09.jpg 972w\" sizes=\"auto, (max-width: 640px) 100vw, 640px\" \/><\/p>\n<p>&nbsp;<\/p>\n<p><img loading=\"lazy\" decoding=\"async\" class=\"alignnone size-medium wp-image-16911\" src=\"https:\/\/www.polzela.com\/si\/wp-content\/uploads\/sites\/2\/2016\/07\/sideria-tempel-300x300.png\" alt=\"\" width=\"300\" height=\"300\" srcset=\"https:\/\/www.polzela.com\/si\/wp-content\/uploads\/sites\/2\/2016\/07\/sideria-tempel-300x300.png 300w, https:\/\/www.polzela.com\/si\/wp-content\/uploads\/sites\/2\/2016\/07\/sideria-tempel-150x150.png 150w, https:\/\/www.polzela.com\/si\/wp-content\/uploads\/sites\/2\/2016\/07\/sideria-tempel-768x768.png 768w, https:\/\/www.polzela.com\/si\/wp-content\/uploads\/sites\/2\/2016\/07\/sideria-tempel-570x570.png 570w, https:\/\/www.polzela.com\/si\/wp-content\/uploads\/sites\/2\/2016\/07\/sideria-tempel-100x100.png 100w, https:\/\/www.polzela.com\/si\/wp-content\/uploads\/sites\/2\/2016\/07\/sideria-tempel.png 1000w\" sizes=\"auto, (max-width: 300px) 100vw, 300px\" \/><\/p>\n<p>&nbsp;<\/p>\n","protected":false},"featured_media":58993,"comment_status":"open","ping_status":"closed","template":"","meta":{"om_disable_all_campaigns":false,"_monsterinsights_skip_tracking":false,"_monsterinsights_sitenote_active":false,"_monsterinsights_sitenote_note":"","_monsterinsights_sitenote_category":0},"product_cat":[42,374],"product_tag":[890,1093,838,842,857,495,997,995],"class_list":["post-58984","product","type-product","status-publish","has-post-thumbnail","hentry","product_cat-zenske","product_cat-hlacne-nogavice","product_tag-hlacne-nogavice","product_tag-luxury","product_tag-multipack","product_tag-multipack-nogavice","product_tag-polzela","product_tag-sideria","product_tag-sun-time","product_tag-x3"],"bundled_by":[],"bundle_stock_status":"instock","bundle_stock_quantity":null,"bundle_virtual":false,"bundle_layout":"","bundle_add_to_cart_form_location":"","bundle_editable_in_cart":false,"bundle_sold_individually_context":"","bundle_item_grouping":"","bundle_min_size":"","bundle_max_size":"","bundled_items":[],"bundle_sell_ids":[],"aioseo_notices":[],"_links":{"self":[{"href":"https:\/\/www.polzela.com\/si\/wp-json\/wp\/v2\/product\/58984","targetHints":{"allow":["GET"]}}],"collection":[{"href":"https:\/\/www.polzela.com\/si\/wp-json\/wp\/v2\/product"}],"about":[{"href":"https:\/\/www.polzela.com\/si\/wp-json\/wp\/v2\/types\/product"}],"replies":[{"embeddable":true,"href":"https:\/\/www.polzela.com\/si\/wp-json\/wp\/v2\/comments?post=58984"}],"wp:featuredmedia":[{"embeddable":true,"href":"https:\/\/www.polzela.com\/si\/wp-json\/wp\/v2\/media\/58993"}],"wp:attachment":[{"href":"https:\/\/www.polzela.com\/si\/wp-json\/wp\/v2\/media?parent=58984"}],"wp:term":[{"taxonomy":"product_cat","embeddable":true,"href":"https:\/\/www.polzela.com\/si\/wp-json\/wp\/v2\/product_cat?post=58984"},{"taxonomy":"product_tag","embeddable":true,"href":"https:\/\/www.polzela.com\/si\/wp-json\/wp\/v2\/product_tag?post=58984"}],"curies":[{"name":"wp","href":"https:\/\/api.w.org\/{rel}","templated":true}]}}