{"id":58650,"date":"2025-04-15T14:42:07","date_gmt":"2025-04-15T12:42:07","guid":{"rendered":"https:\/\/www.polzela.com\/si\/?post_type=product&#038;p=58650"},"modified":"2026-04-11T09:05:17","modified_gmt":"2026-04-11T07:05:17","slug":"ysabel-mora-japonke-art-86195","status":"publish","type":"product","link":"https:\/\/www.polzela.com\/si\/product\/ysabel-mora-japonke-art-86195\/","title":{"rendered":"Ysabel Mora japonke art.86195"},"content":{"rendered":"","protected":false},"excerpt":{"rendered":"<p id=\"tw-target-text\" class=\"tw-data-text tw-text-large tw-ta\" dir=\"ltr\" data-placeholder=\"Prevod\" data-ved=\"2ahUKEwj0w-ve-9mMAxXKhv0HHXknOhYQ3ewLegQIAhAV\" aria-label=\"Prevedeno besedilo: U\u017eivajte v udobju in varnosti, ki ju potrebujete v poletnih dneh s temi natika\u010di za na pla\u017eo. Njegova lahka oblika nudi mehak ob\u010dutek pri vsakem koraku, medtem ko nedrse\u010d podplat zagotavlja ve\u010djo stabilnost na mokrih povr\u0161inah.\n\nEkstra udobne japonke za pla\u017eo v koralni barvi.\nUltralahka.\nNedrse\u010d podplat, ki nudi bolj\u0161i oprijem na mokrih povr\u0161inah.\nKoralna barva.\"><span class=\"Y2IQFc\" lang=\"sl\">U\u017eivajte v udobju in varnosti, ki ju potrebujete v poletnih dneh s temi natika\u010di za na pla\u017eo. Njihova lahka oblika nudi mehak ob\u010dutek pri vsakem koraku, medtem ko nedrse\u010d podplat zagotavlja ve\u010djo stabilnost na mokrih povr\u0161inah. Ekstra udobne in ultra lahke japonke za pla\u017eo.<\/span><\/p>\n<p dir=\"ltr\" data-placeholder=\"Prevod\" data-ved=\"2ahUKEwiF3cSNkqWMAxUiwAIHHcvBCR0Q3ewLegQICBAV\" aria-label=\"Prevedeno besedilo: Kopalke ELOUISE na pla\u017ei pritegnejo pozornost. Srebrna zadrga, ki se lahko odpre, je prava pa\u0161a za o\u010di na pla\u017ei. ELOUISE je zdaj na voljo do I skodelice. Izdelan je iz visokokakovostnega materiala in zagotavlja popolno prileganje ter optimalno udobje. Obvezna oprema vsake elegantne in elegantne \u017eenske.\"><strong>Sestava: <\/strong>100% EVA<\/p>\n<p>&nbsp;<\/p>\n<p>&nbsp;<\/p>\n<p>&nbsp;<\/p>\n","protected":false},"featured_media":58656,"comment_status":"open","ping_status":"closed","template":"","meta":{"om_disable_all_campaigns":false,"_monsterinsights_skip_tracking":false,"_monsterinsights_sitenote_active":false,"_monsterinsights_sitenote_note":"","_monsterinsights_sitenote_category":0},"product_cat":[638,1044],"product_tag":[846,808,1121],"class_list":["post-58650","product","type-product","status-publish","has-post-thumbnail","hentry","product_cat-cas-je-za-kopalke","product_cat-zenske-kopalke","product_tag-kopalke","product_tag-swim","product_tag-ysabel-mora"],"bundled_by":[],"bundle_stock_status":"instock","bundle_stock_quantity":null,"bundle_virtual":false,"bundle_layout":"","bundle_add_to_cart_form_location":"","bundle_editable_in_cart":false,"bundle_sold_individually_context":"","bundle_item_grouping":"","bundle_min_size":"","bundle_max_size":"","bundled_items":[],"bundle_sell_ids":[],"aioseo_notices":[],"_links":{"self":[{"href":"https:\/\/www.polzela.com\/si\/wp-json\/wp\/v2\/product\/58650","targetHints":{"allow":["GET"]}}],"collection":[{"href":"https:\/\/www.polzela.com\/si\/wp-json\/wp\/v2\/product"}],"about":[{"href":"https:\/\/www.polzela.com\/si\/wp-json\/wp\/v2\/types\/product"}],"replies":[{"embeddable":true,"href":"https:\/\/www.polzela.com\/si\/wp-json\/wp\/v2\/comments?post=58650"}],"wp:featuredmedia":[{"embeddable":true,"href":"https:\/\/www.polzela.com\/si\/wp-json\/wp\/v2\/media\/58656"}],"wp:attachment":[{"href":"https:\/\/www.polzela.com\/si\/wp-json\/wp\/v2\/media?parent=58650"}],"wp:term":[{"taxonomy":"product_cat","embeddable":true,"href":"https:\/\/www.polzela.com\/si\/wp-json\/wp\/v2\/product_cat?post=58650"},{"taxonomy":"product_tag","embeddable":true,"href":"https:\/\/www.polzela.com\/si\/wp-json\/wp\/v2\/product_tag?post=58650"}],"curies":[{"name":"wp","href":"https:\/\/api.w.org\/{rel}","templated":true}]}}