{"id":5855,"date":"2020-04-21T13:17:30","date_gmt":"2020-04-21T11:17:30","guid":{"rendered":"https:\/\/www.polzela.com\/si\/product\/free-style-0291\/"},"modified":"2026-02-16T09:47:07","modified_gmt":"2026-02-16T08:47:07","slug":"moske-stopalke-iz-cesanega-bombaza-art-0291","status":"publish","type":"product","link":"https:\/\/www.polzela.com\/si\/product\/moske-stopalke-iz-cesanega-bombaza-art-0291\/","title":{"rendered":"Mo\u0161ke stopalke iz \u010desanega bomba\u017ea art.0291"},"content":{"rendered":"<h2><strong>POLZELA Free style<\/strong><\/h2>\n<p>Mo\u0161ke 1\/6 nogavice so udobne in prijetne za no\u0161enje. Namenjene za vsakodnevno no\u0161enje doma in slu\u017ebi.<\/p>\n<p>Free style je linija kakovostnih nogavic, stopalk, dokolenk in hla\u010dnih nogavic brez stopala-legic. Izdelki so izredno udobni, narejeni s \u010dutom za estetiko. Namenjeni so vsakodnevnim prilo\u017enostim in pre\u017eivljanju prostega \u010dasa tako \u017eenske kot mo\u0161ke populacije, tako mlaj\u0161ih kot starej\u0161ih.<\/p>\n<p>Vgrajeni materiali so kvalitetni naravni, (bomba\u017e), izredno mehki, ko\u017ei prijazni. Izdelki so narejeni v pisani paleti barv in vzorcev. Konstrukcija izdelkov omogo\u010da udobje no\u0161enja (vi\u0161ine nogavic, udobni elasti\u010dni zaklju\u010dni robovi).<\/p>\n<p>Vsi uporabljeni materiali so zdravju in ko\u017ei prijazni. Izdelki Polzela so okolju prijazni izdelki.<\/p>\n","protected":false},"excerpt":{"rendered":"<p>Vzor\u010daste stopalke izdelane iz \u010desanega bomba\u017ea s specialno obdelavo.<\/p>\n<p>Mo\u0161ke nogavice so izredno udobne, narejene s \u010dutom za estetiko. Namenjene so vsakodnevnim prilo\u017enostim in pre\u017eivljanju prostega \u010dasa.<\/p>\n<p>&nbsp;<\/p>\n<p><strong>Sestava:\u00a0<\/strong>75% \u010desani bomba\u017e, 20% poliamid, 5% elastan<\/p>\n[caption id=\"attachment_1506\" align=\"alignleft\" width=\"70\"]<img loading=\"lazy\" decoding=\"async\" class=\"size-full wp-image-1506\" src=\"https:\/\/www.polzela.com\/si\/wp-content\/uploads\/sites\/2\/2016\/07\/COMFORT-ROB-1-e1471331294827.jpg\" alt=\"COMFORT ROB\" width=\"70\" height=\"70\" \/> Udoben rob[\/caption]\n[caption id=\"attachment_1501\" align=\"alignleft\" width=\"70\"]<img loading=\"lazy\" decoding=\"async\" class=\"size-full wp-image-1501\" src=\"https:\/\/www.polzela.com\/si\/wp-content\/uploads\/sites\/2\/2016\/07\/BOMBAZ-e1471331324317.jpg\" alt=\"BOMBAZ\" width=\"70\" height=\"70\" \/> Bomba\u017e[\/caption]\n","protected":false},"featured_media":42080,"comment_status":"open","ping_status":"closed","template":"","meta":{"om_disable_all_campaigns":false,"_monsterinsights_skip_tracking":false,"_monsterinsights_sitenote_active":false,"_monsterinsights_sitenote_note":"","_monsterinsights_sitenote_category":0},"product_cat":[531],"product_tag":[747,857,637],"class_list":["post-5855","product","type-product","status-publish","has-post-thumbnail","hentry","product_cat-nogavice-moski","product_tag-cotton","product_tag-polzela","product_tag-stopalke"],"bundled_by":[],"bundle_stock_status":"instock","bundle_stock_quantity":null,"bundle_virtual":false,"bundle_layout":"","bundle_add_to_cart_form_location":"","bundle_editable_in_cart":false,"bundle_sold_individually_context":"","bundle_item_grouping":"","bundle_min_size":"","bundle_max_size":"","bundled_items":[],"bundle_sell_ids":[],"aioseo_notices":[],"_links":{"self":[{"href":"https:\/\/www.polzela.com\/si\/wp-json\/wp\/v2\/product\/5855","targetHints":{"allow":["GET"]}}],"collection":[{"href":"https:\/\/www.polzela.com\/si\/wp-json\/wp\/v2\/product"}],"about":[{"href":"https:\/\/www.polzela.com\/si\/wp-json\/wp\/v2\/types\/product"}],"replies":[{"embeddable":true,"href":"https:\/\/www.polzela.com\/si\/wp-json\/wp\/v2\/comments?post=5855"}],"wp:featuredmedia":[{"embeddable":true,"href":"https:\/\/www.polzela.com\/si\/wp-json\/wp\/v2\/media\/42080"}],"wp:attachment":[{"href":"https:\/\/www.polzela.com\/si\/wp-json\/wp\/v2\/media?parent=5855"}],"wp:term":[{"taxonomy":"product_cat","embeddable":true,"href":"https:\/\/www.polzela.com\/si\/wp-json\/wp\/v2\/product_cat?post=5855"},{"taxonomy":"product_tag","embeddable":true,"href":"https:\/\/www.polzela.com\/si\/wp-json\/wp\/v2\/product_tag?post=5855"}],"curies":[{"name":"wp","href":"https:\/\/api.w.org\/{rel}","templated":true}]}}