{"id":58515,"date":"2025-04-10T13:55:50","date_gmt":"2025-04-10T11:55:50","guid":{"rendered":"https:\/\/www.polzela.com\/si\/?post_type=product&#038;p=58515"},"modified":"2025-10-13T12:53:24","modified_gmt":"2025-10-13T10:53:24","slug":"ysabel-mora-zgornji-del-kopalk-art-82973","status":"publish","type":"product","link":"https:\/\/www.polzela.com\/si\/product\/ysabel-mora-zgornji-del-kopalk-art-82973\/","title":{"rendered":"Ysabel Mora zgornji del kopalk art.82973"},"content":{"rendered":"","protected":false},"excerpt":{"rendered":"<p id=\"tw-target-text\" class=\"tw-data-text tw-text-large tw-ta\" dir=\"ltr\" data-placeholder=\"Prevod\" data-ved=\"2ahUKEwj2heDetM2MAxUl2AIHHcQWGekQ3ewLegQICBAV\" aria-label=\"Prevedeno besedilo: Shuj\u0161evalni zgornji del bikinija s potiskom v obliki \u010drke C, oblikovan tako, da vam vedno zagotavlja udobje in stil. Kombinirajte ga s spodnjicami iz iste kolekcije!\n\nShuj\u0161evalni zgornji del bikinija s potiskom v obliki \u010drke C. Lastnosti\nC pokal.\nZmanj\u0161evalni u\u010dinek. Izogiba se projekciji prsnega ko\u0161a naprej, kar vizualno zmanj\u0161a njegov videz.\n\u0160iroke naramnice. Fiksna in nastavljiva. Najve\u010dja podpora.\nKlasi\u010den stil. Vzorec modr\u010dka.\nZapiranje na zaskok na zadnji strani.\nS prstanom.\nBrez nadeva. Vklju\u010duje notranjo mre\u017eico, da se po\u010dutite udobno in varno, brez dodajanja dodatnega volumna.\nTiskano.\"><span class=\"Y2IQFc\" lang=\"sl\">Zgornji del bikinija z zmanj\u0161evalnim u\u010dinkom in potiskom, oblikovan tako, da vam vedno zagotavlja udobje in stil. Kombinirajte ga s spodnjicami iz iste kolekcije! \u0160iroke naramnice za \u0161e ve\u010dje udobje. Klasi\u010den stil. Zapiranje na zaponko na zadnji strani. Brez podloge, z notranjo mre\u017eico, da se po\u010dutite udobno in varno, brez dodajanja dodatnega volumna.<\/span><\/p>\n<p dir=\"ltr\" data-placeholder=\"Prevod\" data-ved=\"2ahUKEwiF3cSNkqWMAxUiwAIHHcvBCR0Q3ewLegQICBAV\" aria-label=\"Prevedeno besedilo: Kopalke ELOUISE na pla\u017ei pritegnejo pozornost. Srebrna zadrga, ki se lahko odpre, je prava pa\u0161a za o\u010di na pla\u017ei. ELOUISE je zdaj na voljo do I skodelice. Izdelan je iz visokokakovostnega materiala in zagotavlja popolno prileganje ter optimalno udobje. Obvezna oprema vsake elegantne in elegantne \u017eenske.\"><strong>Sestava: <\/strong>82% Poliamid, 18% Elastan<\/p>\n<p>&nbsp;<\/p>\n<p>&nbsp;<\/p>\n<p>&nbsp;<\/p>\n","protected":false},"featured_media":58521,"comment_status":"open","ping_status":"closed","template":"","meta":{"om_disable_all_campaigns":false,"_monsterinsights_skip_tracking":false,"_monsterinsights_sitenote_active":false,"_monsterinsights_sitenote_note":"","_monsterinsights_sitenote_category":0},"product_cat":[638,1044],"product_tag":[1215,1210,1211,1212,846,1260,808,1121],"class_list":["post-58515","product","type-product","status-publish","has-post-thumbnail","hentry","product_cat-cas-je-za-kopalke","product_cat-zenske-kopalke","product_tag-110c","product_tag-80c","product_tag-85c","product_tag-90c","product_tag-kopalke","product_tag-c","product_tag-swim","product_tag-ysabel-mora"],"bundled_by":[],"bundle_stock_status":"instock","bundle_stock_quantity":null,"bundle_virtual":false,"bundle_layout":"","bundle_add_to_cart_form_location":"","bundle_editable_in_cart":false,"bundle_sold_individually_context":"","bundle_item_grouping":"","bundle_min_size":"","bundle_max_size":"","bundled_items":[],"bundle_sell_ids":[],"aioseo_notices":[],"_links":{"self":[{"href":"https:\/\/www.polzela.com\/si\/wp-json\/wp\/v2\/product\/58515","targetHints":{"allow":["GET"]}}],"collection":[{"href":"https:\/\/www.polzela.com\/si\/wp-json\/wp\/v2\/product"}],"about":[{"href":"https:\/\/www.polzela.com\/si\/wp-json\/wp\/v2\/types\/product"}],"replies":[{"embeddable":true,"href":"https:\/\/www.polzela.com\/si\/wp-json\/wp\/v2\/comments?post=58515"}],"wp:featuredmedia":[{"embeddable":true,"href":"https:\/\/www.polzela.com\/si\/wp-json\/wp\/v2\/media\/58521"}],"wp:attachment":[{"href":"https:\/\/www.polzela.com\/si\/wp-json\/wp\/v2\/media?parent=58515"}],"wp:term":[{"taxonomy":"product_cat","embeddable":true,"href":"https:\/\/www.polzela.com\/si\/wp-json\/wp\/v2\/product_cat?post=58515"},{"taxonomy":"product_tag","embeddable":true,"href":"https:\/\/www.polzela.com\/si\/wp-json\/wp\/v2\/product_tag?post=58515"}],"curies":[{"name":"wp","href":"https:\/\/api.w.org\/{rel}","templated":true}]}}