{"id":57879,"date":"2025-04-04T08:17:27","date_gmt":"2025-04-04T06:17:27","guid":{"rendered":"https:\/\/www.polzela.com\/si\/?post_type=product&#038;p=57879"},"modified":"2026-03-30T08:30:18","modified_gmt":"2026-03-30T06:30:18","slug":"nes-moski-spodnji-del-trenirke-robert-modra","status":"publish","type":"product","link":"https:\/\/www.polzela.com\/si\/product\/nes-moski-spodnji-del-trenirke-robert-modra\/","title":{"rendered":"NES mo\u0161ki spodnji del trenirke Robert"},"content":{"rendered":"","protected":false},"excerpt":{"rendered":"<p><strong>Opis izdelka<\/strong><\/p>\n<p>Mo\u0161ke hla\u010de za \u0161port in prosti \u010das \u2013 \u010drne, modre in sive barve. V pasu je vrvica za regulacijo ter 4 cm \u0161iroka elastika, ki je na spodnjem robu pre\u0161ita, kar prepre\u010duje vrtenje. Na sprednji strani hla\u010d sta dva \u017eepa. Hla\u010dnice so ravno zaklju\u010dene ter pas klasi\u010dno visok.<\/p>\n<p><strong>Sestava: <\/strong>95 % visokokvalitetni \u010desani bomba\u017e, 5 % elastan.<\/p>\n<p>&nbsp;<\/p>\n","protected":false},"featured_media":59879,"comment_status":"open","ping_status":"closed","template":"","meta":{"om_disable_all_campaigns":false,"_monsterinsights_skip_tracking":false,"_monsterinsights_sitenote_active":false,"_monsterinsights_sitenote_note":"","_monsterinsights_sitenote_category":0},"product_cat":[38,39],"product_tag":[1184],"class_list":["post-57879","product","type-product","status-publish","has-post-thumbnail","hentry","product_cat-moski","product_cat-oblacila","product_tag-nes"],"bundled_by":[],"bundle_stock_status":"outofstock","bundle_stock_quantity":null,"bundle_virtual":false,"bundle_layout":"","bundle_add_to_cart_form_location":"","bundle_editable_in_cart":false,"bundle_sold_individually_context":"","bundle_item_grouping":"","bundle_min_size":"","bundle_max_size":"","bundled_items":[],"bundle_sell_ids":[],"aioseo_notices":[],"_links":{"self":[{"href":"https:\/\/www.polzela.com\/si\/wp-json\/wp\/v2\/product\/57879","targetHints":{"allow":["GET"]}}],"collection":[{"href":"https:\/\/www.polzela.com\/si\/wp-json\/wp\/v2\/product"}],"about":[{"href":"https:\/\/www.polzela.com\/si\/wp-json\/wp\/v2\/types\/product"}],"replies":[{"embeddable":true,"href":"https:\/\/www.polzela.com\/si\/wp-json\/wp\/v2\/comments?post=57879"}],"wp:featuredmedia":[{"embeddable":true,"href":"https:\/\/www.polzela.com\/si\/wp-json\/wp\/v2\/media\/59879"}],"wp:attachment":[{"href":"https:\/\/www.polzela.com\/si\/wp-json\/wp\/v2\/media?parent=57879"}],"wp:term":[{"taxonomy":"product_cat","embeddable":true,"href":"https:\/\/www.polzela.com\/si\/wp-json\/wp\/v2\/product_cat?post=57879"},{"taxonomy":"product_tag","embeddable":true,"href":"https:\/\/www.polzela.com\/si\/wp-json\/wp\/v2\/product_tag?post=57879"}],"curies":[{"name":"wp","href":"https:\/\/api.w.org\/{rel}","templated":true}]}}