{"id":57788,"date":"2025-04-03T09:25:20","date_gmt":"2025-04-03T07:25:20","guid":{"rendered":"https:\/\/www.polzela.com\/si\/?post_type=product&#038;p=57788"},"modified":"2026-04-11T09:14:14","modified_gmt":"2026-04-11T07:14:14","slug":"ysabel-mora-zgornji-del-kopalk-art-83021","status":"publish","type":"product","link":"https:\/\/www.polzela.com\/si\/product\/ysabel-mora-zgornji-del-kopalk-art-83021\/","title":{"rendered":"Ysabel Mora zgornji del kopalk art.83021"},"content":{"rendered":"","protected":false},"excerpt":{"rendered":"<p id=\"tw-target-text\" class=\"tw-data-text tw-text-large tw-ta\" dir=\"ltr\" data-placeholder=\"Prevod\" data-ved=\"2ahUKEwje4Yn7iLuMAxUsxQIHHe_WCZgQ3ewLegQICBAV\" aria-label=\"Prevedeno besedilo: Shuj\u0161evalni zgornji del bikinija s tropskim potiskom za ko\u0161arice C in E. Lastnosti Pokala C in E. U\u010dinek zmanj\u0161anja prsi. S prstanom. Brez nadeva. Nastavljive naramnice. Zapiranje na zadrgo. Tropski tisk.\"><span class=\"Y2IQFc\" lang=\"sl\">Zgornji del bikinija s tropskim potiskom za ko\u0161arici C in E. U\u010dinek zmanj\u0161anja prsi, brez podloge. Nastavljive naramnice in zapiranje na zaponko zadaj.<\/span><\/p>\n<p dir=\"ltr\" data-placeholder=\"Prevod\" data-ved=\"2ahUKEwiF3cSNkqWMAxUiwAIHHcvBCR0Q3ewLegQICBAV\" aria-label=\"Prevedeno besedilo: Kopalke ELOUISE na pla\u017ei pritegnejo pozornost. Srebrna zadrga, ki se lahko odpre, je prava pa\u0161a za o\u010di na pla\u017ei. ELOUISE je zdaj na voljo do I skodelice. Izdelan je iz visokokakovostnega materiala in zagotavlja popolno prileganje ter optimalno udobje. Obvezna oprema vsake elegantne in elegantne \u017eenske.\"><strong>Sestava: <\/strong>82% Poliamid, 18% Elastan<\/p>\n<p>&nbsp;<\/p>\n<p>&nbsp;<\/p>\n<p>&nbsp;<\/p>\n","protected":false},"featured_media":57938,"comment_status":"open","ping_status":"closed","template":"","meta":{"om_disable_all_campaigns":false,"_monsterinsights_skip_tracking":false,"_monsterinsights_sitenote_active":false,"_monsterinsights_sitenote_note":"","_monsterinsights_sitenote_category":0},"product_cat":[638,1044],"product_tag":[1209,1217,1218,1219,846,1262,808,1121],"class_list":["post-57788","product","type-product","status-publish","has-post-thumbnail","hentry","product_cat-cas-je-za-kopalke","product_cat-zenske-kopalke","product_tag-80d","product_tag-85d","product_tag-90d","product_tag-95d","product_tag-kopalke","product_tag-d","product_tag-swim","product_tag-ysabel-mora"],"bundled_by":[],"bundle_stock_status":"instock","bundle_stock_quantity":null,"bundle_virtual":false,"bundle_layout":"","bundle_add_to_cart_form_location":"","bundle_editable_in_cart":false,"bundle_sold_individually_context":"","bundle_item_grouping":"","bundle_min_size":"","bundle_max_size":"","bundled_items":[],"bundle_sell_ids":[],"aioseo_notices":[],"_links":{"self":[{"href":"https:\/\/www.polzela.com\/si\/wp-json\/wp\/v2\/product\/57788","targetHints":{"allow":["GET"]}}],"collection":[{"href":"https:\/\/www.polzela.com\/si\/wp-json\/wp\/v2\/product"}],"about":[{"href":"https:\/\/www.polzela.com\/si\/wp-json\/wp\/v2\/types\/product"}],"replies":[{"embeddable":true,"href":"https:\/\/www.polzela.com\/si\/wp-json\/wp\/v2\/comments?post=57788"}],"wp:featuredmedia":[{"embeddable":true,"href":"https:\/\/www.polzela.com\/si\/wp-json\/wp\/v2\/media\/57938"}],"wp:attachment":[{"href":"https:\/\/www.polzela.com\/si\/wp-json\/wp\/v2\/media?parent=57788"}],"wp:term":[{"taxonomy":"product_cat","embeddable":true,"href":"https:\/\/www.polzela.com\/si\/wp-json\/wp\/v2\/product_cat?post=57788"},{"taxonomy":"product_tag","embeddable":true,"href":"https:\/\/www.polzela.com\/si\/wp-json\/wp\/v2\/product_tag?post=57788"}],"curies":[{"name":"wp","href":"https:\/\/api.w.org\/{rel}","templated":true}]}}