{"id":57710,"date":"2025-04-03T06:48:54","date_gmt":"2025-04-03T04:48:54","guid":{"rendered":"https:\/\/www.polzela.com\/si\/?post_type=product&#038;p=57710"},"modified":"2026-04-11T09:22:42","modified_gmt":"2026-04-11T07:22:42","slug":"ysabel-mora-zgornji-del-kopalk-art-83058","status":"publish","type":"product","link":"https:\/\/www.polzela.com\/si\/product\/ysabel-mora-zgornji-del-kopalk-art-83058\/","title":{"rendered":"Ysabel Mora zgornji del kopalk art.83058"},"content":{"rendered":"","protected":false},"excerpt":{"rendered":"<p id=\"tw-target-text\" class=\"tw-data-text tw-text-large tw-ta\" dir=\"ltr\" data-placeholder=\"Prevod\" data-ved=\"2ahUKEwje4Yn7iLuMAxUsxQIHHe_WCZgQ3ewLegQICBAV\" aria-label=\"Prevedeno besedilo: Ta zgornji del bikinija s spodnjicami in bandeau je popolna izbira za tiste, ki i\u0161\u010dejo osnovni zgornji del brez naramnic. Njegov strukturiran dizajn s penastimi skodelicami nudi podporo in izbolj\u0161avo. Nosite ga lahko brez naramnic ali z naramnicami, zavezanimi okoli vratu.\"><span class=\"Y2IQFc\" lang=\"sl\">Ta zgornji del bikinija je popolna izbira za tiste, ki i\u0161\u010dejo osnovni zgornji del brez naramnic. Njegov strukturiran dizajn s penastimi ko\u0161aricami nudi podporo in udobje. Nosite ga lahko brez naramnic ali z naramnicami, zavezanimi okoli vratu.<\/span><\/p>\n<p dir=\"ltr\" data-placeholder=\"Prevod\" data-ved=\"2ahUKEwiF3cSNkqWMAxUiwAIHHcvBCR0Q3ewLegQICBAV\" aria-label=\"Prevedeno besedilo: Kopalke ELOUISE na pla\u017ei pritegnejo pozornost. Srebrna zadrga, ki se lahko odpre, je prava pa\u0161a za o\u010di na pla\u017ei. ELOUISE je zdaj na voljo do I skodelice. Izdelan je iz visokokakovostnega materiala in zagotavlja popolno prileganje ter optimalno udobje. Obvezna oprema vsake elegantne in elegantne \u017eenske.\"><strong>Sestava: <\/strong>82% Poliamid, 18% Elastan<\/p>\n<p>&nbsp;<\/p>\n<p>&nbsp;<\/p>\n<p>&nbsp;<\/p>\n","protected":false},"featured_media":57862,"comment_status":"open","ping_status":"closed","template":"","meta":{"om_disable_all_campaigns":false,"_monsterinsights_skip_tracking":false,"_monsterinsights_sitenote_active":false,"_monsterinsights_sitenote_note":"","_monsterinsights_sitenote_category":0},"product_cat":[638,1044],"product_tag":[1226,1209,1217,1218,846,1262,808,1121],"class_list":["post-57710","product","type-product","status-publish","has-post-thumbnail","hentry","product_cat-cas-je-za-kopalke","product_cat-zenske-kopalke","product_tag-75d","product_tag-80d","product_tag-85d","product_tag-90d","product_tag-kopalke","product_tag-d","product_tag-swim","product_tag-ysabel-mora"],"bundled_by":[],"bundle_stock_status":"outofstock","bundle_stock_quantity":null,"bundle_virtual":false,"bundle_layout":"","bundle_add_to_cart_form_location":"","bundle_editable_in_cart":false,"bundle_sold_individually_context":"","bundle_item_grouping":"","bundle_min_size":"","bundle_max_size":"","bundled_items":[],"bundle_sell_ids":[],"aioseo_notices":[],"_links":{"self":[{"href":"https:\/\/www.polzela.com\/si\/wp-json\/wp\/v2\/product\/57710","targetHints":{"allow":["GET"]}}],"collection":[{"href":"https:\/\/www.polzela.com\/si\/wp-json\/wp\/v2\/product"}],"about":[{"href":"https:\/\/www.polzela.com\/si\/wp-json\/wp\/v2\/types\/product"}],"replies":[{"embeddable":true,"href":"https:\/\/www.polzela.com\/si\/wp-json\/wp\/v2\/comments?post=57710"}],"wp:featuredmedia":[{"embeddable":true,"href":"https:\/\/www.polzela.com\/si\/wp-json\/wp\/v2\/media\/57862"}],"wp:attachment":[{"href":"https:\/\/www.polzela.com\/si\/wp-json\/wp\/v2\/media?parent=57710"}],"wp:term":[{"taxonomy":"product_cat","embeddable":true,"href":"https:\/\/www.polzela.com\/si\/wp-json\/wp\/v2\/product_cat?post=57710"},{"taxonomy":"product_tag","embeddable":true,"href":"https:\/\/www.polzela.com\/si\/wp-json\/wp\/v2\/product_tag?post=57710"}],"curies":[{"name":"wp","href":"https:\/\/api.w.org\/{rel}","templated":true}]}}