{"id":5714,"date":"2018-07-03T15:18:01","date_gmt":"2018-07-03T13:18:01","guid":{"rendered":"https:\/\/www.polzela.com\/si\/product\/classic-1402-copy\/"},"modified":"2026-05-12T14:10:29","modified_gmt":"2026-05-12T12:10:29","slug":"classic-1402","status":"publish","type":"product","link":"https:\/\/www.polzela.com\/si\/product\/classic-1402\/","title":{"rendered":"Mo\u0161ke 1\/4 bomba\u017ene nogavice Classic art.1402"},"content":{"rendered":"<h2>POLZELA Classic<\/h2>\n<p>Linija Classic je linija kakovostnih izdelkov, ki so pleteni iz ko\u017ei prijaznih materialov. Nogavice poleg osnovne za\u0161\u010dite in prijetnega po\u010dutja zagotavljajo ve\u010dje udobje pri no\u0161enju. Nogavice Classic so primerne tako za poslovne kot tudi za druge prilo\u017enosti.<\/p>\n<p>Mo\u0161ke nogavice Klasik nudijo udobje na vsakem koraku.<\/p>\n<p>Vsi uporabljeni materiali so zdravju in ko\u017ei prijazni. Oznaka EKO-TEX 100 kon\u010dnim uporabnikom predstavlja dodatne prednosti preverjene varnosti na ko\u017ei. Izdelki Polzela so okolju prijazni izdelki.<\/p>\n","protected":false},"excerpt":{"rendered":"<p>Mo\u0161ke 1\/4 nogavice poleg osnovne za\u0161\u010dite in prijetnega po\u010dutja zagotavljajo ve\u010dje udobje pri no\u0161enju. Nogavice so primerne za poslovne in druge prilo\u017enosti.<\/p>\n<p>Sestava:\u00a0 65% bomba\u017e 35% poliamid<\/p>\n[caption id=\"attachment_1506\" align=\"alignleft\" width=\"70\"]<img loading=\"lazy\" decoding=\"async\" class=\"size-full wp-image-1506\" src=\"https:\/\/www.polzela.com\/si\/wp-content\/uploads\/sites\/2\/2016\/07\/COMFORT-ROB-1-e1471331294827.jpg\" alt=\"COMFORT ROB\" width=\"70\" height=\"70\" \/> Udoben rob[\/caption]\n","protected":false},"featured_media":1899,"comment_status":"open","ping_status":"closed","template":"","meta":{"om_disable_all_campaigns":false,"_monsterinsights_skip_tracking":false,"_monsterinsights_sitenote_active":false,"_monsterinsights_sitenote_note":"","_monsterinsights_sitenote_category":0},"product_cat":[531],"product_tag":[1333,747],"class_list":["post-5714","product","type-product","status-publish","has-post-thumbnail","hentry","product_cat-nogavice-moski","product_tag-1333","product_tag-cotton"],"bundled_by":[],"bundle_stock_status":"instock","bundle_stock_quantity":null,"bundle_virtual":false,"bundle_layout":"","bundle_add_to_cart_form_location":"","bundle_editable_in_cart":false,"bundle_sold_individually_context":"","bundle_item_grouping":"","bundle_min_size":"","bundle_max_size":"","bundled_items":[],"bundle_sell_ids":[],"aioseo_notices":[],"_links":{"self":[{"href":"https:\/\/www.polzela.com\/si\/wp-json\/wp\/v2\/product\/5714","targetHints":{"allow":["GET"]}}],"collection":[{"href":"https:\/\/www.polzela.com\/si\/wp-json\/wp\/v2\/product"}],"about":[{"href":"https:\/\/www.polzela.com\/si\/wp-json\/wp\/v2\/types\/product"}],"replies":[{"embeddable":true,"href":"https:\/\/www.polzela.com\/si\/wp-json\/wp\/v2\/comments?post=5714"}],"wp:featuredmedia":[{"embeddable":true,"href":"https:\/\/www.polzela.com\/si\/wp-json\/wp\/v2\/media\/1899"}],"wp:attachment":[{"href":"https:\/\/www.polzela.com\/si\/wp-json\/wp\/v2\/media?parent=5714"}],"wp:term":[{"taxonomy":"product_cat","embeddable":true,"href":"https:\/\/www.polzela.com\/si\/wp-json\/wp\/v2\/product_cat?post=5714"},{"taxonomy":"product_tag","embeddable":true,"href":"https:\/\/www.polzela.com\/si\/wp-json\/wp\/v2\/product_tag?post=5714"}],"curies":[{"name":"wp","href":"https:\/\/api.w.org\/{rel}","templated":true}]}}