{"id":51029,"date":"2025-02-28T11:18:30","date_gmt":"2025-02-28T10:18:30","guid":{"rendered":"https:\/\/www.polzela.com\/si\/?post_type=product&#038;p=51029"},"modified":"2025-11-11T08:51:25","modified_gmt":"2025-11-11T07:51:25","slug":"anita-hlacke-slip-art-1388","status":"publish","type":"product","link":"https:\/\/www.polzela.com\/si\/product\/anita-hlacke-slip-art-1388\/","title":{"rendered":"Anita hla\u010dke art.1388"},"content":{"rendered":"","protected":false},"excerpt":{"rendered":"<p><strong>Opis izdelka<\/strong><\/p>\n<p>Tkanina se ne\u017eno prilega ko\u017ei in nudi prijetno udobje. Zaradi gladkosti materiala so spodnjice skoraj neopazne pod obla\u010dili. Zra\u010dno umetno vlakno se hitro su\u0161i.<\/p>\n<p>&#8211; \u017denske brazil spodnjice.<br \/>\n&#8211; Na sprednji strani je neprozorna podloga s \u010dipko.<br \/>\n&#8211; Na zadnji strani \u010dipka cvetli\u010dnega vzorca.<br \/>\n&#8211; Nevidno pod obla\u010dilom.<br \/>\n&#8211; Bomba\u017ena podloga na notranji strani hla\u010dk.<\/p>\n<p><strong>Sestava<\/strong>: 72 % najlon, 15 % elastan, 13 % poliester<\/p>\n[embed]https:\/\/youtu.be\/y3o3ynCZ34M?si=_jA8ACmz-ZUgXTBy[\/embed]\n<p><strong>\u010ce artikla ni na zalogi v trgovini, je dobavni rok 14 dni.<\/strong><\/p>\n<p>&nbsp;<\/p>\n","protected":false},"featured_media":51097,"comment_status":"open","ping_status":"closed","template":"","meta":{"om_disable_all_campaigns":false,"_monsterinsights_skip_tracking":false,"_monsterinsights_sitenote_active":false,"_monsterinsights_sitenote_note":"","_monsterinsights_sitenote_category":0},"product_cat":[42,512],"product_tag":[987,547],"class_list":["post-51029","product","type-product","status-publish","has-post-thumbnail","hentry","product_cat-zenske","product_cat-spodnje-perilo-zenske","product_tag-anita","product_tag-hlacke"],"bundled_by":[],"bundle_stock_status":"instock","bundle_stock_quantity":null,"bundle_virtual":false,"bundle_layout":"","bundle_add_to_cart_form_location":"","bundle_editable_in_cart":false,"bundle_sold_individually_context":"","bundle_item_grouping":"","bundle_min_size":"","bundle_max_size":"","bundled_items":[],"bundle_sell_ids":[],"aioseo_notices":[],"_links":{"self":[{"href":"https:\/\/www.polzela.com\/si\/wp-json\/wp\/v2\/product\/51029","targetHints":{"allow":["GET"]}}],"collection":[{"href":"https:\/\/www.polzela.com\/si\/wp-json\/wp\/v2\/product"}],"about":[{"href":"https:\/\/www.polzela.com\/si\/wp-json\/wp\/v2\/types\/product"}],"replies":[{"embeddable":true,"href":"https:\/\/www.polzela.com\/si\/wp-json\/wp\/v2\/comments?post=51029"}],"wp:featuredmedia":[{"embeddable":true,"href":"https:\/\/www.polzela.com\/si\/wp-json\/wp\/v2\/media\/51097"}],"wp:attachment":[{"href":"https:\/\/www.polzela.com\/si\/wp-json\/wp\/v2\/media?parent=51029"}],"wp:term":[{"taxonomy":"product_cat","embeddable":true,"href":"https:\/\/www.polzela.com\/si\/wp-json\/wp\/v2\/product_cat?post=51029"},{"taxonomy":"product_tag","embeddable":true,"href":"https:\/\/www.polzela.com\/si\/wp-json\/wp\/v2\/product_tag?post=51029"}],"curies":[{"name":"wp","href":"https:\/\/api.w.org\/{rel}","templated":true}]}}