{"id":50978,"date":"2025-02-27T07:06:06","date_gmt":"2025-02-27T06:06:06","guid":{"rendered":"https:\/\/www.polzela.com\/si\/?post_type=product&#038;p=50978"},"modified":"2025-11-11T08:51:25","modified_gmt":"2025-11-11T07:51:25","slug":"anita-nedrcek-art-5291","status":"publish","type":"product","link":"https:\/\/www.polzela.com\/si\/product\/anita-nedrcek-art-5291\/","title":{"rendered":"Anita nedr\u010dek art.5291"},"content":{"rendered":"","protected":false},"excerpt":{"rendered":"<p><strong>Opis izdelka<\/strong><\/p>\n<p>Oja\u010dane naramnice zmanj\u0161ajo obremenitev ramenskega in vratnega dela. Visok, zaprt model modr\u010dka poskrbi, da prsi ne uhajajo iz ko\u0161aric. \u0160irok pas za zapenjanje razbremeni te\u017eo prsi in poskrbi za lep\u0161o naravno dr\u017eo va\u0161ega telesa.<\/p>\n<p>&#8211; Podlo\u017een modr\u010dek.<br \/>\n&#8211; Z \u017ei\u010dno oporo.<br \/>\n&#8211; Oblikovana ko\u0161arica.<br \/>\n&#8211; Rahlo ble\u0161\u010de\u010da tkanina.<br \/>\n&#8211; Na sredini, med ko\u0161aricama, dekoracija pentlje in obeska.<br \/>\n&#8211; \u010cipka s cvetli\u010dnim vzorcem na naramnici in na spodnjem delu pasu za zapenjanje.<br \/>\n&#8211; Na zadnji strani \u010dipka, ki je ob straneh oja\u010dana z neraztegljivo podlogo.<br \/>\n&#8211; Nastavljive naramnice.<\/p>\n<p><strong>Sestava<\/strong>: 83 % najlon, 17 % elastan<\/p>\n<p><em><strong>\u010ce artikla trenutno ni na zalogi v trgovini, je rok dobave zanj 14 dni.<\/strong><\/em><\/p>\n<p>&nbsp;<\/p>\n<p>&nbsp;<\/p>\n<p>&nbsp;<\/p>\n","protected":false},"featured_media":51091,"comment_status":"open","ping_status":"closed","template":"","meta":{"om_disable_all_campaigns":false,"_monsterinsights_skip_tracking":false,"_monsterinsights_sitenote_active":false,"_monsterinsights_sitenote_note":"","_monsterinsights_sitenote_category":0},"product_cat":[42,512],"product_tag":[987,670],"class_list":["post-50978","product","type-product","status-publish","has-post-thumbnail","hentry","product_cat-zenske","product_cat-spodnje-perilo-zenske","product_tag-anita","product_tag-nedrcek"],"bundled_by":[],"bundle_stock_status":"instock","bundle_stock_quantity":null,"bundle_virtual":false,"bundle_layout":"","bundle_add_to_cart_form_location":"","bundle_editable_in_cart":false,"bundle_sold_individually_context":"","bundle_item_grouping":"","bundle_min_size":"","bundle_max_size":"","bundled_items":[],"bundle_sell_ids":[],"aioseo_notices":[],"_links":{"self":[{"href":"https:\/\/www.polzela.com\/si\/wp-json\/wp\/v2\/product\/50978","targetHints":{"allow":["GET"]}}],"collection":[{"href":"https:\/\/www.polzela.com\/si\/wp-json\/wp\/v2\/product"}],"about":[{"href":"https:\/\/www.polzela.com\/si\/wp-json\/wp\/v2\/types\/product"}],"replies":[{"embeddable":true,"href":"https:\/\/www.polzela.com\/si\/wp-json\/wp\/v2\/comments?post=50978"}],"wp:featuredmedia":[{"embeddable":true,"href":"https:\/\/www.polzela.com\/si\/wp-json\/wp\/v2\/media\/51091"}],"wp:attachment":[{"href":"https:\/\/www.polzela.com\/si\/wp-json\/wp\/v2\/media?parent=50978"}],"wp:term":[{"taxonomy":"product_cat","embeddable":true,"href":"https:\/\/www.polzela.com\/si\/wp-json\/wp\/v2\/product_cat?post=50978"},{"taxonomy":"product_tag","embeddable":true,"href":"https:\/\/www.polzela.com\/si\/wp-json\/wp\/v2\/product_tag?post=50978"}],"curies":[{"name":"wp","href":"https:\/\/api.w.org\/{rel}","templated":true}]}}