{"id":50964,"date":"2025-02-26T09:04:32","date_gmt":"2025-02-26T08:04:32","guid":{"rendered":"https:\/\/www.polzela.com\/si\/?post_type=product&#038;p=50964"},"modified":"2026-02-03T11:10:27","modified_gmt":"2026-02-03T10:10:27","slug":"zenska-majica-brez-rokavov-mysublyme-art-12207","status":"publish","type":"product","link":"https:\/\/www.polzela.com\/si\/product\/zenska-majica-brez-rokavov-mysublyme-art-12207\/","title":{"rendered":"\u017denska majica brez rokavov MySublyme art.12207"},"content":{"rendered":"","protected":false},"excerpt":{"rendered":"<p><strong>Opis izdelka<\/strong><\/p>\n<p id=\"tw-target-text\" class=\"tw-data-text tw-text-large tw-ta\" dir=\"ltr\" data-placeholder=\"Prevod\" data-ved=\"2ahUKEwjOovfH-rGCAxUMhP0HHTiFB0kQ3ewLegQICBAQ\"><span class=\"Y2IQFc\" lang=\"sl\">\u017denska majica MySublyme brez rokavov je popoln dodatek va\u0161i garderobi. Ta italijanski izdelek je narejen iz bomba\u017ea in elastana, ki ponuja ob\u010dutek razko\u0161ja in udobja brez primere. Okrogel ovratnik, \u0161iroke naramnice T oblike zadaj in rebrast vzorec.<\/span><\/p>\n<p><strong>Sestava: <\/strong>70% bomba\u017e, 16% poliester, 10% poliamid, 4% elastan<\/p>\n<p>&nbsp;<\/p>\n","protected":false},"featured_media":51117,"comment_status":"open","ping_status":"closed","template":"","meta":{"om_disable_all_campaigns":false,"_monsterinsights_skip_tracking":false,"_monsterinsights_sitenote_active":false,"_monsterinsights_sitenote_note":"","_monsterinsights_sitenote_category":0},"product_cat":[779,42],"product_tag":[553,1038,1314],"class_list":["post-50964","product","type-product","status-publish","has-post-thumbnail","hentry","product_cat-majice","product_cat-zenske","product_tag-majica","product_tag-mysublyme","product_tag-popusti-50"],"bundled_by":[],"bundle_stock_status":"outofstock","bundle_stock_quantity":null,"bundle_virtual":false,"bundle_layout":"","bundle_add_to_cart_form_location":"","bundle_editable_in_cart":false,"bundle_sold_individually_context":"","bundle_item_grouping":"","bundle_min_size":"","bundle_max_size":"","bundled_items":[],"bundle_sell_ids":[],"aioseo_notices":[],"_links":{"self":[{"href":"https:\/\/www.polzela.com\/si\/wp-json\/wp\/v2\/product\/50964","targetHints":{"allow":["GET"]}}],"collection":[{"href":"https:\/\/www.polzela.com\/si\/wp-json\/wp\/v2\/product"}],"about":[{"href":"https:\/\/www.polzela.com\/si\/wp-json\/wp\/v2\/types\/product"}],"replies":[{"embeddable":true,"href":"https:\/\/www.polzela.com\/si\/wp-json\/wp\/v2\/comments?post=50964"}],"wp:featuredmedia":[{"embeddable":true,"href":"https:\/\/www.polzela.com\/si\/wp-json\/wp\/v2\/media\/51117"}],"wp:attachment":[{"href":"https:\/\/www.polzela.com\/si\/wp-json\/wp\/v2\/media?parent=50964"}],"wp:term":[{"taxonomy":"product_cat","embeddable":true,"href":"https:\/\/www.polzela.com\/si\/wp-json\/wp\/v2\/product_cat?post=50964"},{"taxonomy":"product_tag","embeddable":true,"href":"https:\/\/www.polzela.com\/si\/wp-json\/wp\/v2\/product_tag?post=50964"}],"curies":[{"name":"wp","href":"https:\/\/api.w.org\/{rel}","templated":true}]}}