{"id":4936,"date":"2023-11-13T11:51:33","date_gmt":"2023-11-13T10:51:33","guid":{"rendered":"https:\/\/www.polzela.com\/si\/izdelek\/fantasy-hlacne-nogavice-40den-9093-e12\/"},"modified":"2026-01-16T16:19:54","modified_gmt":"2026-01-16T15:19:54","slug":"fantasy-hlacne-nogavice-40den-9093-e12","status":"publish","type":"product","link":"https:\/\/www.polzela.com\/si\/product\/fantasy-hlacne-nogavice-40den-9093-e12\/","title":{"rendered":"Fantasy &#8211; Hla\u010dne nogavice 40den (9093-E12)"},"content":{"rendered":"<h2>POLZELA Fantasy &#8211; Hla\u010dne nogavice 40den<\/h2>\n<p>Modne vzor\u010daste hla\u010dne nogavice 40den, pokrivajo celotno dol\u017eino nog in segajo vse do pasu.\u00a0 Modnega videza s privla\u010dnim vzorcem. Za\u017eelene so v hladnej\u0161ih mesecih, saj grejejo noge.<\/p>\n<p>POLZELA Fantasy\u2013 kolekcija hla\u010dnih nogavic, Capri hla\u010dnih nogavic, dokolenk in kratkih nogavic, nudijo za\u0161\u010dito ko\u017ei in dodajajo modni videz nog. Modna, drzna, elegantna in vedno zapeljiva kolekcija nogavic Polzela Fantasy.<\/p>\n<p>Vsi uporabljeni materiali so zdravju in ko\u017ei prijazni. Oznaka EKO-TEX 100 kon\u010dnim uporabnikom predstavlja dodatne prednosti preverjene varnosti na ko\u017ei. Izdelki Polzela so okolju prijazni izdelki.<\/p>\n","protected":false},"excerpt":{"rendered":"<p><strong>Opis izdelka<\/strong><\/p>\n<p>Vzor\u010daste hla\u010dne nogavice Fantasy 40den so modnega videza s privla\u010dnim vzorcem.\u00a0Za\u017eelene so v predvsem v hladnej\u0161ih mesecih, saj grejejo noge.<\/p>\n<p><strong>Sestava:<\/strong> 90% Poliamid 10% Elastan<\/p>\n[caption id=\"attachment_1535\" align=\"alignleft\" width=\"70\"]<img loading=\"lazy\" decoding=\"async\" class=\"wp-image-1535 size-full\" src=\"https:\/\/www.polzela.com\/si\/wp-content\/uploads\/sites\/2\/2016\/08\/COMFORT-ROBPAS-e1471331245423.jpg\" alt=\"Udoben pas\" width=\"70\" height=\"70\" \/> Udoben pas[\/caption]\n<p>&nbsp;<\/p>\n<p>&nbsp;<\/p>\n<p>&nbsp;<\/p>\n<p>&nbsp;<\/p>\n<p>&nbsp;<\/p>\n","protected":false},"featured_media":4935,"comment_status":"open","ping_status":"closed","template":"","meta":{"om_disable_all_campaigns":false,"_monsterinsights_skip_tracking":false,"_monsterinsights_sitenote_active":false,"_monsterinsights_sitenote_note":"","_monsterinsights_sitenote_category":0},"product_cat":[42,374],"product_tag":[606,677],"class_list":["post-4936","product","type-product","status-publish","has-post-thumbnail","hentry","product_cat-zenske","product_cat-hlacne-nogavice","product_tag-40-den","product_tag-fantasy"],"bundled_by":[],"bundle_stock_status":"instock","bundle_stock_quantity":null,"bundle_virtual":false,"bundle_layout":"","bundle_add_to_cart_form_location":"","bundle_editable_in_cart":false,"bundle_sold_individually_context":"","bundle_item_grouping":"","bundle_min_size":"","bundle_max_size":"","bundled_items":[],"bundle_sell_ids":[],"aioseo_notices":[],"_links":{"self":[{"href":"https:\/\/www.polzela.com\/si\/wp-json\/wp\/v2\/product\/4936","targetHints":{"allow":["GET"]}}],"collection":[{"href":"https:\/\/www.polzela.com\/si\/wp-json\/wp\/v2\/product"}],"about":[{"href":"https:\/\/www.polzela.com\/si\/wp-json\/wp\/v2\/types\/product"}],"replies":[{"embeddable":true,"href":"https:\/\/www.polzela.com\/si\/wp-json\/wp\/v2\/comments?post=4936"}],"wp:featuredmedia":[{"embeddable":true,"href":"https:\/\/www.polzela.com\/si\/wp-json\/wp\/v2\/media\/4935"}],"wp:attachment":[{"href":"https:\/\/www.polzela.com\/si\/wp-json\/wp\/v2\/media?parent=4936"}],"wp:term":[{"taxonomy":"product_cat","embeddable":true,"href":"https:\/\/www.polzela.com\/si\/wp-json\/wp\/v2\/product_cat?post=4936"},{"taxonomy":"product_tag","embeddable":true,"href":"https:\/\/www.polzela.com\/si\/wp-json\/wp\/v2\/product_tag?post=4936"}],"curies":[{"name":"wp","href":"https:\/\/api.w.org\/{rel}","templated":true}]}}