{"id":47867,"date":"2024-11-21T09:24:20","date_gmt":"2024-11-21T08:24:20","guid":{"rendered":"https:\/\/www.polzela.com\/si\/?post_type=product&#038;p=47867"},"modified":"2026-02-03T11:10:27","modified_gmt":"2026-02-03T10:10:27","slug":"cat-moska-kapa-s-siltom-w01791-5","status":"publish","type":"product","link":"https:\/\/www.polzela.com\/si\/product\/cat-moska-kapa-s-siltom-w01791-5\/","title":{"rendered":"CAT mo\u0161ka kapa s \u0161iltom W01791"},"content":{"rendered":"<p>Mo\u0161ka kapa s \u0161iltom.<\/p>\n<p>Na sprednji strani kape je 3D CAT logotip, izdelan s tehniko vezenja.<\/p>\n<p>Za udobno uporabo je na zadnji strani plasti\u010dna zaponka, ki omogo\u010da prilagajanje velikosti.<\/p>\n<p>Sestava: 100 % bomba\u017e.<\/p>\n","protected":false},"excerpt":{"rendered":"<p>Mo\u0161ka kapa s \u0161iltom.<\/p>\n<p>Na sprednji strani kape je 3D CAT logotip, izdelan s tehniko vezenja.<\/p>\n<p>Za udobno uporabo je na zadnji strani plasti\u010dna zaponka, ki omogo\u010da prilagajanje velikosti.<\/p>\n<p><strong>Barva:<\/strong> Rumena<\/p>\n<p><strong>Sestava:<\/strong> 100 % bomba\u017e.<\/p>\n","protected":false},"featured_media":47850,"comment_status":"open","ping_status":"closed","template":"","meta":{"om_disable_all_campaigns":false,"_monsterinsights_skip_tracking":false,"_monsterinsights_sitenote_active":false,"_monsterinsights_sitenote_note":"","_monsterinsights_sitenote_category":0},"product_cat":[761,1043,977],"product_tag":[560,1018],"class_list":["post-47867","product","type-product","status-publish","has-post-thumbnail","hentry","product_cat-cat-delovna-oblacila","product_cat-delovne-kape-dodatki-obutev","product_cat-cat-oblacila","product_tag-cat","product_tag-workwear"],"bundled_by":[],"bundle_stock_status":"instock","bundle_stock_quantity":null,"bundle_virtual":false,"bundle_layout":"","bundle_add_to_cart_form_location":"","bundle_editable_in_cart":false,"bundle_sold_individually_context":"","bundle_item_grouping":"","bundle_min_size":"","bundle_max_size":"","bundled_items":[],"bundle_sell_ids":[],"aioseo_notices":[],"_links":{"self":[{"href":"https:\/\/www.polzela.com\/si\/wp-json\/wp\/v2\/product\/47867","targetHints":{"allow":["GET"]}}],"collection":[{"href":"https:\/\/www.polzela.com\/si\/wp-json\/wp\/v2\/product"}],"about":[{"href":"https:\/\/www.polzela.com\/si\/wp-json\/wp\/v2\/types\/product"}],"replies":[{"embeddable":true,"href":"https:\/\/www.polzela.com\/si\/wp-json\/wp\/v2\/comments?post=47867"}],"wp:featuredmedia":[{"embeddable":true,"href":"https:\/\/www.polzela.com\/si\/wp-json\/wp\/v2\/media\/47850"}],"wp:attachment":[{"href":"https:\/\/www.polzela.com\/si\/wp-json\/wp\/v2\/media?parent=47867"}],"wp:term":[{"taxonomy":"product_cat","embeddable":true,"href":"https:\/\/www.polzela.com\/si\/wp-json\/wp\/v2\/product_cat?post=47867"},{"taxonomy":"product_tag","embeddable":true,"href":"https:\/\/www.polzela.com\/si\/wp-json\/wp\/v2\/product_tag?post=47867"}],"curies":[{"name":"wp","href":"https:\/\/api.w.org\/{rel}","templated":true}]}}