{"id":47792,"date":"2024-11-21T08:15:54","date_gmt":"2024-11-21T07:15:54","guid":{"rendered":"https:\/\/www.polzela.com\/si\/?post_type=product&#038;p=47792"},"modified":"2026-02-13T22:16:29","modified_gmt":"2026-02-13T21:16:29","slug":"cat-moski-pulover-s-kapuco-in-zadrgo-art-1050020","status":"publish","type":"product","link":"https:\/\/www.polzela.com\/si\/product\/cat-moski-pulover-s-kapuco-in-zadrgo-art-1050020\/","title":{"rendered":"CAT mo\u0161ki pulover s kapuco in zadrgo art. 1050020"},"content":{"rendered":"<p>Pulover s kapuco in na zadrgo po celotni dol\u017eini ter \u017eepi. Na ramenih je utrjen s trpe\u017enim najlonom.<\/p>\n<p>Sestava: 65 % poliester, 35 % elastan.<\/p>\n","protected":false},"excerpt":{"rendered":"<p><strong>Opis izdelka<\/strong><\/p>\n<p id=\"tw-target-text\" class=\"tw-data-text tw-text-large tw-ta\" dir=\"ltr\" data-placeholder=\"Prevod\"><span class=\"Y2IQFc\" lang=\"sl\">Pulover s kapuco in na zadrgo po celotni dol\u017eini ter \u017eepi. Na ramenih je utrjen s trpe\u017enim najlonom.\u00a0 Udoben in idealen za no\u0161enje kot delovno obla\u010dilo ali za prosti \u010das.\u00a0<\/span><\/p>\n<p dir=\"ltr\" data-placeholder=\"Prevod\"><strong>Barva:<\/strong> Siva<\/p>\n<p><strong>Sestava:<\/strong> <span class=\"Y2IQFc\" lang=\"sl\"> 65 % poliester, 35 % elastan.<\/span><\/p>\n<p>&nbsp;<\/p>\n","protected":false},"featured_media":47781,"comment_status":"open","ping_status":"closed","template":"","meta":{"om_disable_all_campaigns":false,"_monsterinsights_skip_tracking":false,"_monsterinsights_sitenote_active":false,"_monsterinsights_sitenote_note":"","_monsterinsights_sitenote_category":0},"product_cat":[761,980,977],"product_tag":[560,1042,1154],"class_list":["post-47792","product","type-product","status-publish","has-post-thumbnail","hentry","product_cat-cat-delovna-oblacila","product_cat-delovne-jakne-in-jope","product_cat-cat-oblacila","product_tag-cat","product_tag-cat-majice","product_tag-cat40"],"bundled_by":[],"bundle_stock_status":"instock","bundle_stock_quantity":null,"bundle_virtual":false,"bundle_layout":"","bundle_add_to_cart_form_location":"","bundle_editable_in_cart":false,"bundle_sold_individually_context":"","bundle_item_grouping":"","bundle_min_size":"","bundle_max_size":"","bundled_items":[],"bundle_sell_ids":[],"aioseo_notices":[],"_links":{"self":[{"href":"https:\/\/www.polzela.com\/si\/wp-json\/wp\/v2\/product\/47792","targetHints":{"allow":["GET"]}}],"collection":[{"href":"https:\/\/www.polzela.com\/si\/wp-json\/wp\/v2\/product"}],"about":[{"href":"https:\/\/www.polzela.com\/si\/wp-json\/wp\/v2\/types\/product"}],"replies":[{"embeddable":true,"href":"https:\/\/www.polzela.com\/si\/wp-json\/wp\/v2\/comments?post=47792"}],"wp:featuredmedia":[{"embeddable":true,"href":"https:\/\/www.polzela.com\/si\/wp-json\/wp\/v2\/media\/47781"}],"wp:attachment":[{"href":"https:\/\/www.polzela.com\/si\/wp-json\/wp\/v2\/media?parent=47792"}],"wp:term":[{"taxonomy":"product_cat","embeddable":true,"href":"https:\/\/www.polzela.com\/si\/wp-json\/wp\/v2\/product_cat?post=47792"},{"taxonomy":"product_tag","embeddable":true,"href":"https:\/\/www.polzela.com\/si\/wp-json\/wp\/v2\/product_tag?post=47792"}],"curies":[{"name":"wp","href":"https:\/\/api.w.org\/{rel}","templated":true}]}}