{"id":4729,"date":"2023-10-24T11:53:53","date_gmt":"2023-10-24T09:53:53","guid":{"rendered":"https:\/\/www.polzela.com\/si\/izdelek\/comfort-glorija-20den-9236\/"},"modified":"2025-11-19T22:39:36","modified_gmt":"2025-11-19T21:39:36","slug":"comfort-glorija-20den-9236","status":"publish","type":"product","link":"https:\/\/www.polzela.com\/si\/product\/comfort-glorija-20den-9236\/","title":{"rendered":"\u017denske mehke hla\u010dne nogavice Glorija 20den"},"content":{"rendered":"<h2><strong>POLZELA Comfort Glorija 20den<br \/>\n<\/strong><\/h2>\n<ul>\n<li>Mehke hla\u010dne nogavice za mo\u010dnej\u0161e postave, velikosti 2-5 in vmesnimi.<\/li>\n<li>Dol\u017eina nogavic je normalne velikosti, hla\u010dni del je pove\u010dan z velikim vstavkom spredaj in zadaj.<\/li>\n<li>Ploski \u0161iv v hla\u010dnem delu, ki se pri no\u0161enju ne ob\u010duti<\/li>\n<li>Nogavice so pletene v gladki vezavi, zato so izredno mehke na dotik.<\/li>\n<li>Pobarvane so z neopore\u010dnimi kislimi barvili in obdelane s silikonskim meh\u010dalcem, ki daje dokolenki \u0161e mehkej\u0161i otip.<\/li>\n<\/ul>\n<p>V dveh sistemih je dodana Lycra, ki daje nogavici bolj\u0161o elasti\u010dnost in s tem dober oprijem na nogi.<\/p>\n<p>Linija Comfort je linija visoko kakovostnih izdelkov, ki so pleteni iz naravnih ko\u017ei prijaznih materialov. Za popolno udobje in za\u0161\u010dito va\u0161ih nog. Omilite te\u017eave s kr\u010dnimi \u017eilami, celulitom in ujemite sve\u017e poletni ten na va\u0161ih nogah. Posebne kombinacije razli\u010dnih materialov hla\u010dnih nogavic in dokolenk\u00a0 varujejo va\u0161e noge in\u00a0 jim nudijo dodatno za\u0161\u010dito skupaj z lepim videzom. Negujte svoje noge in jim privo\u0161\u010dite le najbolj\u0161e, energijo in eleganco skozi ves dan z nogavicami Comfort.<\/p>\n<p>Vsi uporabljeni materiali so zdravju in ko\u017ei prijazni. Oznaka EKO-TEX 100 kon\u010dnim uporabnikom predstavlja dodatne prednosti preverjene varnosti na ko\u017ei. Izdelki Polzela so okolju prijazni izdelki.<\/p>\n<p><strong>Opis izdelka:<\/strong><\/p>\n<p>\u017denske mehke hla\u010dne nogavice za mo\u010dnej\u0161e postave velikosti 2-5 in vmesnimi.<\/p>\n<p><strong>Sestava:<\/strong>\u00a085% Poliamid 15% Elastan<\/p>\n<p>POLZELA nogavice \u017eenske, mo\u0161ke, otro\u0161ke<\/p>\n","protected":false},"excerpt":{"rendered":"<p><strong>Opis izdelka:<\/strong><\/p>\n<p>\u017denske mehke hla\u010dne nogavice za mo\u010dnej\u0161e postave velikosti 2-5 in vmesnimi.<\/p>\n<p><strong>Sestava:<\/strong>\u00a085% Poliamid 15% Elastan<\/p>\n[caption id=\"attachment_1509\" align=\"alignleft\" width=\"70\"]<img loading=\"lazy\" decoding=\"async\" class=\"size-full wp-image-1509\" src=\"https:\/\/www.polzela.com\/si\/wp-content\/uploads\/sites\/2\/2016\/07\/SOFT-TOUCH-e1471331274468.jpg\" alt=\"SOFT TOUCH\" width=\"70\" height=\"70\" \/> Izjemno mehko[\/caption]\n[caption id=\"attachment_1535\" align=\"alignleft\" width=\"70\"]<img loading=\"lazy\" decoding=\"async\" class=\"size-full wp-image-1535\" src=\"https:\/\/www.polzela.com\/si\/wp-content\/uploads\/sites\/2\/2016\/08\/COMFORT-ROBPAS-e1471331245423.jpg\" alt=\"COMFORT ROB\/PAS\" width=\"70\" height=\"70\" \/> Udoben pas[\/caption]\n[caption id=\"attachment_1520\" align=\"alignleft\" width=\"70\"]<img loading=\"lazy\" decoding=\"async\" class=\"size-medium wp-image-1520\" src=\"https:\/\/www.polzela.com\/si\/wp-content\/uploads\/sites\/2\/2016\/08\/PLOSKI-SIV-300x300.jpg\" alt=\"\" width=\"70\" height=\"70\" \/> Ploski \u0161iv[\/caption]\n","protected":false},"featured_media":4682,"comment_status":"open","ping_status":"closed","template":"","meta":{"om_disable_all_campaigns":false,"_monsterinsights_skip_tracking":false,"_monsterinsights_sitenote_active":false,"_monsterinsights_sitenote_note":"","_monsterinsights_sitenote_category":0},"product_cat":[42,374],"product_tag":[],"class_list":["post-4729","product","type-product","status-publish","has-post-thumbnail","hentry","product_cat-zenske","product_cat-hlacne-nogavice"],"bundled_by":[],"bundle_stock_status":"instock","bundle_stock_quantity":null,"bundle_virtual":false,"bundle_layout":"","bundle_add_to_cart_form_location":"","bundle_editable_in_cart":false,"bundle_sold_individually_context":"","bundle_item_grouping":"","bundle_min_size":"","bundle_max_size":"","bundled_items":[],"bundle_sell_ids":[],"aioseo_notices":[],"_links":{"self":[{"href":"https:\/\/www.polzela.com\/si\/wp-json\/wp\/v2\/product\/4729","targetHints":{"allow":["GET"]}}],"collection":[{"href":"https:\/\/www.polzela.com\/si\/wp-json\/wp\/v2\/product"}],"about":[{"href":"https:\/\/www.polzela.com\/si\/wp-json\/wp\/v2\/types\/product"}],"replies":[{"embeddable":true,"href":"https:\/\/www.polzela.com\/si\/wp-json\/wp\/v2\/comments?post=4729"}],"wp:featuredmedia":[{"embeddable":true,"href":"https:\/\/www.polzela.com\/si\/wp-json\/wp\/v2\/media\/4682"}],"wp:attachment":[{"href":"https:\/\/www.polzela.com\/si\/wp-json\/wp\/v2\/media?parent=4729"}],"wp:term":[{"taxonomy":"product_cat","embeddable":true,"href":"https:\/\/www.polzela.com\/si\/wp-json\/wp\/v2\/product_cat?post=4729"},{"taxonomy":"product_tag","embeddable":true,"href":"https:\/\/www.polzela.com\/si\/wp-json\/wp\/v2\/product_tag?post=4729"}],"curies":[{"name":"wp","href":"https:\/\/api.w.org\/{rel}","templated":true}]}}