{"id":47266,"date":"2024-11-11T12:47:23","date_gmt":"2024-11-11T11:47:23","guid":{"rendered":"https:\/\/www.polzela.com\/si\/?post_type=product&#038;p=47266"},"modified":"2026-02-11T21:47:57","modified_gmt":"2026-02-11T20:47:57","slug":"cat-moske-delovne-hlace-1080048","status":"publish","type":"product","link":"https:\/\/www.polzela.com\/si\/product\/cat-moske-delovne-hlace-1080048\/","title":{"rendered":"CAT mo\u0161ke delovne hla\u010de 1080048"},"content":{"rendered":"<p><strong>Trpe\u017ene in raztegljive mo\u0161ke delovne hla\u010de z \u017eepi na kolenih<\/strong><\/p>\n<p>Te mo\u0161ke delovne hla\u010de so zasnovane za dolgotrajno uporabo in maksimalno za\u0161\u010dito med delom. Imajo \u0161tevilne \u017eepe, za shranjevanje raznolikih pripomo\u010dkov.<\/p>\n<p>Kolenski del ima \u017eepe in je oja\u010dan s tkanino <em>cordura<\/em>, ki znatno pove\u010duje vzdr\u017eljivost in \u0161\u010diti pred obrabo, medtem ko dvostranska raztegljiva tkanina omogo\u010da udobno in prosto gibanje.<\/p>\n<p><strong>Klju\u010dne lastnosti:<\/strong><\/p>\n<ul>\n<li>Etiketa z logotipom na levem cargo \u017eepu in na zadnji zanki za pas<\/li>\n<li>Sprednji po\u0161evni \u017eepi z okrasnimi kovinskimi zakovicami z logotipom<\/li>\n<li>\u017depi za kolen\u010dnike s Cordura\u00ae oja\u010ditvami in ergonomsko oblikovanimi prekati na kolenih<\/li>\n<li>Sprednji \u017eepi za orodje<\/li>\n<li>\u017dep za orodje in zanka za kladivo na zadnjem desnem stegnu<\/li>\n<li>\u017dep za mobilni telefon na sprednjem desnem stegnu z zavihkom in zapiranjem na je\u017eka<\/li>\n<li>Levi stranski cargo \u017eep z zavihkom in zapiranjem na je\u017eka ter dodatnimi \u017eepi<\/li>\n<li>Odprti zadnji \u017eepi<\/li>\n<li>Oja\u010ditev v razkoraku v obliki diamanta<\/li>\n<\/ul>\n<p><strong>Sestava:<\/strong><\/p>\n<ul>\n<li>Twill, 65 % poliester, 33 % bomba\u017e, 2 % elastan,<\/li>\n<li>Prekati na kolenih: Oxford, 100 % Cordura\u00ae najlon,<\/li>\n<\/ul>\n<p><strong>Kroj:<\/strong><br \/>\nSlim fit, raven kroj hla\u010dnic s 38 cm \u0161irokim zaklju\u010dkom<\/p>\n<ul>\n<li style=\"list-style-type: none\"><\/li>\n<\/ul>\n<p>Te hla\u010de zdru\u017eujejo prakti\u010dnost, vzdr\u017eljivost in udobje \u2013 vse, kar potrebujete za izzive na delovnem mestu!<\/p>\n","protected":false},"excerpt":{"rendered":"<p><strong>Opis izdelka<\/strong><\/p>\n<div class=\"product-tabs__content__slice\">\n<div class=\"product-tabs__content__cms\">\n<p><strong>Trpe\u017ene in raztegljive mo\u0161ke delovne hla\u010de z \u017eepi na kolenih<\/strong><\/p>\n<p>Te mo\u0161ke delovne hla\u010de so zasnovane za dolgotrajno uporabo in maksimalno za\u0161\u010dito med delom. Imajo \u0161tevilne \u017eepe, za shranjevanje raznolikih pripomo\u010dkov.<\/p>\n<p>Kolenski del ima \u017eepe in je oja\u010dan s tkanino <em>cordura<\/em>, ki znatno pove\u010duje vzdr\u017eljivost in \u0161\u010diti pred obrabo, medtem ko dvostranska raztegljiva tkanina omogo\u010da udobno in prosto gibanje.<\/p>\n<p><strong>Klju\u010dne lastnosti:<\/strong><\/p>\n<ul>\n<li>Etiketa z logotipom na levem cargo \u017eepu in na zadnji zanki za pas<\/li>\n<li>Sprednji po\u0161evni \u017eepi z okrasnimi kovinskimi zakovicami z logotipom<\/li>\n<li>\u017depi za kolen\u010dnike s Cordura\u00ae oja\u010ditvami in ergonomsko oblikovanimi prekati na kolenih<\/li>\n<li>Sprednji \u017eepi za orodje<\/li>\n<li>\u017dep za orodje in zanka za kladivo na zadnjem desnem stegnu<\/li>\n<li>\u017dep za mobilni telefon na sprednjem desnem stegnu z zavihkom in zapiranjem na je\u017eka<\/li>\n<li>Levi stranski cargo \u017eep z zavihkom in zapiranjem na je\u017eka ter dodatnimi \u017eepi<\/li>\n<li>Odprti zadnji \u017eepi<\/li>\n<li>Oja\u010ditev v razkoraku v obliki diamanta<\/li>\n<\/ul>\n<p><strong>Sestava:<\/strong><\/p>\n<ul>\n<li>Twill, 65 % poliester, 33 % bomba\u017e, 2 % elastan,<\/li>\n<li>Prekati na kolenih: Oxford, 100 % Cordura\u00ae najlon,<\/li>\n<\/ul>\n<p><strong>Kroj:<\/strong><br \/>\nSlim fit, raven kroj hla\u010dnic s 38 cm \u0161irokim zaklju\u010dkom<\/p>\n<p>Te hla\u010de zdru\u017eujejo prakti\u010dnost, vzdr\u017eljivost in udobje \u2013 vse, kar potrebujete za izzive na delovnem mestu!<\/p>\n<\/div>\n<\/div>\n","protected":false},"featured_media":47647,"comment_status":"open","ping_status":"closed","template":"","meta":{"om_disable_all_campaigns":false,"_monsterinsights_skip_tracking":false,"_monsterinsights_sitenote_active":false,"_monsterinsights_sitenote_note":"","_monsterinsights_sitenote_category":0},"product_cat":[761,1040,977],"product_tag":[560,1156,1018],"class_list":["post-47266","product","type-product","status-publish","has-post-thumbnail","hentry","product_cat-cat-delovna-oblacila","product_cat-delovne-hlace-cat","product_cat-cat-oblacila","product_tag-cat","product_tag-fw24-25","product_tag-workwear"],"bundled_by":[],"bundle_stock_status":"instock","bundle_stock_quantity":null,"bundle_virtual":false,"bundle_layout":"","bundle_add_to_cart_form_location":"","bundle_editable_in_cart":false,"bundle_sold_individually_context":"","bundle_item_grouping":"","bundle_min_size":"","bundle_max_size":"","bundled_items":[],"bundle_sell_ids":[],"aioseo_notices":[],"_links":{"self":[{"href":"https:\/\/www.polzela.com\/si\/wp-json\/wp\/v2\/product\/47266","targetHints":{"allow":["GET"]}}],"collection":[{"href":"https:\/\/www.polzela.com\/si\/wp-json\/wp\/v2\/product"}],"about":[{"href":"https:\/\/www.polzela.com\/si\/wp-json\/wp\/v2\/types\/product"}],"replies":[{"embeddable":true,"href":"https:\/\/www.polzela.com\/si\/wp-json\/wp\/v2\/comments?post=47266"}],"wp:featuredmedia":[{"embeddable":true,"href":"https:\/\/www.polzela.com\/si\/wp-json\/wp\/v2\/media\/47647"}],"wp:attachment":[{"href":"https:\/\/www.polzela.com\/si\/wp-json\/wp\/v2\/media?parent=47266"}],"wp:term":[{"taxonomy":"product_cat","embeddable":true,"href":"https:\/\/www.polzela.com\/si\/wp-json\/wp\/v2\/product_cat?post=47266"},{"taxonomy":"product_tag","embeddable":true,"href":"https:\/\/www.polzela.com\/si\/wp-json\/wp\/v2\/product_tag?post=47266"}],"curies":[{"name":"wp","href":"https:\/\/api.w.org\/{rel}","templated":true}]}}