{"id":47202,"date":"2024-11-11T10:32:21","date_gmt":"2024-11-11T09:32:21","guid":{"rendered":"https:\/\/www.polzela.com\/si\/?post_type=product&#038;p=47202"},"modified":"2025-11-12T09:04:19","modified_gmt":"2025-11-12T08:04:19","slug":"kompaktna-svetilka-cat-ct120012","status":"publish","type":"product","link":"https:\/\/www.polzela.com\/si\/product\/kompaktna-svetilka-cat-ct120012\/","title":{"rendered":"Kompaktna svetilka CAT CT120012"},"content":{"rendered":"<p>CT1200 Pocket COB \u2013 kompaktna svetilka z izjemno svetilnostjo<\/p>\n<p>CT1200 Pocket COB predstavlja nov korak v razvoju svetilk. Svetilka oddaja mo\u010dan, \u0161irok svetlobni snop iz trpe\u017enega ABS ohi\u0161ja, zaradi \u010desar je kos vsakemu izzivu. S svojo \u017eepno sponko in mo\u010dnim magnetnim podstavkom omogo\u010da enostavno uporabo brez rok, kar pove\u010duje udobje in prilagodljivost.<\/p>\n<p>S 175 lumni svetilnosti CT1200 nudi svetlo osvetlitev to\u010dno tam, kjer jo potrebujete. Svetilka deluje do 7 ur na 3 AAA baterije, tako da vam bo vedno na voljo, ko potrebujete zanesljivo svetlobo.<\/p>\n<p><strong>Klju\u010dne lastnosti:<\/strong><\/p>\n<ul>\n<li>175 lumnov za intenzivno osvetlitev<\/li>\n<li>Trpe\u017eno ABS ohi\u0161je za dolgotrajno uporabo<\/li>\n<li>\u017depna sponka in mo\u010dan magnet za prakti\u010dno uporabo brez rok<\/li>\n<li>Delovanje do 7 ur na 3 AAA baterije<\/li>\n<\/ul>\n<p>CT1200 Pocket COB \u2013 svetilka, ki vas nikoli ne bo pustila v temi!<\/p>\n","protected":false},"excerpt":{"rendered":"<p><strong>Opis izdelka:<\/strong><\/p>\n<p>CT1200 Pocket COB \u2013 kompaktna svetilka z izjemno svetilnostjo<\/p>\n<p>CT1200 Pocket COB predstavlja nov korak v razvoju svetilk. Svetilka oddaja mo\u010dan, \u0161irok svetlobni snop iz trpe\u017enega ABS ohi\u0161ja, zaradi \u010desar je kos vsakemu izzivu. S svojo \u017eepno sponko in mo\u010dnim magnetnim podstavkom omogo\u010da enostavno uporabo brez rok, kar pove\u010duje udobje in prilagodljivost.<\/p>\n<p>S 175 lumni svetilnosti CT1200 nudi svetlo osvetlitev to\u010dno tam, kjer jo potrebujete. Svetilka deluje do 7 ur na 3 AAA baterije, tako da vam bo vedno na voljo, ko potrebujete zanesljivo svetlobo.<\/p>\n<p><strong>Klju\u010dne lastnosti:<\/strong><\/p>\n<ul>\n<li>175 lumnov za intenzivno osvetlitev<\/li>\n<li>Trpe\u017eno ABS ohi\u0161je za dolgotrajno uporabo<\/li>\n<li>\u017depna sponka in mo\u010dan magnet za prakti\u010dno uporabo brez rok<\/li>\n<li>Delovanje do 7 ur na 3 AAA baterije<\/li>\n<\/ul>\n<p>CT1200 Pocket COB \u2013 svetilka, ki vas nikoli ne bo pustila v temi!<\/p>\n","protected":false},"featured_media":47205,"comment_status":"open","ping_status":"closed","template":"","meta":{"om_disable_all_campaigns":false,"_monsterinsights_skip_tracking":false,"_monsterinsights_sitenote_active":false,"_monsterinsights_sitenote_note":"","_monsterinsights_sitenote_category":0},"product_cat":[1046,977],"product_tag":[560,1018],"class_list":["post-47202","product","type-product","status-publish","has-post-thumbnail","hentry","product_cat-delovne-luci-cat","product_cat-cat-oblacila","product_tag-cat","product_tag-workwear"],"bundled_by":[],"bundle_stock_status":"instock","bundle_stock_quantity":null,"bundle_virtual":false,"bundle_layout":"","bundle_add_to_cart_form_location":"","bundle_editable_in_cart":false,"bundle_sold_individually_context":"","bundle_item_grouping":"","bundle_min_size":"","bundle_max_size":"","bundled_items":[],"bundle_sell_ids":[],"aioseo_notices":[],"_links":{"self":[{"href":"https:\/\/www.polzela.com\/si\/wp-json\/wp\/v2\/product\/47202","targetHints":{"allow":["GET"]}}],"collection":[{"href":"https:\/\/www.polzela.com\/si\/wp-json\/wp\/v2\/product"}],"about":[{"href":"https:\/\/www.polzela.com\/si\/wp-json\/wp\/v2\/types\/product"}],"replies":[{"embeddable":true,"href":"https:\/\/www.polzela.com\/si\/wp-json\/wp\/v2\/comments?post=47202"}],"wp:featuredmedia":[{"embeddable":true,"href":"https:\/\/www.polzela.com\/si\/wp-json\/wp\/v2\/media\/47205"}],"wp:attachment":[{"href":"https:\/\/www.polzela.com\/si\/wp-json\/wp\/v2\/media?parent=47202"}],"wp:term":[{"taxonomy":"product_cat","embeddable":true,"href":"https:\/\/www.polzela.com\/si\/wp-json\/wp\/v2\/product_cat?post=47202"},{"taxonomy":"product_tag","embeddable":true,"href":"https:\/\/www.polzela.com\/si\/wp-json\/wp\/v2\/product_tag?post=47202"}],"curies":[{"name":"wp","href":"https:\/\/api.w.org\/{rel}","templated":true}]}}