{"id":47161,"date":"2024-11-08T13:57:27","date_gmt":"2024-11-08T12:57:27","guid":{"rendered":"https:\/\/www.polzela.com\/si\/?post_type=product&#038;p=47161"},"modified":"2026-02-24T21:45:11","modified_gmt":"2026-02-24T20:45:11","slug":"cat-moska-jakna-1310152","status":"publish","type":"product","link":"https:\/\/www.polzela.com\/si\/product\/cat-moska-jakna-1310152\/","title":{"rendered":"CAT Mo\u0161ka jakna 1310152"},"content":{"rendered":"<div class=\"flex max-w-full flex-col flex-grow\">\n<div class=\"min-h-8 text-message flex w-full flex-col items-end gap-2 whitespace-normal break-words [.text-message+&amp;]:mt-5\" dir=\"auto\" data-message-author-role=\"assistant\" data-message-id=\"263eabcf-d440-42f8-8b09-afe627bd03e0\" data-message-model-slug=\"gpt-4o\">\n<div class=\"flex w-full flex-col gap-1 empty:hidden first:pt-[3px]\">\n<div class=\"markdown prose w-full break-words dark:prose-invert light\">\n<p><strong>Mo\u0161ka jakna CAT \u2013 Nepremo\u010dljiva za\u0161\u010dita z elegantnimi detajli<\/strong><\/p>\n<p>Ta mo\u0161ka jakna je idealna za delo in prosti \u010das, saj nudi vrhunsko za\u0161\u010dito pred vetrom in de\u017ejem. Izdelana je iz visokokakovostne me\u0161anice materialov (96% poliester, 4% elastan) s posebnim nepremo\u010dljivim in vetroodbojnim premazom, ki vas ohranja suhe v vseh vremenskih pogojih. Notranja podloga iz 100% poliestra zagotavlja dodatno udobje in toploto.<\/p>\n<p>Jakna je zasnovana z prakti\u010dnimi detajli: ima priro\u010dne \u017eepe z zadrgo, nastavljive rokave za popolno prileganje in izrazite rumene klju\u010davnice, ki poskrbijo za sodoben videz. Logotip CAT na levem rokavu v silikonski izvedbi dodaja pridih profesionalnosti.<\/p>\n<p><strong>Klju\u010dne lastnosti:<\/strong><\/p>\n<ul>\n<li>Nepremo\u010dljiva in vetroodbojna tkanina za za\u0161\u010dito v slabem vremenu<\/li>\n<li>\u017depi z zadrgo za varno shranjevanje<\/li>\n<li>Nastavljivi rokavi za popolno prileganje<\/li>\n<li>Eleganten logotip CAT na levem rokavu<\/li>\n<li>Rumeni detajli, ki poudarijo sodoben stil<\/li>\n<\/ul>\n<p>Zanesite se na to jakno, ki zdru\u017euje funkcionalnost, udobje in eleganten videz \u2013 popolna izbira za vsakodnevne izzive!<\/p>\n<\/div>\n<\/div>\n<\/div>\n<\/div>\n","protected":false},"excerpt":{"rendered":"<p><strong>Opis izdelka<\/strong><\/p>\n<div class=\"flex max-w-full flex-col flex-grow\">\n<div class=\"min-h-8 text-message flex w-full flex-col items-end gap-2 whitespace-normal break-words [.text-message+&amp;]:mt-5\" dir=\"auto\" data-message-author-role=\"assistant\" data-message-id=\"263eabcf-d440-42f8-8b09-afe627bd03e0\" data-message-model-slug=\"gpt-4o\">\n<div class=\"flex w-full flex-col gap-1 empty:hidden first:pt-[3px]\">\n<div class=\"markdown prose w-full break-words dark:prose-invert light\">\n<p><strong>Mo\u0161ka jakna CAT \u2013 Nepremo\u010dljiva za\u0161\u010dita z elegantnimi detajli<\/strong><\/p>\n<p>Ta mo\u0161ka jakna je idealna za delo in prosti \u010das, saj nudi vrhunsko za\u0161\u010dito pred vetrom in de\u017ejem. Izdelana je iz visokokakovostne me\u0161anice materialov (96% poliester, 4% elastan) s posebnim nepremo\u010dljivim in vetrovodbojnim premazom, ki vas ohranja suhe v vseh vremenskih pogojih. Notranja podloga iz 100% poliestra zagotavlja dodatno udobje in toploto.<\/p>\n<p>Jakna je zasnovana z prakti\u010dnimi detajli: ima priro\u010dne \u017eepe z zadrgo, nastavljive rokave za popolno prileganje in izrazite rumene klju\u010davnice, ki poskrbijo za sodoben videz. Logotip CAT na levem rokavu v silikonski izvedbi dodaja pridih profesionalnosti.<\/p>\n<p><strong>Klju\u010dne lastnosti:<\/strong><\/p>\n<ul>\n<li>Nepremo\u010dljiva in vetroodbojna tkanina za za\u0161\u010dito v slabem vremenu<\/li>\n<li>\u017depi z zadrgo za varno shranjevanje<\/li>\n<li>Nastavljivi rokavi za popolno prileganje<\/li>\n<li>Eleganten logotip CAT na levem rokavu<\/li>\n<li>Rumeni detajli, ki poudarijo sodoben stil<\/li>\n<\/ul>\n<p>Zanesite se na to jakno, ki zdru\u017euje funkcionalnost, udobje in eleganten videz \u2013 popolna izbira za vsakodnevne izzive!<\/p>\n<\/div>\n<\/div>\n<\/div>\n<\/div>\n","protected":false},"featured_media":47168,"comment_status":"open","ping_status":"closed","template":"","meta":{"om_disable_all_campaigns":false,"_monsterinsights_skip_tracking":false,"_monsterinsights_sitenote_active":false,"_monsterinsights_sitenote_note":"","_monsterinsights_sitenote_category":0},"product_cat":[761,980,977],"product_tag":[560,1018],"class_list":["post-47161","product","type-product","status-publish","has-post-thumbnail","hentry","product_cat-cat-delovna-oblacila","product_cat-delovne-jakne-in-jope","product_cat-cat-oblacila","product_tag-cat","product_tag-workwear"],"bundled_by":[],"bundle_stock_status":"instock","bundle_stock_quantity":null,"bundle_virtual":false,"bundle_layout":"","bundle_add_to_cart_form_location":"","bundle_editable_in_cart":false,"bundle_sold_individually_context":"","bundle_item_grouping":"","bundle_min_size":"","bundle_max_size":"","bundled_items":[],"bundle_sell_ids":[],"aioseo_notices":[],"_links":{"self":[{"href":"https:\/\/www.polzela.com\/si\/wp-json\/wp\/v2\/product\/47161","targetHints":{"allow":["GET"]}}],"collection":[{"href":"https:\/\/www.polzela.com\/si\/wp-json\/wp\/v2\/product"}],"about":[{"href":"https:\/\/www.polzela.com\/si\/wp-json\/wp\/v2\/types\/product"}],"replies":[{"embeddable":true,"href":"https:\/\/www.polzela.com\/si\/wp-json\/wp\/v2\/comments?post=47161"}],"wp:featuredmedia":[{"embeddable":true,"href":"https:\/\/www.polzela.com\/si\/wp-json\/wp\/v2\/media\/47168"}],"wp:attachment":[{"href":"https:\/\/www.polzela.com\/si\/wp-json\/wp\/v2\/media?parent=47161"}],"wp:term":[{"taxonomy":"product_cat","embeddable":true,"href":"https:\/\/www.polzela.com\/si\/wp-json\/wp\/v2\/product_cat?post=47161"},{"taxonomy":"product_tag","embeddable":true,"href":"https:\/\/www.polzela.com\/si\/wp-json\/wp\/v2\/product_tag?post=47161"}],"curies":[{"name":"wp","href":"https:\/\/api.w.org\/{rel}","templated":true}]}}