{"id":46327,"date":"2024-10-24T14:46:25","date_gmt":"2024-10-24T12:46:25","guid":{"rendered":"https:\/\/www.polzela.com\/si\/?post_type=product&#038;p=46327"},"modified":"2026-03-29T22:45:58","modified_gmt":"2026-03-29T20:45:58","slug":"zenske-nogavice-art-0163-5-parov","status":"publish","type":"product","link":"https:\/\/www.polzela.com\/si\/product\/zenske-nogavice-art-0163-5-parov\/","title":{"rendered":"\u017denske nogavice art. 0163 5 parov"},"content":{"rendered":"<p>Modne nogavice v razli\u010dnih vzorcih in barvnih kombinacijah. Nogavice so izdelane iz \u010desanega bomba\u017ea s specialno obdelavo.<\/p>\n","protected":false},"excerpt":{"rendered":"<p>Modne nogavice v razli\u010dnih vzorcih in barvnih kombinacijah.<\/p>\n<p>V multipacku dobite 5 parov nogavic.<\/p>\n<p><strong>Sestava:\u00a0<\/strong>85% \u010desani bomba\u017e, 13% poliamid, 2% elastan<\/p>\n[caption id=\"attachment_1506\" align=\"alignleft\" width=\"70\"]<img loading=\"lazy\" decoding=\"async\" class=\"size-full wp-image-1506\" src=\"https:\/\/www.polzela.com\/si\/wp-content\/uploads\/sites\/2\/2016\/07\/COMFORT-ROB-1-e1471331294827.jpg\" alt=\"COMFORT ROB\" width=\"70\" height=\"70\" \/> Udoben rob[\/caption]\n[caption id=\"attachment_1509\" align=\"alignleft\" width=\"70\"]<img loading=\"lazy\" decoding=\"async\" class=\"size-full wp-image-1509\" src=\"https:\/\/www.polzela.com\/si\/wp-content\/uploads\/sites\/2\/2016\/07\/SOFT-TOUCH-e1471331274468.jpg\" alt=\"SOFT TOUCH\" width=\"70\" height=\"70\" \/> Izjemno mehko[\/caption]\n","protected":false},"featured_media":46330,"comment_status":"open","ping_status":"closed","template":"","meta":{"om_disable_all_campaigns":false,"_monsterinsights_skip_tracking":false,"_monsterinsights_sitenote_active":false,"_monsterinsights_sitenote_note":"","_monsterinsights_sitenote_category":0},"product_cat":[1115,480,42,373],"product_tag":[1128,747,838,842,857,888,1109],"class_list":["post-46327","product","type-product","status-publish","has-post-thumbnail","hentry","product_cat-multipack","product_cat-cotton","product_cat-zenske","product_cat-zenske-nogavice","product_tag-bombazne-nogavice","product_tag-cotton","product_tag-multipack","product_tag-multipack-nogavice","product_tag-polzela","product_tag-polzela-nogavice","product_tag-x5"],"bundled_by":[],"bundle_stock_status":"instock","bundle_stock_quantity":null,"bundle_virtual":false,"bundle_layout":"","bundle_add_to_cart_form_location":"","bundle_editable_in_cart":false,"bundle_sold_individually_context":"","bundle_item_grouping":"","bundle_min_size":"","bundle_max_size":"","bundled_items":[],"bundle_sell_ids":[],"aioseo_notices":[],"_links":{"self":[{"href":"https:\/\/www.polzela.com\/si\/wp-json\/wp\/v2\/product\/46327","targetHints":{"allow":["GET"]}}],"collection":[{"href":"https:\/\/www.polzela.com\/si\/wp-json\/wp\/v2\/product"}],"about":[{"href":"https:\/\/www.polzela.com\/si\/wp-json\/wp\/v2\/types\/product"}],"replies":[{"embeddable":true,"href":"https:\/\/www.polzela.com\/si\/wp-json\/wp\/v2\/comments?post=46327"}],"wp:featuredmedia":[{"embeddable":true,"href":"https:\/\/www.polzela.com\/si\/wp-json\/wp\/v2\/media\/46330"}],"wp:attachment":[{"href":"https:\/\/www.polzela.com\/si\/wp-json\/wp\/v2\/media?parent=46327"}],"wp:term":[{"taxonomy":"product_cat","embeddable":true,"href":"https:\/\/www.polzela.com\/si\/wp-json\/wp\/v2\/product_cat?post=46327"},{"taxonomy":"product_tag","embeddable":true,"href":"https:\/\/www.polzela.com\/si\/wp-json\/wp\/v2\/product_tag?post=46327"}],"curies":[{"name":"wp","href":"https:\/\/api.w.org\/{rel}","templated":true}]}}