{"id":4623,"date":"2023-10-11T15:14:24","date_gmt":"2023-10-11T13:14:24","guid":{"rendered":"https:\/\/www.polzela.com\/si\/izdelek\/fantasy-hlacne-nogavice-20den-9047-e70\/"},"modified":"2026-01-31T20:47:01","modified_gmt":"2026-01-31T19:47:01","slug":"fantasy-hlacne-nogavice-20den-9047-e70","status":"publish","type":"product","link":"https:\/\/www.polzela.com\/si\/product\/fantasy-hlacne-nogavice-20den-9047-e70\/","title":{"rendered":"Fantasy &#8211; Hla\u010dne nogavice 20den (9047-E70)"},"content":{"rendered":"<h2>POLZELA Fantasy Hla\u010dne nogavice 20den -Limited edition<\/h2>\n<p>\u017denske hla\u010dne nogavice POLZELA Fantasy 20 DEN so\u00a0kolekcija hla\u010dnih nogavic, Capri hla\u010dnih nogavic, dokolenk in kratkih nogavic, nudijo za\u0161\u010dito ko\u017ei in dodajajo modni videz nog.<\/p>\n<p>Hla\u010dne nogavice pokrivajo celotno dol\u017eino nog in segajo vse do pasu. So razli\u010dnih debelin in uporabne v vseh letnih \u010dasih. Posebej za\u017eelene so v hladnej\u0161ih mesecih, saj grejejo noge.<\/p>\n<p>Vsi uporabljeni materiali so zdravju in ko\u017ei prijazni. Oznaka EKO-TEX 100 kon\u010dnim uporabnikom predstavlja dodatne prednosti preverjene varnosti na ko\u017ei. Izdelki Polzela so okolju prijazni izdelki.<\/p>\n<p>Omejena izdaja je pletena v drobni mre\u017easti vezavi z oja\u010danim hla\u010dnim delom in stopalom. Udoben rob, ploski \u0161iv v hla\u010dnem delu in bomba\u017eni v\u0161itek za udobje pri no\u0161nji; prijetno mehak otip; dodatna obdelava s sredstvom s srebrnimi ioni, ki nudi za\u0161\u010dito pred razvojem bakterij, glivic in neprijetnih vonjav.<\/p>\n","protected":false},"excerpt":{"rendered":"<p>&nbsp;<\/p>\n<p><strong>Opis izdelka<\/strong><\/p>\n<p>Omejena izdaja \u017eenskih hla\u010dnih nogavic Fantasy 20den je pletena v drobni mre\u017easti vezavi z oja\u010danim hla\u010dnim delom in stopalom. Udoben rob, ploski \u0161iv v hla\u010dnem delu in bomba\u017eni v\u0161itek\u00a0za udobje pri no\u0161nji; prijetno mehak otip; dodatna obdelava s sredstvom s srebrnimi ioni, ki nudi za\u0161\u010dito pred razvojem bakterij, glivic in neprijetnih vonjav.<\/p>\n<p><strong>Sestava:<\/strong>\u00a093% Poliamid 7% Elastan<\/p>\n[caption id=\"attachment_1535\" align=\"alignleft\" width=\"70\"]<img loading=\"lazy\" decoding=\"async\" class=\"size-full wp-image-1535\" src=\"https:\/\/www.polzela.com\/si\/wp-content\/uploads\/sites\/2\/2016\/08\/COMFORT-ROBPAS-e1471331245423.jpg\" alt=\"COMFORT ROB\/PAS\" width=\"70\" height=\"70\" \/> Udoben pas[\/caption]\n[caption id=\"attachment_1520\" align=\"alignleft\" width=\"70\"]<img loading=\"lazy\" decoding=\"async\" class=\"size-full wp-image-1520\" src=\"https:\/\/www.polzela.com\/si\/wp-content\/uploads\/sites\/2\/2016\/08\/PLOSKI-SIV-300x300.jpg\" alt=\"\" width=\"70\" height=\"70\" \/> Ploski \u0161iv[\/caption]\n[caption id=\"attachment_1505\" align=\"alignleft\" width=\"70\"]<img loading=\"lazy\" decoding=\"async\" class=\"size-full wp-image-1505\" src=\"https:\/\/www.polzela.com\/si\/wp-content\/uploads\/sites\/2\/2016\/05\/ANTIBAKTERIJSKO-300x300.jpg\" alt=\"\" width=\"70\" height=\"70\" \/> Brez vonja[\/caption]\n","protected":false},"featured_media":5253,"comment_status":"open","ping_status":"closed","template":"","meta":{"om_disable_all_campaigns":false,"_monsterinsights_skip_tracking":false,"_monsterinsights_sitenote_active":false,"_monsterinsights_sitenote_note":"","_monsterinsights_sitenote_category":0},"product_cat":[42,374],"product_tag":[677,421],"class_list":["post-4623","product","type-product","status-publish","has-post-thumbnail","hentry","product_cat-zenske","product_cat-hlacne-nogavice","product_tag-fantasy","product_tag-limited-edition"],"bundled_by":[],"bundle_stock_status":"instock","bundle_stock_quantity":null,"bundle_virtual":false,"bundle_layout":"","bundle_add_to_cart_form_location":"","bundle_editable_in_cart":false,"bundle_sold_individually_context":"","bundle_item_grouping":"","bundle_min_size":"","bundle_max_size":"","bundled_items":[],"bundle_sell_ids":[],"aioseo_notices":[],"_links":{"self":[{"href":"https:\/\/www.polzela.com\/si\/wp-json\/wp\/v2\/product\/4623","targetHints":{"allow":["GET"]}}],"collection":[{"href":"https:\/\/www.polzela.com\/si\/wp-json\/wp\/v2\/product"}],"about":[{"href":"https:\/\/www.polzela.com\/si\/wp-json\/wp\/v2\/types\/product"}],"replies":[{"embeddable":true,"href":"https:\/\/www.polzela.com\/si\/wp-json\/wp\/v2\/comments?post=4623"}],"wp:featuredmedia":[{"embeddable":true,"href":"https:\/\/www.polzela.com\/si\/wp-json\/wp\/v2\/media\/5253"}],"wp:attachment":[{"href":"https:\/\/www.polzela.com\/si\/wp-json\/wp\/v2\/media?parent=4623"}],"wp:term":[{"taxonomy":"product_cat","embeddable":true,"href":"https:\/\/www.polzela.com\/si\/wp-json\/wp\/v2\/product_cat?post=4623"},{"taxonomy":"product_tag","embeddable":true,"href":"https:\/\/www.polzela.com\/si\/wp-json\/wp\/v2\/product_tag?post=4623"}],"curies":[{"name":"wp","href":"https:\/\/api.w.org\/{rel}","templated":true}]}}