{"id":46223,"date":"2024-10-24T10:51:52","date_gmt":"2024-10-24T08:51:52","guid":{"rendered":"https:\/\/www.polzela.com\/si\/?post_type=product&#038;p=46223"},"modified":"2026-04-23T18:50:04","modified_gmt":"2026-04-23T16:50:04","slug":"business-elegant-gladke-bombazne-nogavice-art-1311-5-parov","status":"publish","type":"product","link":"https:\/\/www.polzela.com\/si\/product\/business-elegant-gladke-bombazne-nogavice-art-1311-5-parov\/","title":{"rendered":"Business Elegant gladke bomba\u017ene nogavice art.1311 5 parov"},"content":{"rendered":"<h2><strong>POLZELA Apolon Business Elegant<br \/>\n<\/strong><\/h2>\n<p>Business Elegant gladke enobarvne nogavice so narejene iz naravnih ko\u017ei prijaznih materialov. Va\u0161e ko\u017ee se dotika ne\u017een \u010disti bomba\u017e. Nogavice so fine, elegantne in se lepo prilegajo nogi. Udoben elasti\u010den zaklju\u010dni rob nudi ve\u010dje udobje pri no\u0161enju.<\/p>\n<p>Nogavice iz linije Apolon so narejene za najbolj zahtevne mo\u0161ke kupce. Linija visoko kakovostnih nogavic in dokolenk je pletena iz ko\u017ei prijaznih materialov, narejena je s \u010dutom za estetiko. Elegantne nogavice so uporabne tako za poslovne prilo\u017enosti kot tudi za druge posebne trenutke.<\/p>\n<p>Vsi uporabljeni materiali so zdravju in ko\u017ei prijazni. Oznaka EKO-TEX 100 kon\u010dnim uporabnikom predstavlja dodatne prednosti preverjene varnosti na ko\u017ei. Izdelki Polzela so okolju prijazni.<\/p>\n<p>&nbsp;<\/p>\n<p>&nbsp;<\/p>\n","protected":false},"excerpt":{"rendered":"<p><strong>Opis izdelka:<\/strong><\/p>\n<p>Business Elegant gladke enobarvne nogavice so narejene iz naravnih ko\u017ei prijaznih materialov. Va\u0161e ko\u017ee se dotika ne\u017een \u010disti bomba\u017e. Nogavice so fine, elegantne in se lepo prilegajo nogi. Udoben elasti\u010den zaklju\u010dni rob nudi ve\u010dje udobje pri no\u0161enju.<\/p>\n<p>V multipacku dobite 5 parov nogavic izbrane barve.<\/p>\n[caption id=\"attachment_1506\" align=\"alignleft\" width=\"70\"]<img loading=\"lazy\" decoding=\"async\" class=\"size-full wp-image-1506\" src=\"https:\/\/www.polzela.com\/si\/wp-content\/uploads\/sites\/2\/2016\/07\/COMFORT-ROB-1-e1471331294827.jpg\" alt=\"COMFORT ROB\" width=\"70\" height=\"70\" \/> Udoben rob[\/caption]\n[caption id=\"attachment_1509\" align=\"alignleft\" width=\"70\"]<img loading=\"lazy\" decoding=\"async\" class=\"size-full wp-image-1509\" src=\"https:\/\/www.polzela.com\/si\/wp-content\/uploads\/sites\/2\/2016\/07\/SOFT-TOUCH-e1471331274468.jpg\" alt=\"SOFT TOUCH\" width=\"70\" height=\"70\" \/> Izjemno mehko[\/caption]\n[caption id=\"attachment_1538\" align=\"alignleft\" width=\"70\"]<img loading=\"lazy\" decoding=\"async\" class=\"size-full wp-image-1538\" src=\"https:\/\/www.polzela.com\/si\/wp-content\/uploads\/sites\/2\/2016\/08\/MERCERIZIRAN-BOMBAZ-1-e1471333227150.jpg\" alt=\"MERCERIZIRAN BOMBAZ\" width=\"70\" height=\"70\" \/> Merceriziran bomba\u017e[\/caption]\n<p>&nbsp;<\/p>\n<p>&nbsp;<\/p>\n<p>&nbsp;<\/p>\n<p>&nbsp;<\/p>\n<p><strong>Sestava:<\/strong> 100% Merceriziran bomba\u017e<\/p>\n","protected":false},"featured_media":58962,"comment_status":"open","ping_status":"closed","template":"","meta":{"om_disable_all_campaigns":false,"_monsterinsights_skip_tracking":false,"_monsterinsights_sitenote_active":false,"_monsterinsights_sitenote_note":"","_monsterinsights_sitenote_category":0},"product_cat":[1115,38,531],"product_tag":[1128,747,838,843,842,857,1109],"class_list":["post-46223","product","type-product","status-publish","has-post-thumbnail","hentry","product_cat-multipack","product_cat-moski","product_cat-nogavice-moski","product_tag-bombazne-nogavice","product_tag-cotton","product_tag-multipack","product_tag-multipack-moski","product_tag-multipack-nogavice","product_tag-polzela","product_tag-x5"],"bundled_by":[],"bundle_stock_status":"instock","bundle_stock_quantity":null,"bundle_virtual":false,"bundle_layout":"","bundle_add_to_cart_form_location":"","bundle_editable_in_cart":false,"bundle_sold_individually_context":"","bundle_item_grouping":"","bundle_min_size":"","bundle_max_size":"","bundled_items":[],"bundle_sell_ids":[],"aioseo_notices":[],"_links":{"self":[{"href":"https:\/\/www.polzela.com\/si\/wp-json\/wp\/v2\/product\/46223","targetHints":{"allow":["GET"]}}],"collection":[{"href":"https:\/\/www.polzela.com\/si\/wp-json\/wp\/v2\/product"}],"about":[{"href":"https:\/\/www.polzela.com\/si\/wp-json\/wp\/v2\/types\/product"}],"replies":[{"embeddable":true,"href":"https:\/\/www.polzela.com\/si\/wp-json\/wp\/v2\/comments?post=46223"}],"wp:featuredmedia":[{"embeddable":true,"href":"https:\/\/www.polzela.com\/si\/wp-json\/wp\/v2\/media\/58962"}],"wp:attachment":[{"href":"https:\/\/www.polzela.com\/si\/wp-json\/wp\/v2\/media?parent=46223"}],"wp:term":[{"taxonomy":"product_cat","embeddable":true,"href":"https:\/\/www.polzela.com\/si\/wp-json\/wp\/v2\/product_cat?post=46223"},{"taxonomy":"product_tag","embeddable":true,"href":"https:\/\/www.polzela.com\/si\/wp-json\/wp\/v2\/product_tag?post=46223"}],"curies":[{"name":"wp","href":"https:\/\/api.w.org\/{rel}","templated":true}]}}