{"id":46073,"date":"2024-10-18T00:11:23","date_gmt":"2024-10-17T22:11:23","guid":{"rendered":"https:\/\/www.polzela.com\/si\/?post_type=product&#038;p=46073"},"modified":"2026-02-09T12:42:41","modified_gmt":"2026-02-09T11:42:41","slug":"zenske-dokolenke-fler-lucy-15den-5230-5-paketov","status":"publish","type":"product","link":"https:\/\/www.polzela.com\/si\/product\/zenske-dokolenke-fler-lucy-15den-5230-5-paketov\/","title":{"rendered":"\u017denske dokolenke Fler Lucy 15den (5230) 5 paketov"},"content":{"rendered":"<h2><strong>POLZELA Fler Lucy 15den<br \/>\n<\/strong><\/h2>\n<ol>\n<li>Prosojne in svilenega mat videza<\/li>\n<li>Mehak in eleganten ob\u010dutek na nogi.<\/li>\n<li>Narejene z Lycra\u00ae vlakni.<\/li>\n<\/ol>\n<p>Vedno elegantne nogavice iz programa FLER zagotavljajo vrhunsko kakovost na vsakem koraku\u00a0 in so nepogre\u0161ljive \u00a0spremljevalke\u00a0 sodobne \u017eenske. \u0160irok izbor je\u00a0 namenjen\u00a0 \u017eenskam, ki ob vsaki priliki vedo, kaj potrebujejo; naj si bo poleti ali pozimi, za celodneven urejen videz ali za posebne prilo\u017enosti<\/p>\n<p>Nudijo osnovno za\u0161\u010dito, udobnost in lep videz.<\/p>\n<p>Vsi uporabljeni materiali so zdravju in ko\u017ei prijazni. Oznaka EKO-TEX 100 kon\u010dnim uporabnikom predstavlja dodatne prednosti preverjene varnosti na ko\u017ei. Izdelki Polzela so okolju prijazni izdelki.<\/p>\n","protected":false},"excerpt":{"rendered":"<p><strong>Opis izdelka<\/strong><\/p>\n<p>\u017denske dokolenke Lucy 15 DEN\u00a0 so prosojne in svilenega mat videza. Dajejo mehak in eleganten ob\u010dutek na nogi. Narejene z Lycra\u00ae vlakni.<\/p>\n<p>Nogavice so velikosti one-size. Pakirane po 2 para nogavic v enem paketu.<\/p>\n<p><strong>V multipacku dobite 5 paketov, vsega skupaj 10 parov nogavic.<\/strong><\/p>\n<p>*Nogavice so na voljo v sedmih barvah. Na fotografiji je prikazana le barva Pe\u0161\u010dena.<\/p>\n[caption id=\"attachment_1509\" align=\"alignleft\" width=\"70\"]<img loading=\"lazy\" decoding=\"async\" class=\"size-full wp-image-1509\" src=\"https:\/\/www.polzela.com\/si\/wp-content\/uploads\/sites\/2\/2016\/07\/SOFT-TOUCH-e1471331274468.jpg\" alt=\"SOFT TOUCH\" width=\"70\" height=\"70\" \/> Mehak ob\u010dutek[\/caption]\n[caption id=\"attachment_2343\" align=\"alignleft\" width=\"70\"]<img loading=\"lazy\" decoding=\"async\" class=\"wp-image-2343\" src=\"https:\/\/www.polzela.com\/si\/wp-content\/uploads\/sites\/2\/2016\/09\/COMFORT_noga-300x300.png\" alt=\"Udoben rob\" width=\"70\" height=\"70\" srcset=\"https:\/\/www.polzela.com\/si\/wp-content\/uploads\/sites\/2\/2016\/09\/COMFORT_noga-300x300.png 300w, https:\/\/www.polzela.com\/si\/wp-content\/uploads\/sites\/2\/2016\/09\/COMFORT_noga-150x150.png 150w, https:\/\/www.polzela.com\/si\/wp-content\/uploads\/sites\/2\/2016\/09\/COMFORT_noga-90x90.png 90w, https:\/\/www.polzela.com\/si\/wp-content\/uploads\/sites\/2\/2016\/09\/COMFORT_noga.png 700w\" sizes=\"auto, (max-width: 70px) 100vw, 70px\" \/> Udoben rob[\/caption]\n<p>&nbsp;<\/p>\n<p>&nbsp;<\/p>\n<p>&nbsp;<\/p>\n<p>&nbsp;<\/p>\n<p><strong>Sestava:<\/strong> 88% Poliamid, 12% Elastan<\/p>\n","protected":false},"featured_media":45962,"comment_status":"open","ping_status":"closed","template":"","meta":{"om_disable_all_campaigns":false,"_monsterinsights_skip_tracking":false,"_monsterinsights_sitenote_active":false,"_monsterinsights_sitenote_note":"","_monsterinsights_sitenote_category":0},"product_cat":[1115,42,373],"product_tag":[852,816,748,1116,838,842,857,888],"class_list":["post-46073","product","type-product","status-publish","has-post-thumbnail","hentry","product_cat-multipack","product_cat-zenske","product_cat-zenske-nogavice","product_tag-15-den","product_tag-den","product_tag-dokolenke","product_tag-lucy","product_tag-multipack","product_tag-multipack-nogavice","product_tag-polzela","product_tag-polzela-nogavice"],"bundled_by":[],"bundle_stock_status":"instock","bundle_stock_quantity":null,"bundle_virtual":false,"bundle_layout":"","bundle_add_to_cart_form_location":"","bundle_editable_in_cart":false,"bundle_sold_individually_context":"","bundle_item_grouping":"","bundle_min_size":"","bundle_max_size":"","bundled_items":[],"bundle_sell_ids":[],"aioseo_notices":[],"_links":{"self":[{"href":"https:\/\/www.polzela.com\/si\/wp-json\/wp\/v2\/product\/46073","targetHints":{"allow":["GET"]}}],"collection":[{"href":"https:\/\/www.polzela.com\/si\/wp-json\/wp\/v2\/product"}],"about":[{"href":"https:\/\/www.polzela.com\/si\/wp-json\/wp\/v2\/types\/product"}],"replies":[{"embeddable":true,"href":"https:\/\/www.polzela.com\/si\/wp-json\/wp\/v2\/comments?post=46073"}],"wp:featuredmedia":[{"embeddable":true,"href":"https:\/\/www.polzela.com\/si\/wp-json\/wp\/v2\/media\/45962"}],"wp:attachment":[{"href":"https:\/\/www.polzela.com\/si\/wp-json\/wp\/v2\/media?parent=46073"}],"wp:term":[{"taxonomy":"product_cat","embeddable":true,"href":"https:\/\/www.polzela.com\/si\/wp-json\/wp\/v2\/product_cat?post=46073"},{"taxonomy":"product_tag","embeddable":true,"href":"https:\/\/www.polzela.com\/si\/wp-json\/wp\/v2\/product_tag?post=46073"}],"curies":[{"name":"wp","href":"https:\/\/api.w.org\/{rel}","templated":true}]}}