{"id":46036,"date":"2024-10-18T00:01:52","date_gmt":"2024-10-17T22:01:52","guid":{"rendered":"https:\/\/www.polzela.com\/si\/?post_type=product&#038;p=46036"},"modified":"2026-04-22T11:07:16","modified_gmt":"2026-04-22T09:07:16","slug":"zenske-hlacne-nogavice-s-svilenim-sijajem-silky-feeling-20-den-8260-3-pari","status":"publish","type":"product","link":"https:\/\/www.polzela.com\/si\/product\/zenske-hlacne-nogavice-s-svilenim-sijajem-silky-feeling-20-den-8260-3-pari\/","title":{"rendered":"\u017denske hla\u010dne nogavice s svilenim sijajem Silky feeling 20 den (8260) 3 pari"},"content":{"rendered":"<h2><strong>POLZELA Fler Silky feeling 20den<br \/>\n<\/strong><\/h2>\n<ul>\n<li>S svilenim sijajem, trpe\u017enostjo, dolgotrajno uporabnostjo in ob\u010dutkom \u017eameta in svile<\/li>\n<li>Oja\u010dan prstni del, omogo\u010da brezskrbno uporabo skozi celoten dan.<\/li>\n<li>Aloe Vera pripomore k osve\u017eitvi in navla\u017eitvi za mehko in gladko ko\u017eo.<\/li>\n<\/ul>\n<p>Satin Sheers tehnologija preje Lycra\u00ae, daje nogavici gladek in prosojen videz, nogavice imajo lastnost briljantnega sijaja in trajnega prileganja.<\/p>\n<p>Vedno elegantne nogavice iz\u00a0\u00a0 programa FLER zagotavljajo vrhunsko kakovost na vsakem koraku\u00a0 in so nepogre\u0161ljive \u00a0spremljevalke\u00a0 sodobne \u017eenske. \u0160irok izbor je\u00a0 namenjen\u00a0 \u017eenskam, ki ob vsaki priliki vedo, kaj potrebujejo; naj si bo poleti ali pozimi, za celodneven urejen videz ali za posebne prilo\u017enosti<\/p>\n<p>Nudijo osnovno za\u0161\u010dito, udobnost in lep videz.<\/p>\n<p>Vsi uporabljeni materiali so zdravju in ko\u017ei prijazni. Oznaka EKO-TEX 100 kon\u010dnim uporabnikom predstavlja dodatne prednosti preverjene varnosti na ko\u017ei. Izdelki Polzela so okolju prijazni izdelki.<\/p>\n","protected":false},"excerpt":{"rendered":"<p><strong>Opis izdelka:<\/strong><\/p>\n<p>\u017denske hla\u010dne nogavice s svilenim sijajem, trpe\u017enostjo, dolgotrajno uporabnostjo in ob\u010dutkom \u017eameta in svile. Oja\u010dan prstni del, omogo\u010da brezskrbno uporabo skozi celoten dan. Aloe Vera pripomore k osve\u017eitvi in navla\u017eitvi za mehko in gladko ko\u017eo.<\/p>\n<p>V multipaku so 3 pari hla\u010dnih nogavic.<\/p>\n[caption id=\"attachment_1509\" align=\"alignleft\" width=\"70\"]<img loading=\"lazy\" decoding=\"async\" class=\"size-full wp-image-1509\" src=\"https:\/\/www.polzela.com\/si\/wp-content\/uploads\/sites\/2\/2016\/07\/SOFT-TOUCH-e1471331274468.jpg\" alt=\"SOFT TOUCH\" width=\"70\" height=\"70\" \/> Izjemno mehko[\/caption]\n[caption id=\"attachment_1535\" align=\"alignleft\" width=\"70\"]<img loading=\"lazy\" decoding=\"async\" class=\"size-full wp-image-1535\" src=\"https:\/\/www.polzela.com\/si\/wp-content\/uploads\/sites\/2\/2016\/08\/COMFORT-ROBPAS-e1471331245423.jpg\" alt=\"COMFORT ROB\/PAS\" width=\"70\" height=\"70\" \/> Udoben pas[\/caption]\n<p>&nbsp;<\/p>\n<p>&nbsp;<\/p>\n<p>&nbsp;<\/p>\n<p>&nbsp;<\/p>\n<p><strong>Sestava:<\/strong> 93% Poliamid, 7% Elastan<\/p>\n","protected":false},"featured_media":55518,"comment_status":"open","ping_status":"closed","template":"","meta":{"om_disable_all_campaigns":false,"_monsterinsights_skip_tracking":false,"_monsterinsights_sitenote_active":false,"_monsterinsights_sitenote_note":"","_monsterinsights_sitenote_category":0},"product_cat":[1115,42,374],"product_tag":[853,838,842,857,888,678,995],"class_list":["post-46036","product","type-product","status-publish","has-post-thumbnail","hentry","product_cat-multipack","product_cat-zenske","product_cat-hlacne-nogavice","product_tag-20-den","product_tag-multipack","product_tag-multipack-nogavice","product_tag-polzela","product_tag-polzela-nogavice","product_tag-silky-feeling","product_tag-x3"],"bundled_by":[],"bundle_stock_status":"instock","bundle_stock_quantity":null,"bundle_virtual":false,"bundle_layout":"","bundle_add_to_cart_form_location":"","bundle_editable_in_cart":false,"bundle_sold_individually_context":"","bundle_item_grouping":"","bundle_min_size":"","bundle_max_size":"","bundled_items":[],"bundle_sell_ids":[],"aioseo_notices":[],"_links":{"self":[{"href":"https:\/\/www.polzela.com\/si\/wp-json\/wp\/v2\/product\/46036","targetHints":{"allow":["GET"]}}],"collection":[{"href":"https:\/\/www.polzela.com\/si\/wp-json\/wp\/v2\/product"}],"about":[{"href":"https:\/\/www.polzela.com\/si\/wp-json\/wp\/v2\/types\/product"}],"replies":[{"embeddable":true,"href":"https:\/\/www.polzela.com\/si\/wp-json\/wp\/v2\/comments?post=46036"}],"wp:featuredmedia":[{"embeddable":true,"href":"https:\/\/www.polzela.com\/si\/wp-json\/wp\/v2\/media\/55518"}],"wp:attachment":[{"href":"https:\/\/www.polzela.com\/si\/wp-json\/wp\/v2\/media?parent=46036"}],"wp:term":[{"taxonomy":"product_cat","embeddable":true,"href":"https:\/\/www.polzela.com\/si\/wp-json\/wp\/v2\/product_cat?post=46036"},{"taxonomy":"product_tag","embeddable":true,"href":"https:\/\/www.polzela.com\/si\/wp-json\/wp\/v2\/product_tag?post=46036"}],"curies":[{"name":"wp","href":"https:\/\/api.w.org\/{rel}","templated":true}]}}