{"id":45857,"date":"2024-10-11T13:26:05","date_gmt":"2024-10-11T11:26:05","guid":{"rendered":"https:\/\/www.polzela.com\/si\/?post_type=product&#038;p=45857"},"modified":"2026-03-29T10:27:50","modified_gmt":"2026-03-29T08:27:50","slug":"ysabel-mora-hlacke-19428-crna","status":"publish","type":"product","link":"https:\/\/www.polzela.com\/si\/product\/ysabel-mora-hlacke-19428-crna\/","title":{"rendered":"YSABEL MORA hla\u010dke 19428 2 kom"},"content":{"rendered":"<p><strong>Opis izdelka<\/strong><\/p>\n<p>V paketu dobite dva para bomba\u017enih spodnjih hla\u010dk. S srednje visokim pasom in iz naravnih vlaken, ki zagotavljajo dodatno mehkobo obla\u010dila. Nevidni in ploski \u0161ivi prepre\u010dujejo sledi in omogo\u010dajo bolj\u0161o prilagodljivost ter popolno ergonomsko prileganje. Zasnovane za vsakodnevno no\u0161enje.<\/p>\n<p><strong>Sestava:<\/strong> 95% Bomba\u017e, 5% Elastan<\/p>\n<p><strong>Vzdr\u017eevanje: <\/strong>Hla\u010dke lahko perete v stroju za pranje perila na 30\u00b0. Odsvetujemo uporabo belila ali meh\u010dalca in obdelavo v su\u0161ilnem stroju ali z likalnikom.<\/p>\n<p>Na voljo tudi v be\u017e (nude) barvi.<\/p>\n","protected":false},"excerpt":{"rendered":"<p><strong>Opis izdelka<\/strong><\/p>\n<p>V paketu dobite dva para bomba\u017enih spodnjih hla\u010dk. S srednje visokim pasom in iz naravnih vlaken, ki zagotavljajo dodatno mehkobo obla\u010dila. Nevidni in ploski \u0161ivi prepre\u010dujejo sledi in omogo\u010dajo bolj\u0161o prilagodljivost ter popolno ergonomsko prileganje. Zasnovane za vsakodnevno no\u0161enje.<\/p>\n<p><strong>2 kom v paketu.<\/strong><\/p>\n<p><strong>Sestava:<\/strong> 95% Bomba\u017e, 5% Elastan<\/p>\n<p><strong>Vzdr\u017eevanje: <\/strong>Hla\u010dke lahko perete v stroju za pranje perila na 30\u00b0. Odsvetujemo uporabo belila ali meh\u010dalca in obdelavo v su\u0161ilnem stroju ali z likalnikom.<\/p>\n<p>Na voljo tudi v be\u017e (nude) barvi.<\/p>\n","protected":false},"featured_media":45773,"comment_status":"open","ping_status":"closed","template":"","meta":{"om_disable_all_campaigns":false,"_monsterinsights_skip_tracking":false,"_monsterinsights_sitenote_active":false,"_monsterinsights_sitenote_note":"","_monsterinsights_sitenote_category":0},"product_cat":[42,512],"product_tag":[547,622,1121],"class_list":["post-45857","product","type-product","status-publish","has-post-thumbnail","hentry","product_cat-zenske","product_cat-spodnje-perilo-zenske","product_tag-hlacke","product_tag-spodnje-perilo","product_tag-ysabel-mora"],"bundled_by":[],"bundle_stock_status":"instock","bundle_stock_quantity":null,"bundle_virtual":false,"bundle_layout":"","bundle_add_to_cart_form_location":"","bundle_editable_in_cart":false,"bundle_sold_individually_context":"","bundle_item_grouping":"","bundle_min_size":"","bundle_max_size":"","bundled_items":[],"bundle_sell_ids":[],"aioseo_notices":[],"_links":{"self":[{"href":"https:\/\/www.polzela.com\/si\/wp-json\/wp\/v2\/product\/45857","targetHints":{"allow":["GET"]}}],"collection":[{"href":"https:\/\/www.polzela.com\/si\/wp-json\/wp\/v2\/product"}],"about":[{"href":"https:\/\/www.polzela.com\/si\/wp-json\/wp\/v2\/types\/product"}],"replies":[{"embeddable":true,"href":"https:\/\/www.polzela.com\/si\/wp-json\/wp\/v2\/comments?post=45857"}],"wp:featuredmedia":[{"embeddable":true,"href":"https:\/\/www.polzela.com\/si\/wp-json\/wp\/v2\/media\/45773"}],"wp:attachment":[{"href":"https:\/\/www.polzela.com\/si\/wp-json\/wp\/v2\/media?parent=45857"}],"wp:term":[{"taxonomy":"product_cat","embeddable":true,"href":"https:\/\/www.polzela.com\/si\/wp-json\/wp\/v2\/product_cat?post=45857"},{"taxonomy":"product_tag","embeddable":true,"href":"https:\/\/www.polzela.com\/si\/wp-json\/wp\/v2\/product_tag?post=45857"}],"curies":[{"name":"wp","href":"https:\/\/api.w.org\/{rel}","templated":true}]}}