{"id":45806,"date":"2024-10-10T11:37:45","date_gmt":"2024-10-10T09:37:45","guid":{"rendered":"https:\/\/www.polzela.com\/si\/?post_type=product&#038;p=45806"},"modified":"2026-05-01T17:18:49","modified_gmt":"2026-05-01T15:18:49","slug":"hlacne-nogavice-polzela-bikini-20den-8261","status":"publish","type":"product","link":"https:\/\/www.polzela.com\/si\/product\/hlacne-nogavice-polzela-bikini-20den-8261\/","title":{"rendered":"Hla\u010dne nogavice Polzela Bikini 20den 8261"},"content":{"rendered":"<h2><strong>POLZELA Bikini 20den<br \/>\n<\/strong><\/h2>\n<ul>\n<li>Elegantno izvezen bikini hla\u010dni del,<\/li>\n<li>Mehak in udoben pas vam zagotavlja stabilnost brez neprijetnega ti\u0161\u010danja,<\/li>\n<li>Matirane po dol\u017eini in prosojne v prstih,<\/li>\n<li>Bomba\u017eni vstavek omogo\u010da dobro prileganje k nogi in poskrbi za naravno udobje skozi dan,<\/li>\n<li>Mehke in elasti\u010dne, se odli\u010dno prilegajo vsaki postavi,<\/li>\n<li>Idealne za vsako prilo\u017enost,<\/li>\n<li>Na voljo v ve\u010d barvnih odtenkih.<\/li>\n<\/ul>\n<p>Vsi uporabljeni materiali so zdravju in ko\u017ei prijazni. Oznaka EKO-TEX 100 kon\u010dnim uporabnikom predstavlja dodatne prednosti preverjene varnosti na ko\u017ei.<\/p>\n<p>Izdelki Polzela so okolju prijazni izdelki.<\/p>\n<p>Izdelek je oblikovan v Sloveniji.<\/p>\n","protected":false},"excerpt":{"rendered":"<h2><strong>POLZELA Bikini 20den<br \/>\n<\/strong><\/h2>\n<ul>\n<li>Elegantno izvezen bikini hla\u010dni del,<\/li>\n<li>Mehak in udoben pas vam zagotavlja stabilnost brez neprijetnega ti\u0161\u010danja,<\/li>\n<li>Matirane po dol\u017eini in prosojne v prstih,<\/li>\n<li>Bomba\u017eni vstavek omogo\u010da dobro prileganje k nogi in poskrbi za naravno udobje skozi dan,<\/li>\n<li>Mehke in elasti\u010dne, se odli\u010dno prilegajo vsaki postavi,<\/li>\n<li>Idealne za vsako prilo\u017enost,<\/li>\n<li>Na voljo v ve\u010d barvnih odtenkih.<\/li>\n<\/ul>\n<p>Vsi uporabljeni materiali so zdravju in ko\u017ei prijazni. Oznaka EKO-TEX 100 kon\u010dnim uporabnikom predstavlja dodatne prednosti preverjene varnosti na ko\u017ei.<\/p>\n<p>Izdelki Polzela so okolju prijazni izdelki.<\/p>\n<p>Izdelek je oblikovan v Sloveniji.<\/p>\n[caption id=\"attachment_1536\" align=\"alignleft\" width=\"70\"]<img loading=\"lazy\" decoding=\"async\" class=\"wp-image-1536 size-full\" src=\"https:\/\/www.polzela.com\/si\/wp-content\/uploads\/sites\/2\/2016\/08\/BOMBAZNI-VSTAVEK-e1471331493832.jpg\" alt=\"BOMBAZNI VSTAVEK\" width=\"70\" height=\"70\" \/> Bomba\u017eni vstavek[\/caption]\n[caption id=\"attachment_1535\" align=\"alignleft\" width=\"70\"]<img loading=\"lazy\" decoding=\"async\" class=\"wp-image-1535 size-full\" src=\"https:\/\/www.polzela.com\/si\/wp-content\/uploads\/sites\/2\/2016\/08\/COMFORT-ROBPAS-e1471331245423.jpg\" alt=\"Udoben pas\" width=\"70\" height=\"70\" \/> Udoben pas[\/caption]\n[caption id=\"attachment_1520\" align=\"alignleft\" width=\"70\"]<img loading=\"lazy\" decoding=\"async\" class=\"wp-image-1520 size-full\" src=\"https:\/\/www.polzela.com\/si\/wp-content\/uploads\/sites\/2\/2016\/08\/PLOSKI-SIV-e1471331252338.jpg\" alt=\"\" width=\"70\" height=\"70\" \/> Ploski \u0161iv[\/caption]\n<p>&nbsp;<\/p>\n<p>&nbsp;<\/p>\n<p>&nbsp;<\/p>\n<p>&nbsp;<\/p>\n<p><strong>Sestava:<\/strong><\/p>\n<p>85% poliamid, 14% elastan, 1% bomba\u017e,<\/p>\n<p>&nbsp;<\/p>\n<p>&nbsp;<\/p>\n","protected":false},"featured_media":46348,"comment_status":"open","ping_status":"closed","template":"","meta":{"om_disable_all_campaigns":false,"_monsterinsights_skip_tracking":false,"_monsterinsights_sitenote_active":false,"_monsterinsights_sitenote_note":"","_monsterinsights_sitenote_category":0},"product_cat":[42,374],"product_tag":[1129,890,857],"class_list":["post-45806","product","type-product","status-publish","has-post-thumbnail","hentry","product_cat-zenske","product_cat-hlacne-nogavice","product_tag-bikini","product_tag-hlacne-nogavice","product_tag-polzela"],"bundled_by":[],"bundle_stock_status":"instock","bundle_stock_quantity":null,"bundle_virtual":false,"bundle_layout":"","bundle_add_to_cart_form_location":"","bundle_editable_in_cart":false,"bundle_sold_individually_context":"","bundle_item_grouping":"","bundle_min_size":"","bundle_max_size":"","bundled_items":[],"bundle_sell_ids":[],"aioseo_notices":[],"_links":{"self":[{"href":"https:\/\/www.polzela.com\/si\/wp-json\/wp\/v2\/product\/45806","targetHints":{"allow":["GET"]}}],"collection":[{"href":"https:\/\/www.polzela.com\/si\/wp-json\/wp\/v2\/product"}],"about":[{"href":"https:\/\/www.polzela.com\/si\/wp-json\/wp\/v2\/types\/product"}],"replies":[{"embeddable":true,"href":"https:\/\/www.polzela.com\/si\/wp-json\/wp\/v2\/comments?post=45806"}],"wp:featuredmedia":[{"embeddable":true,"href":"https:\/\/www.polzela.com\/si\/wp-json\/wp\/v2\/media\/46348"}],"wp:attachment":[{"href":"https:\/\/www.polzela.com\/si\/wp-json\/wp\/v2\/media?parent=45806"}],"wp:term":[{"taxonomy":"product_cat","embeddable":true,"href":"https:\/\/www.polzela.com\/si\/wp-json\/wp\/v2\/product_cat?post=45806"},{"taxonomy":"product_tag","embeddable":true,"href":"https:\/\/www.polzela.com\/si\/wp-json\/wp\/v2\/product_tag?post=45806"}],"curies":[{"name":"wp","href":"https:\/\/api.w.org\/{rel}","templated":true}]}}