{"id":45763,"date":"2024-10-10T00:01:32","date_gmt":"2024-10-09T22:01:32","guid":{"rendered":"https:\/\/www.polzela.com\/si\/?post_type=product&#038;p=45763"},"modified":"2026-01-15T07:46:07","modified_gmt":"2026-01-15T06:46:07","slug":"ysabel-mora-hlacke-19191-1","status":"publish","type":"product","link":"https:\/\/www.polzela.com\/si\/product\/ysabel-mora-hlacke-19191-1\/","title":{"rendered":"YSABEL MORA hla\u010dke 19191"},"content":{"rendered":"<p><strong>Opis izdelka<\/strong><\/p>\n<p>Visoke \u010dipkaste hla\u010dke so zelo \u017eenstveno in \u010dutno spodnje perilo. Nevidnost cvetli\u010dne \u010dipke se zdru\u017euje z mehko neprosojnostjo mikrovlaken. Elasti\u010dne in udobne, z ne\u017enim dizajnom, ki zdru\u017euje kakovost in eleganco.<\/p>\n<p><strong>Sestava:<\/strong> 84% Poliamid, 16% Elastan<\/p>\n<p><strong>Vzdr\u017eevanje: <\/strong>Hla\u010dke lahko perete v stroju za pranje perila na 30\u00b0. Odsvetujemo uporabo belila ali meh\u010dalca in obdelavo v su\u0161ilnem stroju ali z likalnikom.<\/p>\n<p>Na voljo tudi v be\u017e (nude) barvi.<\/p>\n","protected":false},"excerpt":{"rendered":"<p><strong>Opis izdelka<\/strong><\/p>\n<p>Visoke \u010dipkaste hla\u010dke so zelo \u017eenstveno in \u010dutno spodnje perilo. Nevidnost cvetli\u010dne \u010dipke se zdru\u017euje z mehko neprosojnostjo mikrovlaken. Elasti\u010dne in udobne, z ne\u017enim dizajnom, ki zdru\u017euje kakovost in eleganco.<\/p>\n<p><strong>Sestava:<\/strong> 84% Poliamid, 16% Elastan<\/p>\n<p><strong>Vzdr\u017eevanje: <\/strong>Hla\u010dke lahko perete v stroju za pranje perila na 30\u00b0. Odsvetujemo uporabo belila ali meh\u010dalca in obdelavo v su\u0161ilnem stroju ali z likalnikom.<\/p>\n<p>Na voljo tudi v be\u017e (nude) barvi.<\/p>\n","protected":false},"featured_media":45844,"comment_status":"open","ping_status":"closed","template":"","meta":{"om_disable_all_campaigns":false,"_monsterinsights_skip_tracking":false,"_monsterinsights_sitenote_active":false,"_monsterinsights_sitenote_note":"","_monsterinsights_sitenote_category":0},"product_cat":[42,512],"product_tag":[547,622,1121],"class_list":["post-45763","product","type-product","status-publish","has-post-thumbnail","hentry","product_cat-zenske","product_cat-spodnje-perilo-zenske","product_tag-hlacke","product_tag-spodnje-perilo","product_tag-ysabel-mora"],"bundled_by":[],"bundle_stock_status":"instock","bundle_stock_quantity":null,"bundle_virtual":false,"bundle_layout":"","bundle_add_to_cart_form_location":"","bundle_editable_in_cart":false,"bundle_sold_individually_context":"","bundle_item_grouping":"","bundle_min_size":"","bundle_max_size":"","bundled_items":[],"bundle_sell_ids":[],"aioseo_notices":[],"_links":{"self":[{"href":"https:\/\/www.polzela.com\/si\/wp-json\/wp\/v2\/product\/45763","targetHints":{"allow":["GET"]}}],"collection":[{"href":"https:\/\/www.polzela.com\/si\/wp-json\/wp\/v2\/product"}],"about":[{"href":"https:\/\/www.polzela.com\/si\/wp-json\/wp\/v2\/types\/product"}],"replies":[{"embeddable":true,"href":"https:\/\/www.polzela.com\/si\/wp-json\/wp\/v2\/comments?post=45763"}],"wp:featuredmedia":[{"embeddable":true,"href":"https:\/\/www.polzela.com\/si\/wp-json\/wp\/v2\/media\/45844"}],"wp:attachment":[{"href":"https:\/\/www.polzela.com\/si\/wp-json\/wp\/v2\/media?parent=45763"}],"wp:term":[{"taxonomy":"product_cat","embeddable":true,"href":"https:\/\/www.polzela.com\/si\/wp-json\/wp\/v2\/product_cat?post=45763"},{"taxonomy":"product_tag","embeddable":true,"href":"https:\/\/www.polzela.com\/si\/wp-json\/wp\/v2\/product_tag?post=45763"}],"curies":[{"name":"wp","href":"https:\/\/api.w.org\/{rel}","templated":true}]}}