{"id":45759,"date":"2024-10-10T00:01:21","date_gmt":"2024-10-09T22:01:21","guid":{"rendered":"https:\/\/www.polzela.com\/si\/?post_type=product&#038;p=45759"},"modified":"2026-02-09T16:07:49","modified_gmt":"2026-02-09T15:07:49","slug":"ysabel-mora-cipkaste-hlacke-10140","status":"publish","type":"product","link":"https:\/\/www.polzela.com\/si\/product\/ysabel-mora-cipkaste-hlacke-10140\/","title":{"rendered":"YSABEL MORA \u010dipkaste hla\u010dke 10140"},"content":{"rendered":"<p><strong>Opis izdelka<\/strong><\/p>\n<p>Hla\u010dke s \u010dipkastim cvetli\u010dnim dizajnom so definicija prefinjenosti in dodajo poseben pridih tvoji opravi, povzdignejo tvojo samozavest in stil.<\/p>\n<p><strong>Sestava:<\/strong> 90% Poliamid, 10% Elastan<\/p>\n<p><strong>Vzdr\u017eevanje: <\/strong>Hla\u010dke lahko perete v stroju za pranje perila na 30\u00b0. Odsvetujemo uporabo belila ali meh\u010dalca in obdelavo v su\u0161ilnem stroju ali z likalnikom.<\/p>\n<p>Se odli\u010dno poda s \u010dipkastim nedr\u010dkom artikel \u0161tevilka 10134.<\/p>\n","protected":false},"excerpt":{"rendered":"<p><strong>Opis izdelka<\/strong><\/p>\n<p>Hla\u010dke s \u010dipkastim cvetli\u010dnim dizajnom so definicija prefinjenosti in dodajo poseben pridih tvoji opravi, povzdignejo tvojo samozavest in stil.<\/p>\n<p><strong>Sestava:<\/strong> 90% Poliamid, 10% Elastan<\/p>\n<p><strong>Vzdr\u017eevanje: <\/strong>Hla\u010dke lahko perete v stroju za pranje perila na 30\u00b0. Odsvetujemo uporabo belila ali meh\u010dalca in obdelavo v su\u0161ilnem stroju ali z likalnikom.<\/p>\n<p>Se odli\u010dno poda s \u010dipkastim nedr\u010dkom artikel \u0161tevilka 10134.<\/p>\n","protected":false},"featured_media":45848,"comment_status":"open","ping_status":"closed","template":"","meta":{"om_disable_all_campaigns":false,"_monsterinsights_skip_tracking":false,"_monsterinsights_sitenote_active":false,"_monsterinsights_sitenote_note":"","_monsterinsights_sitenote_category":0},"product_cat":[42,512],"product_tag":[547,622,1121],"class_list":["post-45759","product","type-product","status-publish","has-post-thumbnail","hentry","product_cat-zenske","product_cat-spodnje-perilo-zenske","product_tag-hlacke","product_tag-spodnje-perilo","product_tag-ysabel-mora"],"bundled_by":[],"bundle_stock_status":"instock","bundle_stock_quantity":null,"bundle_virtual":false,"bundle_layout":"","bundle_add_to_cart_form_location":"","bundle_editable_in_cart":false,"bundle_sold_individually_context":"","bundle_item_grouping":"","bundle_min_size":"","bundle_max_size":"","bundled_items":[],"bundle_sell_ids":[],"aioseo_notices":[],"_links":{"self":[{"href":"https:\/\/www.polzela.com\/si\/wp-json\/wp\/v2\/product\/45759","targetHints":{"allow":["GET"]}}],"collection":[{"href":"https:\/\/www.polzela.com\/si\/wp-json\/wp\/v2\/product"}],"about":[{"href":"https:\/\/www.polzela.com\/si\/wp-json\/wp\/v2\/types\/product"}],"replies":[{"embeddable":true,"href":"https:\/\/www.polzela.com\/si\/wp-json\/wp\/v2\/comments?post=45759"}],"wp:featuredmedia":[{"embeddable":true,"href":"https:\/\/www.polzela.com\/si\/wp-json\/wp\/v2\/media\/45848"}],"wp:attachment":[{"href":"https:\/\/www.polzela.com\/si\/wp-json\/wp\/v2\/media?parent=45759"}],"wp:term":[{"taxonomy":"product_cat","embeddable":true,"href":"https:\/\/www.polzela.com\/si\/wp-json\/wp\/v2\/product_cat?post=45759"},{"taxonomy":"product_tag","embeddable":true,"href":"https:\/\/www.polzela.com\/si\/wp-json\/wp\/v2\/product_tag?post=45759"}],"curies":[{"name":"wp","href":"https:\/\/api.w.org\/{rel}","templated":true}]}}