{"id":45737,"date":"2024-10-09T00:01:50","date_gmt":"2024-10-08T22:01:50","guid":{"rendered":"https:\/\/www.polzela.com\/si\/?post_type=product&#038;p=45737"},"modified":"2026-03-14T13:03:14","modified_gmt":"2026-03-14T12:03:14","slug":"ysabel-mora-nogavice-pike-16618","status":"publish","type":"product","link":"https:\/\/www.polzela.com\/si\/product\/ysabel-mora-nogavice-pike-16618\/","title":{"rendered":"YSABEL MORA nogavice pike 16618"},"content":{"rendered":"<p><b>Opis izdelka<\/b><\/p>\n<p><span style=\"font-weight: 400\">Nogavice s pik\u010dastim motivom so narejene iz 20den mre\u017easte tkanine.<\/span><\/p>\n<p><span style=\"font-weight: 400\">Mre\u017easta tkanina je \u010dvrsta a prijetna na dotik. Zagotavlja vam sve\u017e in lahkoten ob\u010dutek pri vsakem koraku, medtem ko pik\u010dasti dizajn prina\u0161a pridih zabave in elegance. Idealne so za vse prilo\u017enosti, kjer \u017eelite izstopati in se po\u010dutiti posebno!<\/span><\/p>\n<p><b>Nasvet za no\u0161enje: <\/b><span style=\"font-weight: 400\">Primerne za vsak dan in mnoge prilo\u017enosti. Kombinirajte jih z balerinkami ali podobnimi nizkimi \u010devlji ali pa z njimi popestrite bolj formalni stajling.\u00a0<\/span><\/p>\n<p><b>Sestava:<\/b><span style=\"font-weight: 400\">\u00a0 89% Poliamid 11% Elastan<\/span><\/p>\n<p><b>Skrb za produkt: <\/b><span style=\"font-weight: 400\">Nogavice lahko perete v stroju za pranje perila na 30\u00b0. Odsvetujemo uporabo belila ali meh\u010dalca in obdelavo v su\u0161ilnem stroju ali z likalnikom.<\/span><strong>\u00a0<\/strong><\/p>\n","protected":false},"excerpt":{"rendered":"<p><strong>Opis izdelka<\/strong><\/p>\n<p>Nogavice s pik\u010dastim motivom so narejene iz 20den mre\u017easte tkanine.<\/p>\n<p>Mre\u017easta tkanina je \u010dvrsta a prijetna na dotik. Zagotavlja vam sve\u017e in lahkoten ob\u010dutek pri vsakem koraku, medtem ko pik\u010dasti dizajn prina\u0161a pridih zabave in elegance. Idealne so za vse prilo\u017enosti, kjer \u017eelite izstopati in se po\u010dutiti posebno!<\/p>\n<p><strong>Sestava:<\/strong>\u00a0 89% Poliamid 11% Elastan<\/p>\n<div id=\"slick-slide00\" class=\"inst-item slick-slide slick-current slick-active\" role=\"tabpanel\" data-slick-index=\"0\" aria-hidden=\"false\" aria-describedby=\"slick-slide-control00\">\n<div class=\"instructions\">\n<p>&nbsp;<\/p>\n<\/div>\n<\/div>\n<p>&nbsp;<\/p>\n<div id=\"slick-slide01\" class=\"inst-item slick-slide slick-current slick-active\" role=\"tabpanel\" data-slick-index=\"1\" aria-hidden=\"false\" aria-describedby=\"slick-slide-control01\">\n<div class=\"instructions\"><\/div>\n<\/div>\n","protected":false},"featured_media":45632,"comment_status":"open","ping_status":"closed","template":"","meta":{"om_disable_all_campaigns":false,"_monsterinsights_skip_tracking":false,"_monsterinsights_sitenote_active":false,"_monsterinsights_sitenote_note":"","_monsterinsights_sitenote_category":0},"product_cat":[42,373],"product_tag":[816,768,1121],"class_list":["post-45737","product","type-product","status-publish","has-post-thumbnail","hentry","product_cat-zenske","product_cat-zenske-nogavice","product_tag-den","product_tag-nogavice","product_tag-ysabel-mora"],"bundled_by":[],"bundle_stock_status":"instock","bundle_stock_quantity":null,"bundle_virtual":false,"bundle_layout":"","bundle_add_to_cart_form_location":"","bundle_editable_in_cart":false,"bundle_sold_individually_context":"","bundle_item_grouping":"","bundle_min_size":"","bundle_max_size":"","bundled_items":[],"bundle_sell_ids":[],"aioseo_notices":[],"_links":{"self":[{"href":"https:\/\/www.polzela.com\/si\/wp-json\/wp\/v2\/product\/45737","targetHints":{"allow":["GET"]}}],"collection":[{"href":"https:\/\/www.polzela.com\/si\/wp-json\/wp\/v2\/product"}],"about":[{"href":"https:\/\/www.polzela.com\/si\/wp-json\/wp\/v2\/types\/product"}],"replies":[{"embeddable":true,"href":"https:\/\/www.polzela.com\/si\/wp-json\/wp\/v2\/comments?post=45737"}],"wp:featuredmedia":[{"embeddable":true,"href":"https:\/\/www.polzela.com\/si\/wp-json\/wp\/v2\/media\/45632"}],"wp:attachment":[{"href":"https:\/\/www.polzela.com\/si\/wp-json\/wp\/v2\/media?parent=45737"}],"wp:term":[{"taxonomy":"product_cat","embeddable":true,"href":"https:\/\/www.polzela.com\/si\/wp-json\/wp\/v2\/product_cat?post=45737"},{"taxonomy":"product_tag","embeddable":true,"href":"https:\/\/www.polzela.com\/si\/wp-json\/wp\/v2\/product_tag?post=45737"}],"curies":[{"name":"wp","href":"https:\/\/api.w.org\/{rel}","templated":true}]}}