{"id":45725,"date":"2024-10-09T00:01:43","date_gmt":"2024-10-08T22:01:43","guid":{"rendered":"https:\/\/www.polzela.com\/si\/?post_type=product&#038;p=45725"},"modified":"2026-02-19T17:15:47","modified_gmt":"2026-02-19T16:15:47","slug":"ysabel-mora-hlacne-nogavice-srce-16614","status":"publish","type":"product","link":"https:\/\/www.polzela.com\/si\/product\/ysabel-mora-hlacne-nogavice-srce-16614\/","title":{"rendered":"YSABEL MORA hla\u010dne nogavice srce 16614"},"content":{"rendered":"<p><b>Opis izdelka<\/b><\/p>\n<p><span style=\"font-weight: 400\">Hla\u010dne nogavice z motivom srca so narejene iz 20den mre\u017easte tkanine.<\/span><\/p>\n<p><span style=\"font-weight: 400\">Za igriv in \u017eenstven stajling. Narejene so iz kvalitetne 20den mre\u017easte tkanine, ki diha. Kar vam zagotavlja sve\u017e in lahkoten ob\u010dutek pri vsakem koraku, medtem ko vam dizajn prina\u0161a pridih zabave in elegance. Idealne so za vse prilo\u017enosti, kjer \u017eelite izstopati in se po\u010dutiti posebno!<\/span><\/p>\n<p><b>Nasvet za no\u0161enje: <\/b><span style=\"font-weight: 400\">Primerne za vsak dan in mnoge prilo\u017enosti. Z unikatnim in igrivim dizajnom popestrite tudi formalne stajlinge.<\/span><\/p>\n<p><b>Sestava:<\/b><span style=\"font-weight: 400\">\u00a0 88% Poliamid 12% Elastan<\/span><\/p>\n<p><b>Skrb za produkt: <\/b><span style=\"font-weight: 400\">Nogavice lahko perete v stroju za pranje perila na 30\u00b0. Odsvetujemo uporabo belila ali meh\u010dalca in obdelavo v su\u0161ilnem stroju ali z likalnikom.<\/span><\/p>\n<p>&nbsp;<\/p>\n","protected":false},"excerpt":{"rendered":"<p><b>Opis izdelka<\/b><\/p>\n<p><span style=\"font-weight: 400\">Hla\u010dne nogavice z motivom srca so narejene iz 20den mre\u017easte tkanine.<\/span><\/p>\n<p><span style=\"font-weight: 400\">Za igriv in \u017eenstven stajling. Narejene so iz kvalitetne 20den mre\u017easte tkanine, ki diha. Kar vam zagotavlja sve\u017e in lahkoten ob\u010dutek pri vsakem koraku, medtem ko vam dizajn prina\u0161a pridih zabave in elegance. Idealne so za vse prilo\u017enosti, kjer \u017eelite izstopati in se po\u010dutiti posebno!<\/span><\/p>\n<p><b>Sestava:<\/b><span style=\"font-weight: 400\">\u00a0 88% Poliamid 12% Elastan<\/span><\/p>\n","protected":false},"featured_media":45619,"comment_status":"open","ping_status":"closed","template":"","meta":{"om_disable_all_campaigns":false,"_monsterinsights_skip_tracking":false,"_monsterinsights_sitenote_active":false,"_monsterinsights_sitenote_note":"","_monsterinsights_sitenote_category":0},"product_cat":[42,374],"product_tag":[890,1121],"class_list":["post-45725","product","type-product","status-publish","has-post-thumbnail","hentry","product_cat-zenske","product_cat-hlacne-nogavice","product_tag-hlacne-nogavice","product_tag-ysabel-mora"],"bundled_by":[],"bundle_stock_status":"instock","bundle_stock_quantity":null,"bundle_virtual":false,"bundle_layout":"","bundle_add_to_cart_form_location":"","bundle_editable_in_cart":false,"bundle_sold_individually_context":"","bundle_item_grouping":"","bundle_min_size":"","bundle_max_size":"","bundled_items":[],"bundle_sell_ids":[],"aioseo_notices":[],"_links":{"self":[{"href":"https:\/\/www.polzela.com\/si\/wp-json\/wp\/v2\/product\/45725","targetHints":{"allow":["GET"]}}],"collection":[{"href":"https:\/\/www.polzela.com\/si\/wp-json\/wp\/v2\/product"}],"about":[{"href":"https:\/\/www.polzela.com\/si\/wp-json\/wp\/v2\/types\/product"}],"replies":[{"embeddable":true,"href":"https:\/\/www.polzela.com\/si\/wp-json\/wp\/v2\/comments?post=45725"}],"wp:featuredmedia":[{"embeddable":true,"href":"https:\/\/www.polzela.com\/si\/wp-json\/wp\/v2\/media\/45619"}],"wp:attachment":[{"href":"https:\/\/www.polzela.com\/si\/wp-json\/wp\/v2\/media?parent=45725"}],"wp:term":[{"taxonomy":"product_cat","embeddable":true,"href":"https:\/\/www.polzela.com\/si\/wp-json\/wp\/v2\/product_cat?post=45725"},{"taxonomy":"product_tag","embeddable":true,"href":"https:\/\/www.polzela.com\/si\/wp-json\/wp\/v2\/product_tag?post=45725"}],"curies":[{"name":"wp","href":"https:\/\/api.w.org\/{rel}","templated":true}]}}