{"id":45697,"date":"2024-10-10T00:01:53","date_gmt":"2024-10-09T22:01:53","guid":{"rendered":"https:\/\/www.polzela.com\/si\/?post_type=product&#038;p=45697"},"modified":"2026-01-06T11:01:10","modified_gmt":"2026-01-06T10:01:10","slug":"ysabel-mora-podlozen-nedrcek-10027","status":"publish","type":"product","link":"https:\/\/www.polzela.com\/si\/product\/ysabel-mora-podlozen-nedrcek-10027\/","title":{"rendered":"YSABEL MORA podlo\u017een nedr\u010dek 10027"},"content":{"rendered":"<p><strong>Opis izdelka<\/strong><\/p>\n<p>Nedr\u010dek je v notranjosti podlo\u017een z mikrovlakni, kar zagotavlja mehkobo za vsakodnevno dobro po\u010dutje. Premi\u0161ljene linije ko\u0161aric in detajli iz tila pa dodajo dizajnu dodatno ne\u017enost in \u010dutnost.\u00a0Kovinski regulatorji omogo\u010dajo enostavno prilagajanje vi\u0161ine naramnic za popolno prileganje vsaki postavi. Podlo\u017eeno notranje zapenjanje nedr\u010dka poskrbi za udobje brez drgnjenja hrbti\u0161\u010da.<\/p>\n<p><strong>Sestava:<\/strong> 75% Poliamid, 25% Elastan<\/p>\n<p><strong>Vzdr\u017eevanje: <\/strong>Nedr\u010dek lahko perete v stroju za pranje perila na 30\u00b0. Odsvetujemo uporabo belila ali meh\u010dalca in obdelavo v su\u0161ilnem stroju ali z likalnikom.<\/p>\n<p>Na voljo tudi v ko\u017eni (nude) in vijoli\u010dni barvi.<\/p>\n<p><em>Velikosti obsega so manj\u0161e kot obi\u010dajno zato p<\/em><em>riporo\u010damo, da naro\u010dite ve\u010djo velikost. Na primer: \u010ce nosite 80C velikost, naro\u010dite 90C.<\/em><\/p>\n","protected":false},"excerpt":{"rendered":"<p><strong>Opis izdelka<\/strong><\/p>\n<p>Nedr\u010dek je v notranjosti podlo\u017een z mikrovlakni, kar zagotavlja mehkobo za vsakodnevno dobro po\u010dutje. Premi\u0161ljene linije ko\u0161aric in detajli iz tila pa dodajo dizajnu dodatno ne\u017enost in \u010dutnost.\u00a0Kovinski regulatorji omogo\u010dajo enostavno prilagajanje vi\u0161ine naramnic za popolno prileganje vsaki postavi. Podlo\u017eeno notranje zapenjanje nedr\u010dka poskrbi za udobje brez drgnjenja hrbti\u0161\u010da.<\/p>\n<p><strong>Sestava:<\/strong> 75% Poliamid, 25% Elastan<\/p>\n<p><strong>Vzdr\u017eevanje: <\/strong>Nedr\u010dek lahko perete v stroju za pranje perila na 30\u00b0. Odsvetujemo uporabo belila ali meh\u010dalca in obdelavo v su\u0161ilnem stroju ali z likalnikom.<\/p>\n<p>Na voljo tudi v ko\u017eni (nude) in vijoli\u010dni barvi.<\/p>\n<p>&nbsp;<\/p>\n","protected":false},"featured_media":45845,"comment_status":"open","ping_status":"closed","template":"","meta":{"om_disable_all_campaigns":false,"_monsterinsights_skip_tracking":false,"_monsterinsights_sitenote_active":false,"_monsterinsights_sitenote_note":"","_monsterinsights_sitenote_category":0},"product_cat":[42,512],"product_tag":[670,622,1121],"class_list":["post-45697","product","type-product","status-publish","has-post-thumbnail","hentry","product_cat-zenske","product_cat-spodnje-perilo-zenske","product_tag-nedrcek","product_tag-spodnje-perilo","product_tag-ysabel-mora"],"bundled_by":[],"bundle_stock_status":"instock","bundle_stock_quantity":null,"bundle_virtual":false,"bundle_layout":"","bundle_add_to_cart_form_location":"","bundle_editable_in_cart":false,"bundle_sold_individually_context":"","bundle_item_grouping":"","bundle_min_size":"","bundle_max_size":"","bundled_items":[],"bundle_sell_ids":[],"aioseo_notices":[],"_links":{"self":[{"href":"https:\/\/www.polzela.com\/si\/wp-json\/wp\/v2\/product\/45697","targetHints":{"allow":["GET"]}}],"collection":[{"href":"https:\/\/www.polzela.com\/si\/wp-json\/wp\/v2\/product"}],"about":[{"href":"https:\/\/www.polzela.com\/si\/wp-json\/wp\/v2\/types\/product"}],"replies":[{"embeddable":true,"href":"https:\/\/www.polzela.com\/si\/wp-json\/wp\/v2\/comments?post=45697"}],"wp:featuredmedia":[{"embeddable":true,"href":"https:\/\/www.polzela.com\/si\/wp-json\/wp\/v2\/media\/45845"}],"wp:attachment":[{"href":"https:\/\/www.polzela.com\/si\/wp-json\/wp\/v2\/media?parent=45697"}],"wp:term":[{"taxonomy":"product_cat","embeddable":true,"href":"https:\/\/www.polzela.com\/si\/wp-json\/wp\/v2\/product_cat?post=45697"},{"taxonomy":"product_tag","embeddable":true,"href":"https:\/\/www.polzela.com\/si\/wp-json\/wp\/v2\/product_tag?post=45697"}],"curies":[{"name":"wp","href":"https:\/\/api.w.org\/{rel}","templated":true}]}}