{"id":45562,"date":"2024-10-10T00:01:15","date_gmt":"2024-10-09T22:01:15","guid":{"rendered":"https:\/\/www.polzela.com\/si\/?post_type=product&#038;p=45562"},"modified":"2026-03-13T11:50:14","modified_gmt":"2026-03-13T10:50:14","slug":"ysabel-mora-podlozen-nedrcek-10025-2","status":"publish","type":"product","link":"https:\/\/www.polzela.com\/si\/product\/ysabel-mora-podlozen-nedrcek-10025-2\/","title":{"rendered":"YSABEL MORA podlo\u017een nedr\u010dek 10025"},"content":{"rendered":"<p><strong>Opis izdelka<\/strong><\/p>\n<p>Nedr\u010dek v \u010drni barvi z mehkimi ko\u0161aricami in naramnicami, ki se lepo prilegajo, tako da so pod obla\u010dili prakti\u010dno nevidne in ne pu\u0161\u010dajo sledi. Kovinski regulatorji omogo\u010dajo enostavno prilagajanje vi\u0161ine naramnic za popolno prileganje. Podlo\u017eeno notranje zapenjanje nedr\u010dka poskrbi za udobje brez drgnjenja hrbti\u0161\u010da.<\/p>\n<p><strong>Sestava:<\/strong> 75% Polyamide, 25% Elastane<\/p>\n<p><strong>Vzdr\u017eevanje: <\/strong>Nedr\u010dek lahko perete v stroju za pranje perila na 30\u00b0. Odsvetujemo uporabo belila ali meh\u010dalca in obdelavo v su\u0161ilnem stroju ali z likalnikom.<\/p>\n<p>Na voljo tudi v ko\u017eni (nude) barvi.<\/p>\n<p><em>Velikosti obsega so manj\u0161e kot obi\u010dajno zato p<\/em><em>riporo\u010damo, da naro\u010dite ve\u010djo velikost. Na primer: \u010ce nosite 80C velikost, naro\u010dite 90C.<\/em><\/p>\n","protected":false},"excerpt":{"rendered":"<p><strong>Opis izdelka<\/strong><\/p>\n<p>Nedr\u010dek v \u010drni barvi z mehkimi ko\u0161aricami in naramnicami, ki se lepo prilegajo, tako da so pod obla\u010dili prakti\u010dno nevidne in ne pu\u0161\u010dajo sledi. Kovinski regulatorji omogo\u010dajo enostavno prilagajanje vi\u0161ine naramnic za popolno prileganje. Podlo\u017eeno notranje zapenjanje nedr\u010dka poskrbi za udobje brez drgnjenja hrbti\u0161\u010da.<\/p>\n<p><strong>Sestava:<\/strong> 75% Polyamide, 25% Elastane<\/p>\n<p><strong>Vzdr\u017eevanje: <\/strong>Nedr\u010dek lahko perete v stroju za pranje perila na 30\u00b0. Odsvetujemo uporabo belila ali meh\u010dalca in obdelavo v su\u0161ilnem stroju ali z likalnikom.<\/p>\n<p>Na voljo tudi v ko\u017eni (nude) barvi.<\/p>\n<p>&nbsp;<\/p>\n","protected":false},"featured_media":45849,"comment_status":"open","ping_status":"closed","template":"","meta":{"om_disable_all_campaigns":false,"_monsterinsights_skip_tracking":false,"_monsterinsights_sitenote_active":false,"_monsterinsights_sitenote_note":"","_monsterinsights_sitenote_category":0},"product_cat":[42,512],"product_tag":[670,622,1121],"class_list":["post-45562","product","type-product","status-publish","has-post-thumbnail","hentry","product_cat-zenske","product_cat-spodnje-perilo-zenske","product_tag-nedrcek","product_tag-spodnje-perilo","product_tag-ysabel-mora"],"bundled_by":[],"bundle_stock_status":"instock","bundle_stock_quantity":null,"bundle_virtual":false,"bundle_layout":"","bundle_add_to_cart_form_location":"","bundle_editable_in_cart":false,"bundle_sold_individually_context":"","bundle_item_grouping":"","bundle_min_size":"","bundle_max_size":"","bundled_items":[],"bundle_sell_ids":[],"aioseo_notices":[],"_links":{"self":[{"href":"https:\/\/www.polzela.com\/si\/wp-json\/wp\/v2\/product\/45562","targetHints":{"allow":["GET"]}}],"collection":[{"href":"https:\/\/www.polzela.com\/si\/wp-json\/wp\/v2\/product"}],"about":[{"href":"https:\/\/www.polzela.com\/si\/wp-json\/wp\/v2\/types\/product"}],"replies":[{"embeddable":true,"href":"https:\/\/www.polzela.com\/si\/wp-json\/wp\/v2\/comments?post=45562"}],"wp:featuredmedia":[{"embeddable":true,"href":"https:\/\/www.polzela.com\/si\/wp-json\/wp\/v2\/media\/45849"}],"wp:attachment":[{"href":"https:\/\/www.polzela.com\/si\/wp-json\/wp\/v2\/media?parent=45562"}],"wp:term":[{"taxonomy":"product_cat","embeddable":true,"href":"https:\/\/www.polzela.com\/si\/wp-json\/wp\/v2\/product_cat?post=45562"},{"taxonomy":"product_tag","embeddable":true,"href":"https:\/\/www.polzela.com\/si\/wp-json\/wp\/v2\/product_tag?post=45562"}],"curies":[{"name":"wp","href":"https:\/\/api.w.org\/{rel}","templated":true}]}}