{"id":45484,"date":"2024-10-03T09:13:24","date_gmt":"2024-10-03T07:13:24","guid":{"rendered":"https:\/\/www.polzela.com\/si\/?post_type=product&#038;p=45484"},"modified":"2026-05-03T19:54:11","modified_gmt":"2026-05-03T17:54:11","slug":"hlacne-nogavice-polzela-body-control-40den-art-8224","status":"publish","type":"product","link":"https:\/\/www.polzela.com\/si\/product\/hlacne-nogavice-polzela-body-control-40den-art-8224\/","title":{"rendered":"Hla\u010dne nogavice Polzela Body control 40den art. 8224"},"content":{"rendered":"<h2><strong>POLZELA Body control 40den<br \/>\n<\/strong><\/h2>\n<ul>\n<li>S push-up u\u010dinkom, ki vam lepo oblikuje postavo,<\/li>\n<li>\u0160irok in udoben pas vam zagotavlja stabilnost brez neprijetnega ti\u0161\u010danja,<\/li>\n<li>Mehke in elasti\u010dne, se odli\u010dno prilegajo vsaki postavi,<\/li>\n<li>Prosojne v dol\u017eini in v prstih,<\/li>\n<li>Bomba\u017eni vstavek omogo\u010da dobro prileganje k nogi in poskrbi za naravno udobje skozi dan,<\/li>\n<li>Na voljo v prozornem barvnem odtenku, so idealne za vsako prilo\u017enost.<\/li>\n<\/ul>\n<p>Vsi uporabljeni materiali so zdravju in ko\u017ei prijazni. Oznaka EKO-TEX 100 kon\u010dnim uporabnikom predstavlja dodatne prednosti preverjene varnosti na ko\u017ei. Izdelki Polzela so okolju prijazni izdelki.<\/p>\n<p>Izdelek je oblikovan v Sloveniji.<\/p>\n","protected":false},"excerpt":{"rendered":"<p><strong>Opis izdelka:<\/strong><\/p>\n<p>\u017denske hla\u010dne nogavice Body Control za oblikovanje postave s push-up u\u010dinkom, ki dvigne in oblikuje va\u0161 trebu\u0161\u010dek in boke.<\/p>\n<p>Zaradi elasti\u010dnosti in mehkobe, se odli\u010dno prilegajo vsaki postavi, \u0161irok in udoben pas pa vam zagotavlja popolno podporo.<\/p>\n[caption id=\"attachment_1536\" align=\"alignleft\" width=\"70\"]<img loading=\"lazy\" decoding=\"async\" class=\"wp-image-1536 size-full\" src=\"https:\/\/www.polzela.com\/si\/wp-content\/uploads\/sites\/2\/2016\/08\/BOMBAZNI-VSTAVEK-e1471331493832.jpg\" alt=\"BOMBAZNI VSTAVEK\" width=\"70\" height=\"70\" \/> Bomba\u017eni vstavek[\/caption]\n[caption id=\"attachment_1535\" align=\"alignleft\" width=\"70\"]<img loading=\"lazy\" decoding=\"async\" class=\"wp-image-1535 size-full\" src=\"https:\/\/www.polzela.com\/si\/wp-content\/uploads\/sites\/2\/2016\/08\/COMFORT-ROBPAS-e1471331245423.jpg\" alt=\"Udoben pas\" width=\"70\" height=\"70\" \/> Udoben pas[\/caption]\n[caption id=\"attachment_1539\" align=\"alignleft\" width=\"70\"]<img loading=\"lazy\" decoding=\"async\" class=\"wp-image-1539 size-full\" src=\"https:\/\/www.polzela.com\/si\/wp-content\/uploads\/sites\/2\/2016\/08\/PUSH-UP-e1471333836845.jpg\" alt=\"Push-up\" width=\"70\" height=\"70\" \/> Push-up[\/caption]\n<p>&nbsp;<\/p>\n<p>&nbsp;<\/p>\n<p>&nbsp;<\/p>\n<p>&nbsp;<\/p>\n<p><strong>Sestava:<\/strong><\/p>\n<p>78% poliamid, 19% elastan, 3% bomba\u017e,<\/p>\n<p>&nbsp;<\/p>\n<p>&nbsp;<\/p>\n","protected":false},"featured_media":45505,"comment_status":"open","ping_status":"closed","template":"","meta":{"om_disable_all_campaigns":false,"_monsterinsights_skip_tracking":false,"_monsterinsights_sitenote_active":false,"_monsterinsights_sitenote_note":"","_monsterinsights_sitenote_category":0},"product_cat":[42,374],"product_tag":[890,857,888],"class_list":["post-45484","product","type-product","status-publish","has-post-thumbnail","hentry","product_cat-zenske","product_cat-hlacne-nogavice","product_tag-hlacne-nogavice","product_tag-polzela","product_tag-polzela-nogavice"],"bundled_by":[],"bundle_stock_status":"instock","bundle_stock_quantity":null,"bundle_virtual":false,"bundle_layout":"","bundle_add_to_cart_form_location":"","bundle_editable_in_cart":false,"bundle_sold_individually_context":"","bundle_item_grouping":"","bundle_min_size":"","bundle_max_size":"","bundled_items":[],"bundle_sell_ids":[],"aioseo_notices":[],"_links":{"self":[{"href":"https:\/\/www.polzela.com\/si\/wp-json\/wp\/v2\/product\/45484","targetHints":{"allow":["GET"]}}],"collection":[{"href":"https:\/\/www.polzela.com\/si\/wp-json\/wp\/v2\/product"}],"about":[{"href":"https:\/\/www.polzela.com\/si\/wp-json\/wp\/v2\/types\/product"}],"replies":[{"embeddable":true,"href":"https:\/\/www.polzela.com\/si\/wp-json\/wp\/v2\/comments?post=45484"}],"wp:featuredmedia":[{"embeddable":true,"href":"https:\/\/www.polzela.com\/si\/wp-json\/wp\/v2\/media\/45505"}],"wp:attachment":[{"href":"https:\/\/www.polzela.com\/si\/wp-json\/wp\/v2\/media?parent=45484"}],"wp:term":[{"taxonomy":"product_cat","embeddable":true,"href":"https:\/\/www.polzela.com\/si\/wp-json\/wp\/v2\/product_cat?post=45484"},{"taxonomy":"product_tag","embeddable":true,"href":"https:\/\/www.polzela.com\/si\/wp-json\/wp\/v2\/product_tag?post=45484"}],"curies":[{"name":"wp","href":"https:\/\/api.w.org\/{rel}","templated":true}]}}